{"id":55271,"date":"2025-07-07T17:04:12","date_gmt":"2025-07-08T00:04:12","guid":{"rendered":"https:\/\/www-bromic-de.bromicpimstg.sites.hosting.454.agency\/?post_type=product&#038;p=55271"},"modified":"2025-09-24T19:17:23","modified_gmt":"2025-09-25T02:17:23","slug":"platinum-electric-deckeneinbausatz-niedrige-deckenhoehen","status":"publish","type":"product","link":"https:\/\/www-bromic-de.bromicpimstg.sites.hosting.454.agency\/de\/produkt\/platinum-electric-deckeneinbausatz-niedrige-deckenhoehen\/","title":{"rendered":"Platinum Einbausatz f\u00fcr geringe Einbautiefe"},"content":{"rendered":"<p data-start=\"1069\" data-end=\"1589\">Integrieren Sie Ihre Bromic Platinum Smart-Heat\u2122 Electric Heizger\u00e4te mit unserem einzigartigen Einbausatz, der eine fl\u00e4chenb\u00fcndige Montage bei nur 180 mm Deckenaussparung erm\u00f6glicht. Der UL-zertifizierte Einbausatz f\u00fcr niedrige Einbautiefe ist sowohl f\u00fcr Neubauten als auch Nachr\u00fcstungen geeignet und verf\u00fcgt \u00fcber einen integrierten Rahmen zur Temperaturkontrolle, was den Montageaufwand verringert und den Einbau erleichtert.<\/p>\n<p data-start=\"1591\" data-end=\"2082\">Dieses Kit enth\u00e4lt alle Teile und Montagematerialien f\u00fcr den Einbau der Modelle Platinum und Platinum Marine \u2013 f\u00fcr eine einfache Installation ohne Kompromisse an Ihre moderne, klare \u00c4sthetik.<\/p>\n<p>Das Einbaukit f\u00fcr geringe Deckenabst\u00e4nde ist mit einem integrierten K\u00fchlventilator ausgestattet, der eine eigene Stromversorgung ben\u00f6tigt, unabh\u00e4ngig vom elektrischen Anschluss des Heizstrahlers. F\u00fcr Verkabelungsspezifikationen und Installationsanforderungen beachten Sie bitte das Installationshandbuch.<\/p>\n<p>&nbsp;<\/p>\n","protected":false},"excerpt":{"rendered":"<p>Schaffen Sie ein modernes, fl\u00e4chenb\u00fcndiges und minimalistisches Erscheinungsbild mit unseren hochwertigen Einbaus\u00e4tzen. Ob Neubau oder Renovierung \u2013 die Platinum Recess Kits erm\u00f6glichen eine elegante und nahtlose Installation elektrischer Heizger\u00e4te.<\/p>\n","protected":false},"featured_media":55280,"comment_status":"closed","ping_status":"closed","template":"","meta":{"_acf_changed":false},"product_brand":[],"product_cat":[15,515],"product_tag":[],"class_list":{"0":"post-55271","1":"product","2":"type-product","3":"status-publish","4":"has-post-thumbnail","6":"product-collection-marine-de","7":"product-collection-platinum-de","8":"product-install-type-deckeneinbau-de","9":"product-fuel-type-elektrisch-de","10":"product-color-rostfreier-stahl-de","11":"product_cat-heizstrahler-de","12":"product_cat-zubehor-de","14":"first","15":"instock","16":"shipping-taxable","17":"product-type-variable"},"acf":[],"yoast_head":"<!-- This site is optimized with the Yoast SEO plugin v26.1.1 - https:\/\/yoast.com\/wordpress\/plugins\/seo\/ -->\n<title>Bromic Heating Deutschland - Platinum Einbausatz f\u00fcr geringe Einbautiefe<\/title>\n<meta name=\"description\" content=\"Unsere Au\u00dfenheizger\u00e4te bieten das perfekte Gleichgewicht aus Funktionalit\u00e4t und Sch\u00f6nheit. Kostenloser Designservice \u2713 Beste Preise \u2713 3 Jahre Garantie \u2713\" \/>\n<meta name=\"robots\" content=\"index, follow, max-snippet:-1, max-image-preview:large, max-video-preview:-1\" \/>\n<link rel=\"canonical\" href=\"https:\/\/www-bromic-de.bromicpimstg.sites.hosting.454.agency\/de\/produkt\/platinum-electric-deckeneinbausatz-niedrige-deckenhoehen\/\" \/>\n<meta property=\"og:locale\" content=\"de_DE\" \/>\n<meta property=\"og:type\" content=\"article\" \/>\n<meta property=\"og:title\" content=\"Bromic Heating Deutschland - Platinum Einbausatz f\u00fcr geringe Einbautiefe\" \/>\n<meta property=\"og:description\" content=\"Unsere Au\u00dfenheizger\u00e4te bieten das perfekte Gleichgewicht aus Funktionalit\u00e4t und Sch\u00f6nheit. Kostenloser Designservice \u2713 Beste Preise \u2713 3 Jahre Garantie \u2713\" \/>\n<meta property=\"og:url\" content=\"https:\/\/www-bromic-de.bromicpimstg.sites.hosting.454.agency\/de\/produkt\/platinum-electric-deckeneinbausatz-niedrige-deckenhoehen\/\" \/>\n<meta property=\"og:site_name\" content=\"Bromic Heating Deutschland\" \/>\n<meta property=\"article:modified_time\" content=\"2025-09-25T02:17:23+00:00\" \/>\n<meta property=\"og:image\" content=\"https:\/\/www-bromic-de.bromicpimstg.sites.hosting.454.agency\/wp-content\/uploads\/sites\/9\/2025\/07\/LCRecessKit_c24102ba-d2d9-4eef-b8a7-0b2a05fa972f-1-1600x1600.png\" \/>\n\t<meta property=\"og:image:width\" content=\"1600\" \/>\n\t<meta property=\"og:image:height\" content=\"1600\" \/>\n\t<meta property=\"og:image:type\" content=\"image\/png\" \/>\n<meta name=\"twitter:card\" content=\"summary_large_image\" \/>\n<meta name=\"twitter:label1\" content=\"Gesch\u00e4tzte Lesezeit\" \/>\n\t<meta name=\"twitter:data1\" content=\"1\u00a0Minute\" \/>\n<script type=\"application\/ld+json\" class=\"yoast-schema-graph\">{\"@context\":\"https:\/\/schema.org\",\"@graph\":[{\"@type\":\"WebPage\",\"@id\":\"https:\/\/www-bromic-de.bromicpimstg.sites.hosting.454.agency\/de\/produkt\/platinum-electric-deckeneinbausatz-niedrige-deckenhoehen\/\",\"url\":\"https:\/\/www-bromic-de.bromicpimstg.sites.hosting.454.agency\/de\/produkt\/platinum-electric-deckeneinbausatz-niedrige-deckenhoehen\/\",\"name\":\"Bromic Heating Deutschland - Platinum Einbausatz f\u00fcr geringe Einbautiefe\",\"isPartOf\":{\"@id\":\"https:\/\/www-bromic-de.bromicpimstg.sites.hosting.454.agency\/de\/#website\"},\"primaryImageOfPage\":{\"@id\":\"https:\/\/www-bromic-de.bromicpimstg.sites.hosting.454.agency\/de\/produkt\/platinum-electric-deckeneinbausatz-niedrige-deckenhoehen\/#primaryimage\"},\"image\":{\"@id\":\"https:\/\/www-bromic-de.bromicpimstg.sites.hosting.454.agency\/de\/produkt\/platinum-electric-deckeneinbausatz-niedrige-deckenhoehen\/#primaryimage\"},\"thumbnailUrl\":\"https:\/\/www-bromic-de.bromicpimstg.sites.hosting.454.agency\/wp-content\/uploads\/sites\/9\/2025\/07\/LCRecessKit_c24102ba-d2d9-4eef-b8a7-0b2a05fa972f-1.png\",\"datePublished\":\"2025-07-08T00:04:12+00:00\",\"dateModified\":\"2025-09-25T02:17:23+00:00\",\"description\":\"Unsere Au\u00dfenheizger\u00e4te bieten das perfekte Gleichgewicht aus Funktionalit\u00e4t und Sch\u00f6nheit. Kostenloser Designservice \u2713 Beste Preise \u2713 3 Jahre Garantie \u2713\",\"breadcrumb\":{\"@id\":\"https:\/\/www-bromic-de.bromicpimstg.sites.hosting.454.agency\/de\/produkt\/platinum-electric-deckeneinbausatz-niedrige-deckenhoehen\/#breadcrumb\"},\"inLanguage\":\"de\",\"potentialAction\":[{\"@type\":\"ReadAction\",\"target\":[\"https:\/\/www-bromic-de.bromicpimstg.sites.hosting.454.agency\/de\/produkt\/platinum-electric-deckeneinbausatz-niedrige-deckenhoehen\/\"]}]},{\"@type\":\"ImageObject\",\"inLanguage\":\"de\",\"@id\":\"https:\/\/www-bromic-de.bromicpimstg.sites.hosting.454.agency\/de\/produkt\/platinum-electric-deckeneinbausatz-niedrige-deckenhoehen\/#primaryimage\",\"url\":\"https:\/\/www-bromic-de.bromicpimstg.sites.hosting.454.agency\/wp-content\/uploads\/sites\/9\/2025\/07\/LCRecessKit_c24102ba-d2d9-4eef-b8a7-0b2a05fa972f-1.png\",\"contentUrl\":\"https:\/\/www-bromic-de.bromicpimstg.sites.hosting.454.agency\/wp-content\/uploads\/sites\/9\/2025\/07\/LCRecessKit_c24102ba-d2d9-4eef-b8a7-0b2a05fa972f-1.png\",\"width\":3375,\"height\":3375},{\"@type\":\"BreadcrumbList\",\"@id\":\"https:\/\/www-bromic-de.bromicpimstg.sites.hosting.454.agency\/de\/produkt\/platinum-electric-deckeneinbausatz-niedrige-deckenhoehen\/#breadcrumb\",\"itemListElement\":[{\"@type\":\"ListItem\",\"position\":1,\"name\":\"Startseite\",\"item\":\"https:\/\/www-bromic-de.bromicpimstg.sites.hosting.454.agency\/de\/\"},{\"@type\":\"ListItem\",\"position\":2,\"name\":\"Produkte\",\"item\":\"https:\/\/www-bromic-de.bromicpimstg.sites.hosting.454.agency\/de\/produkte\/\"},{\"@type\":\"ListItem\",\"position\":3,\"name\":\"Platinum Einbausatz f\u00fcr geringe Einbautiefe\"}]},{\"@type\":\"WebSite\",\"@id\":\"https:\/\/www-bromic-de.bromicpimstg.sites.hosting.454.agency\/de\/#website\",\"url\":\"https:\/\/www-bromic-de.bromicpimstg.sites.hosting.454.agency\/de\/\",\"name\":\"Bromic Heating Deutschland\",\"description\":\"\",\"publisher\":{\"@id\":\"https:\/\/www-bromic-de.bromicpimstg.sites.hosting.454.agency\/de\/#organization\"},\"potentialAction\":[{\"@type\":\"SearchAction\",\"target\":{\"@type\":\"EntryPoint\",\"urlTemplate\":\"https:\/\/www-bromic-de.bromicpimstg.sites.hosting.454.agency\/de\/?s={search_term_string}\"},\"query-input\":{\"@type\":\"PropertyValueSpecification\",\"valueRequired\":true,\"valueName\":\"search_term_string\"}}],\"inLanguage\":\"de\"},{\"@type\":\"Organization\",\"@id\":\"https:\/\/www-bromic-de.bromicpimstg.sites.hosting.454.agency\/de\/#organization\",\"name\":\"Bromic Heating Deutschland\",\"url\":\"https:\/\/www-bromic-de.bromicpimstg.sites.hosting.454.agency\/de\/\",\"logo\":{\"@type\":\"ImageObject\",\"inLanguage\":\"de\",\"@id\":\"https:\/\/www-bromic-de.bromicpimstg.sites.hosting.454.agency\/de\/#\/schema\/logo\/image\/\",\"url\":\"https:\/\/www-bromic-de.bromicpimstg.sites.hosting.454.agency\/wp-content\/uploads\/sites\/9\/2021\/09\/bromic-logo.png\",\"contentUrl\":\"https:\/\/www-bromic-de.bromicpimstg.sites.hosting.454.agency\/wp-content\/uploads\/sites\/9\/2021\/09\/bromic-logo.png\",\"width\":1000,\"height\":342,\"caption\":\"Bromic Heating Deutschland\"},\"image\":{\"@id\":\"https:\/\/www-bromic-de.bromicpimstg.sites.hosting.454.agency\/de\/#\/schema\/logo\/image\/\"}}]}<\/script>\n<!-- \/ Yoast SEO plugin. -->","yoast_head_json":{"title":"Bromic Heating Deutschland - Platinum Einbausatz f\u00fcr geringe Einbautiefe","description":"Unsere Au\u00dfenheizger\u00e4te bieten das perfekte Gleichgewicht aus Funktionalit\u00e4t und Sch\u00f6nheit. Kostenloser Designservice \u2713 Beste Preise \u2713 3 Jahre Garantie \u2713","robots":{"index":"index","follow":"follow","max-snippet":"max-snippet:-1","max-image-preview":"max-image-preview:large","max-video-preview":"max-video-preview:-1"},"canonical":"https:\/\/www-bromic-de.bromicpimstg.sites.hosting.454.agency\/de\/produkt\/platinum-electric-deckeneinbausatz-niedrige-deckenhoehen\/","og_locale":"de_DE","og_type":"article","og_title":"Bromic Heating Deutschland - Platinum Einbausatz f\u00fcr geringe Einbautiefe","og_description":"Unsere Au\u00dfenheizger\u00e4te bieten das perfekte Gleichgewicht aus Funktionalit\u00e4t und Sch\u00f6nheit. Kostenloser Designservice \u2713 Beste Preise \u2713 3 Jahre Garantie \u2713","og_url":"https:\/\/www-bromic-de.bromicpimstg.sites.hosting.454.agency\/de\/produkt\/platinum-electric-deckeneinbausatz-niedrige-deckenhoehen\/","og_site_name":"Bromic Heating Deutschland","article_modified_time":"2025-09-25T02:17:23+00:00","og_image":[{"width":1600,"height":1600,"url":"https:\/\/www-bromic-de.bromicpimstg.sites.hosting.454.agency\/wp-content\/uploads\/sites\/9\/2025\/07\/LCRecessKit_c24102ba-d2d9-4eef-b8a7-0b2a05fa972f-1-1600x1600.png","type":"image\/png"}],"twitter_card":"summary_large_image","twitter_misc":{"Gesch\u00e4tzte Lesezeit":"1\u00a0Minute"},"schema":{"@context":"https:\/\/schema.org","@graph":[{"@type":"WebPage","@id":"https:\/\/www-bromic-de.bromicpimstg.sites.hosting.454.agency\/de\/produkt\/platinum-electric-deckeneinbausatz-niedrige-deckenhoehen\/","url":"https:\/\/www-bromic-de.bromicpimstg.sites.hosting.454.agency\/de\/produkt\/platinum-electric-deckeneinbausatz-niedrige-deckenhoehen\/","name":"Bromic Heating Deutschland - Platinum Einbausatz f\u00fcr geringe Einbautiefe","isPartOf":{"@id":"https:\/\/www-bromic-de.bromicpimstg.sites.hosting.454.agency\/de\/#website"},"primaryImageOfPage":{"@id":"https:\/\/www-bromic-de.bromicpimstg.sites.hosting.454.agency\/de\/produkt\/platinum-electric-deckeneinbausatz-niedrige-deckenhoehen\/#primaryimage"},"image":{"@id":"https:\/\/www-bromic-de.bromicpimstg.sites.hosting.454.agency\/de\/produkt\/platinum-electric-deckeneinbausatz-niedrige-deckenhoehen\/#primaryimage"},"thumbnailUrl":"https:\/\/www-bromic-de.bromicpimstg.sites.hosting.454.agency\/wp-content\/uploads\/sites\/9\/2025\/07\/LCRecessKit_c24102ba-d2d9-4eef-b8a7-0b2a05fa972f-1.png","datePublished":"2025-07-08T00:04:12+00:00","dateModified":"2025-09-25T02:17:23+00:00","description":"Unsere Au\u00dfenheizger\u00e4te bieten das perfekte Gleichgewicht aus Funktionalit\u00e4t und Sch\u00f6nheit. Kostenloser Designservice \u2713 Beste Preise \u2713 3 Jahre Garantie \u2713","breadcrumb":{"@id":"https:\/\/www-bromic-de.bromicpimstg.sites.hosting.454.agency\/de\/produkt\/platinum-electric-deckeneinbausatz-niedrige-deckenhoehen\/#breadcrumb"},"inLanguage":"de","potentialAction":[{"@type":"ReadAction","target":["https:\/\/www-bromic-de.bromicpimstg.sites.hosting.454.agency\/de\/produkt\/platinum-electric-deckeneinbausatz-niedrige-deckenhoehen\/"]}]},{"@type":"ImageObject","inLanguage":"de","@id":"https:\/\/www-bromic-de.bromicpimstg.sites.hosting.454.agency\/de\/produkt\/platinum-electric-deckeneinbausatz-niedrige-deckenhoehen\/#primaryimage","url":"https:\/\/www-bromic-de.bromicpimstg.sites.hosting.454.agency\/wp-content\/uploads\/sites\/9\/2025\/07\/LCRecessKit_c24102ba-d2d9-4eef-b8a7-0b2a05fa972f-1.png","contentUrl":"https:\/\/www-bromic-de.bromicpimstg.sites.hosting.454.agency\/wp-content\/uploads\/sites\/9\/2025\/07\/LCRecessKit_c24102ba-d2d9-4eef-b8a7-0b2a05fa972f-1.png","width":3375,"height":3375},{"@type":"BreadcrumbList","@id":"https:\/\/www-bromic-de.bromicpimstg.sites.hosting.454.agency\/de\/produkt\/platinum-electric-deckeneinbausatz-niedrige-deckenhoehen\/#breadcrumb","itemListElement":[{"@type":"ListItem","position":1,"name":"Startseite","item":"https:\/\/www-bromic-de.bromicpimstg.sites.hosting.454.agency\/de\/"},{"@type":"ListItem","position":2,"name":"Produkte","item":"https:\/\/www-bromic-de.bromicpimstg.sites.hosting.454.agency\/de\/produkte\/"},{"@type":"ListItem","position":3,"name":"Platinum Einbausatz f\u00fcr geringe Einbautiefe"}]},{"@type":"WebSite","@id":"https:\/\/www-bromic-de.bromicpimstg.sites.hosting.454.agency\/de\/#website","url":"https:\/\/www-bromic-de.bromicpimstg.sites.hosting.454.agency\/de\/","name":"Bromic Heating Deutschland","description":"","publisher":{"@id":"https:\/\/www-bromic-de.bromicpimstg.sites.hosting.454.agency\/de\/#organization"},"potentialAction":[{"@type":"SearchAction","target":{"@type":"EntryPoint","urlTemplate":"https:\/\/www-bromic-de.bromicpimstg.sites.hosting.454.agency\/de\/?s={search_term_string}"},"query-input":{"@type":"PropertyValueSpecification","valueRequired":true,"valueName":"search_term_string"}}],"inLanguage":"de"},{"@type":"Organization","@id":"https:\/\/www-bromic-de.bromicpimstg.sites.hosting.454.agency\/de\/#organization","name":"Bromic Heating Deutschland","url":"https:\/\/www-bromic-de.bromicpimstg.sites.hosting.454.agency\/de\/","logo":{"@type":"ImageObject","inLanguage":"de","@id":"https:\/\/www-bromic-de.bromicpimstg.sites.hosting.454.agency\/de\/#\/schema\/logo\/image\/","url":"https:\/\/www-bromic-de.bromicpimstg.sites.hosting.454.agency\/wp-content\/uploads\/sites\/9\/2021\/09\/bromic-logo.png","contentUrl":"https:\/\/www-bromic-de.bromicpimstg.sites.hosting.454.agency\/wp-content\/uploads\/sites\/9\/2021\/09\/bromic-logo.png","width":1000,"height":342,"caption":"Bromic Heating Deutschland"},"image":{"@id":"https:\/\/www-bromic-de.bromicpimstg.sites.hosting.454.agency\/de\/#\/schema\/logo\/image\/"}}]}},"_links":{"self":[{"href":"https:\/\/www-bromic-de.bromicpimstg.sites.hosting.454.agency\/de\/wp-json\/wp\/v2\/product\/55271","targetHints":{"allow":["GET"]}}],"collection":[{"href":"https:\/\/www-bromic-de.bromicpimstg.sites.hosting.454.agency\/de\/wp-json\/wp\/v2\/product"}],"about":[{"href":"https:\/\/www-bromic-de.bromicpimstg.sites.hosting.454.agency\/de\/wp-json\/wp\/v2\/types\/product"}],"replies":[{"embeddable":true,"href":"https:\/\/www-bromic-de.bromicpimstg.sites.hosting.454.agency\/de\/wp-json\/wp\/v2\/comments?post=55271"}],"wp:featuredmedia":[{"embeddable":true,"href":"https:\/\/www-bromic-de.bromicpimstg.sites.hosting.454.agency\/de\/wp-json\/wp\/v2\/media\/55280"}],"wp:attachment":[{"href":"https:\/\/www-bromic-de.bromicpimstg.sites.hosting.454.agency\/de\/wp-json\/wp\/v2\/media?parent=55271"}],"wp:term":[{"taxonomy":"product_brand","embeddable":true,"href":"https:\/\/www-bromic-de.bromicpimstg.sites.hosting.454.agency\/de\/wp-json\/wp\/v2\/product_brand?post=55271"},{"taxonomy":"product_cat","embeddable":true,"href":"https:\/\/www-bromic-de.bromicpimstg.sites.hosting.454.agency\/de\/wp-json\/wp\/v2\/product_cat?post=55271"},{"taxonomy":"product_tag","embeddable":true,"href":"https:\/\/www-bromic-de.bromicpimstg.sites.hosting.454.agency\/de\/wp-json\/wp\/v2\/product_tag?post=55271"}],"curies":[{"name":"wp","href":"https:\/\/api.w.org\/{rel}","templated":true}]}}