{"id":54940,"date":"2024-10-17T11:24:08","date_gmt":"2024-10-17T18:24:08","guid":{"rendered":"https:\/\/www-bromic-de.bromicpimstg.sites.hosting.454.agency\/product\/affinity-smart-heat-eclipse-controllers\/"},"modified":"2025-10-20T10:37:17","modified_gmt":"2025-10-20T17:37:17","slug":"affinity-smart-heat-eclipse-controllers","status":"publish","type":"product","link":"https:\/\/www-bromic-de.bromicpimstg.sites.hosting.454.agency\/de\/produkt\/affinity-smart-heat-eclipse-controllers\/","title":{"rendered":"Affinity Smart-Heat\u2122 Eclipse Controllers"},"content":{"rendered":"<article class=\"text-token-text-primary w-full focus:outline-none scroll-mt-[calc(var(--header-height)+min(200px,max(70px,20svh)))]\" dir=\"auto\" tabindex=\"-1\" data-turn-id=\"request-68a50cbd-73c0-8323-9713-72268d22fb20-18\" data-testid=\"conversation-turn-126\" data-scroll-anchor=\"true\" data-turn=\"assistant\">\n<div class=\"text-base my-auto mx-auto pb-10 [--thread-content-margin:--spacing(4)] @[37rem]:[--thread-content-margin:--spacing(6)] @[72rem]:[--thread-content-margin:--spacing(16)] px-(--thread-content-margin)\">\n<div class=\"[--thread-content-max-width:32rem] @[34rem]:[--thread-content-max-width:40rem] @[64rem]:[--thread-content-max-width:48rem] mx-auto max-w-(--thread-content-max-width) flex-1 group\/turn-messages focus-visible:outline-hidden relative flex w-full min-w-0 flex-col agent-turn\" tabindex=\"-1\">\n<div class=\"flex max-w-full flex-col grow\">\n<div class=\"min-h-8 text-message relative flex w-full flex-col items-end gap-2 text-start break-words whitespace-normal [.text-message+&amp;]:mt-5\" dir=\"auto\" data-message-author-role=\"assistant\" data-message-id=\"8ec36987-019f-4bd5-8751-06db1fe76991\" data-message-model-slug=\"gpt-5\">\n<div class=\"flex w-full flex-col gap-1 empty:hidden first:pt-[3px]\">\n<div class=\"markdown prose dark:prose-invert w-full break-words light markdown-new-styling\">\n<p data-start=\"23\" data-end=\"553\" data-is-last-node=\"\" data-is-only-node=\"\">Die Affinity Eclipse Serie, die speziell f\u00fcr die Eclipse Kollektion entwickelt wurde, ist mit 1- und 5-Kanal-Eing\u00e4ngen erh\u00e4ltlich und kompatibel mit unserem fest installierten Eclipse Elektroheizstrahler. Mit der Bromic Heating App genie\u00dfen Sie vollst\u00e4ndige, stufenweise Kontrolle \u00fcber W\u00e4rme und LED-Beleuchtung, um f\u00fcr jede Gelegenheit die perfekte Atmosph\u00e4re zu schaffen. Mit aktivierter Wi-Fi- (2,4 GHz kompatibel) oder Bluetooth-Verbindung k\u00f6nnen Sie Ihren Komfort \u00fcber die Bromic Heating App steuern und individuell anpassen.<\/p>\n<\/div>\n<\/div>\n<\/div>\n<\/div>\n<\/div>\n<\/div>\n<\/article>\n","protected":false},"excerpt":{"rendered":"<article class=\"text-token-text-primary w-full focus:outline-none scroll-mt-[calc(var(--header-height)+min(200px,max(70px,20svh)))]\" dir=\"auto\" tabindex=\"-1\" data-turn-id=\"request-68a50cbd-73c0-8323-9713-72268d22fb20-19\" data-testid=\"conversation-turn-128\" data-scroll-anchor=\"true\" data-turn=\"assistant\">\n<div class=\"text-base my-auto mx-auto pb-10 [--thread-content-margin:--spacing(4)] @[37rem]:[--thread-content-margin:--spacing(6)] @[72rem]:[--thread-content-margin:--spacing(16)] px-(--thread-content-margin)\">\n<div class=\"[--thread-content-max-width:32rem] @[34rem]:[--thread-content-max-width:40rem] @[64rem]:[--thread-content-max-width:48rem] mx-auto max-w-(--thread-content-max-width) flex-1 group\/turn-messages focus-visible:outline-hidden relative flex w-full min-w-0 flex-col agent-turn\" tabindex=\"-1\">\n<div class=\"flex max-w-full flex-col grow\">\n<div class=\"min-h-8 text-message relative flex w-full flex-col items-end gap-2 text-start break-words whitespace-normal [.text-message+&amp;]:mt-5\" dir=\"auto\" data-message-author-role=\"assistant\" data-message-id=\"ceddf76a-9f1e-470e-9597-df424b64c204\" data-message-model-slug=\"gpt-5\">\n<div class=\"flex w-full flex-col gap-1 empty:hidden first:pt-[3px]\">\n<div class=\"markdown prose dark:prose-invert w-full break-words light markdown-new-styling\">\n<p data-start=\"23\" data-end=\"287\" data-is-last-node=\"\" data-is-only-node=\"\">Bromic setzt neue Ma\u00dfst\u00e4be mit der branchenf\u00fchrenden Affinity Smart-Heat\u2122 Kollektion von Steuerungen. Die Affinity Eclipse Serie kombiniert die pr\u00e4zise Steuerung von Strahlungsw\u00e4rme und LED-Beleuchtung und schafft so die optimale Atmosph\u00e4re f\u00fcr jeden Au\u00dfenbereich.<\/p>\n<\/div>\n<\/div>\n<\/div>\n<\/div>\n<\/div>\n<\/div>\n<\/article>\n","protected":false},"featured_media":55140,"comment_status":"closed","ping_status":"closed","template":"","meta":{"_acf_changed":false},"product_brand":[],"product_cat":[15,426],"product_tag":[],"class_list":{"0":"post-54940","1":"product","2":"type-product","3":"status-publish","4":"has-post-thumbnail","6":"product-collection-eclipse-de","7":"product-install-type-deckenmontage-de","8":"product-install-type-wandmontage-de","9":"product-fuel-type-elektrisch-de","10":"product_cat-heizstrahler-de","11":"product_cat-steuerung-de","13":"first","14":"instock","15":"shipping-taxable","16":"product-type-variable"},"acf":[],"yoast_head":"<!-- This site is optimized with the Yoast SEO plugin v26.1.1 - https:\/\/yoast.com\/wordpress\/plugins\/seo\/ -->\n<title>Affinity Smart-Heat Eclipse Controllers - Bromic Heating Deutschland<\/title>\n<meta name=\"description\" content=\"Entdecken Sie, wie die Bromic Heating-App sowohl Strahlungsw\u00e4rme als auch LED-Beleuchtung pr\u00e4zise verwalten kann, um mit unseren Affinity Smart-Heat Eclipse-Controllern jederzeit die perfekte Atmosph\u00e4re zu schaffen.\" \/>\n<meta name=\"robots\" content=\"index, follow, max-snippet:-1, max-image-preview:large, max-video-preview:-1\" \/>\n<link rel=\"canonical\" href=\"https:\/\/www-bromic-de.bromicpimstg.sites.hosting.454.agency\/de\/produkt\/affinity-smart-heat-eclipse-controllers\/\" \/>\n<meta property=\"og:locale\" content=\"de_DE\" \/>\n<meta property=\"og:type\" content=\"article\" \/>\n<meta property=\"og:title\" content=\"Affinity Smart-Heat Eclipse Controllers - Bromic Heating Deutschland\" \/>\n<meta property=\"og:description\" content=\"Entdecken Sie, wie die Bromic Heating-App sowohl Strahlungsw\u00e4rme als auch LED-Beleuchtung pr\u00e4zise verwalten kann, um mit unseren Affinity Smart-Heat Eclipse-Controllern jederzeit die perfekte Atmosph\u00e4re zu schaffen.\" \/>\n<meta property=\"og:url\" content=\"https:\/\/www-bromic-de.bromicpimstg.sites.hosting.454.agency\/de\/produkt\/affinity-smart-heat-eclipse-controllers\/\" \/>\n<meta property=\"og:site_name\" content=\"Bromic Heating Deutschland\" \/>\n<meta property=\"article:modified_time\" content=\"2025-10-20T17:37:17+00:00\" \/>\n<meta property=\"og:image\" content=\"https:\/\/www-bromic-de.bromicpimstg.sites.hosting.454.agency\/wp-content\/uploads\/sites\/9\/2025\/05\/Affinity-Eclipse-1600x1600.png\" \/>\n\t<meta property=\"og:image:width\" content=\"1600\" \/>\n\t<meta property=\"og:image:height\" content=\"1600\" \/>\n\t<meta property=\"og:image:type\" content=\"image\/png\" \/>\n<meta name=\"twitter:card\" content=\"summary_large_image\" \/>\n<meta name=\"twitter:label1\" content=\"Gesch\u00e4tzte Lesezeit\" \/>\n\t<meta name=\"twitter:data1\" content=\"1\u00a0Minute\" \/>\n<script type=\"application\/ld+json\" class=\"yoast-schema-graph\">{\"@context\":\"https:\/\/schema.org\",\"@graph\":[{\"@type\":\"WebPage\",\"@id\":\"https:\/\/www-bromic-de.bromicpimstg.sites.hosting.454.agency\/de\/produkt\/affinity-smart-heat-eclipse-controllers\/\",\"url\":\"https:\/\/www-bromic-de.bromicpimstg.sites.hosting.454.agency\/de\/produkt\/affinity-smart-heat-eclipse-controllers\/\",\"name\":\"Affinity Smart-Heat Eclipse Controllers - Bromic Heating Deutschland\",\"isPartOf\":{\"@id\":\"https:\/\/www-bromic-de.bromicpimstg.sites.hosting.454.agency\/de\/#website\"},\"primaryImageOfPage\":{\"@id\":\"https:\/\/www-bromic-de.bromicpimstg.sites.hosting.454.agency\/de\/produkt\/affinity-smart-heat-eclipse-controllers\/#primaryimage\"},\"image\":{\"@id\":\"https:\/\/www-bromic-de.bromicpimstg.sites.hosting.454.agency\/de\/produkt\/affinity-smart-heat-eclipse-controllers\/#primaryimage\"},\"thumbnailUrl\":\"https:\/\/www-bromic-de.bromicpimstg.sites.hosting.454.agency\/wp-content\/uploads\/sites\/9\/2025\/05\/Affinity-Eclipse.png\",\"datePublished\":\"2024-10-17T18:24:08+00:00\",\"dateModified\":\"2025-10-20T17:37:17+00:00\",\"description\":\"Entdecken Sie, wie die Bromic Heating-App sowohl Strahlungsw\u00e4rme als auch LED-Beleuchtung pr\u00e4zise verwalten kann, um mit unseren Affinity Smart-Heat Eclipse-Controllern jederzeit die perfekte Atmosph\u00e4re zu schaffen.\",\"breadcrumb\":{\"@id\":\"https:\/\/www-bromic-de.bromicpimstg.sites.hosting.454.agency\/de\/produkt\/affinity-smart-heat-eclipse-controllers\/#breadcrumb\"},\"inLanguage\":\"de\",\"potentialAction\":[{\"@type\":\"ReadAction\",\"target\":[\"https:\/\/www-bromic-de.bromicpimstg.sites.hosting.454.agency\/de\/produkt\/affinity-smart-heat-eclipse-controllers\/\"]}]},{\"@type\":\"ImageObject\",\"inLanguage\":\"de\",\"@id\":\"https:\/\/www-bromic-de.bromicpimstg.sites.hosting.454.agency\/de\/produkt\/affinity-smart-heat-eclipse-controllers\/#primaryimage\",\"url\":\"https:\/\/www-bromic-de.bromicpimstg.sites.hosting.454.agency\/wp-content\/uploads\/sites\/9\/2025\/05\/Affinity-Eclipse.png\",\"contentUrl\":\"https:\/\/www-bromic-de.bromicpimstg.sites.hosting.454.agency\/wp-content\/uploads\/sites\/9\/2025\/05\/Affinity-Eclipse.png\",\"width\":3375,\"height\":3375},{\"@type\":\"BreadcrumbList\",\"@id\":\"https:\/\/www-bromic-de.bromicpimstg.sites.hosting.454.agency\/de\/produkt\/affinity-smart-heat-eclipse-controllers\/#breadcrumb\",\"itemListElement\":[{\"@type\":\"ListItem\",\"position\":1,\"name\":\"Startseite\",\"item\":\"https:\/\/www-bromic-de.bromicpimstg.sites.hosting.454.agency\/de\/\"},{\"@type\":\"ListItem\",\"position\":2,\"name\":\"Produkte\",\"item\":\"https:\/\/www-bromic-de.bromicpimstg.sites.hosting.454.agency\/de\/produkte\/\"},{\"@type\":\"ListItem\",\"position\":3,\"name\":\"Affinity Smart-Heat\u2122 Eclipse Controllers\"}]},{\"@type\":\"WebSite\",\"@id\":\"https:\/\/www-bromic-de.bromicpimstg.sites.hosting.454.agency\/de\/#website\",\"url\":\"https:\/\/www-bromic-de.bromicpimstg.sites.hosting.454.agency\/de\/\",\"name\":\"Bromic Heating Deutschland\",\"description\":\"\",\"publisher\":{\"@id\":\"https:\/\/www-bromic-de.bromicpimstg.sites.hosting.454.agency\/de\/#organization\"},\"potentialAction\":[{\"@type\":\"SearchAction\",\"target\":{\"@type\":\"EntryPoint\",\"urlTemplate\":\"https:\/\/www-bromic-de.bromicpimstg.sites.hosting.454.agency\/de\/?s={search_term_string}\"},\"query-input\":{\"@type\":\"PropertyValueSpecification\",\"valueRequired\":true,\"valueName\":\"search_term_string\"}}],\"inLanguage\":\"de\"},{\"@type\":\"Organization\",\"@id\":\"https:\/\/www-bromic-de.bromicpimstg.sites.hosting.454.agency\/de\/#organization\",\"name\":\"Bromic Heating Deutschland\",\"url\":\"https:\/\/www-bromic-de.bromicpimstg.sites.hosting.454.agency\/de\/\",\"logo\":{\"@type\":\"ImageObject\",\"inLanguage\":\"de\",\"@id\":\"https:\/\/www-bromic-de.bromicpimstg.sites.hosting.454.agency\/de\/#\/schema\/logo\/image\/\",\"url\":\"https:\/\/www-bromic-de.bromicpimstg.sites.hosting.454.agency\/wp-content\/uploads\/sites\/9\/2021\/09\/bromic-logo.png\",\"contentUrl\":\"https:\/\/www-bromic-de.bromicpimstg.sites.hosting.454.agency\/wp-content\/uploads\/sites\/9\/2021\/09\/bromic-logo.png\",\"width\":1000,\"height\":342,\"caption\":\"Bromic Heating Deutschland\"},\"image\":{\"@id\":\"https:\/\/www-bromic-de.bromicpimstg.sites.hosting.454.agency\/de\/#\/schema\/logo\/image\/\"}}]}<\/script>\n<!-- \/ Yoast SEO plugin. -->","yoast_head_json":{"title":"Affinity Smart-Heat Eclipse Controllers - Bromic Heating Deutschland","description":"Entdecken Sie, wie die Bromic Heating-App sowohl Strahlungsw\u00e4rme als auch LED-Beleuchtung pr\u00e4zise verwalten kann, um mit unseren Affinity Smart-Heat Eclipse-Controllern jederzeit die perfekte Atmosph\u00e4re zu schaffen.","robots":{"index":"index","follow":"follow","max-snippet":"max-snippet:-1","max-image-preview":"max-image-preview:large","max-video-preview":"max-video-preview:-1"},"canonical":"https:\/\/www-bromic-de.bromicpimstg.sites.hosting.454.agency\/de\/produkt\/affinity-smart-heat-eclipse-controllers\/","og_locale":"de_DE","og_type":"article","og_title":"Affinity Smart-Heat Eclipse Controllers - Bromic Heating Deutschland","og_description":"Entdecken Sie, wie die Bromic Heating-App sowohl Strahlungsw\u00e4rme als auch LED-Beleuchtung pr\u00e4zise verwalten kann, um mit unseren Affinity Smart-Heat Eclipse-Controllern jederzeit die perfekte Atmosph\u00e4re zu schaffen.","og_url":"https:\/\/www-bromic-de.bromicpimstg.sites.hosting.454.agency\/de\/produkt\/affinity-smart-heat-eclipse-controllers\/","og_site_name":"Bromic Heating Deutschland","article_modified_time":"2025-10-20T17:37:17+00:00","og_image":[{"width":1600,"height":1600,"url":"https:\/\/www-bromic-de.bromicpimstg.sites.hosting.454.agency\/wp-content\/uploads\/sites\/9\/2025\/05\/Affinity-Eclipse-1600x1600.png","type":"image\/png"}],"twitter_card":"summary_large_image","twitter_misc":{"Gesch\u00e4tzte Lesezeit":"1\u00a0Minute"},"schema":{"@context":"https:\/\/schema.org","@graph":[{"@type":"WebPage","@id":"https:\/\/www-bromic-de.bromicpimstg.sites.hosting.454.agency\/de\/produkt\/affinity-smart-heat-eclipse-controllers\/","url":"https:\/\/www-bromic-de.bromicpimstg.sites.hosting.454.agency\/de\/produkt\/affinity-smart-heat-eclipse-controllers\/","name":"Affinity Smart-Heat Eclipse Controllers - Bromic Heating Deutschland","isPartOf":{"@id":"https:\/\/www-bromic-de.bromicpimstg.sites.hosting.454.agency\/de\/#website"},"primaryImageOfPage":{"@id":"https:\/\/www-bromic-de.bromicpimstg.sites.hosting.454.agency\/de\/produkt\/affinity-smart-heat-eclipse-controllers\/#primaryimage"},"image":{"@id":"https:\/\/www-bromic-de.bromicpimstg.sites.hosting.454.agency\/de\/produkt\/affinity-smart-heat-eclipse-controllers\/#primaryimage"},"thumbnailUrl":"https:\/\/www-bromic-de.bromicpimstg.sites.hosting.454.agency\/wp-content\/uploads\/sites\/9\/2025\/05\/Affinity-Eclipse.png","datePublished":"2024-10-17T18:24:08+00:00","dateModified":"2025-10-20T17:37:17+00:00","description":"Entdecken Sie, wie die Bromic Heating-App sowohl Strahlungsw\u00e4rme als auch LED-Beleuchtung pr\u00e4zise verwalten kann, um mit unseren Affinity Smart-Heat Eclipse-Controllern jederzeit die perfekte Atmosph\u00e4re zu schaffen.","breadcrumb":{"@id":"https:\/\/www-bromic-de.bromicpimstg.sites.hosting.454.agency\/de\/produkt\/affinity-smart-heat-eclipse-controllers\/#breadcrumb"},"inLanguage":"de","potentialAction":[{"@type":"ReadAction","target":["https:\/\/www-bromic-de.bromicpimstg.sites.hosting.454.agency\/de\/produkt\/affinity-smart-heat-eclipse-controllers\/"]}]},{"@type":"ImageObject","inLanguage":"de","@id":"https:\/\/www-bromic-de.bromicpimstg.sites.hosting.454.agency\/de\/produkt\/affinity-smart-heat-eclipse-controllers\/#primaryimage","url":"https:\/\/www-bromic-de.bromicpimstg.sites.hosting.454.agency\/wp-content\/uploads\/sites\/9\/2025\/05\/Affinity-Eclipse.png","contentUrl":"https:\/\/www-bromic-de.bromicpimstg.sites.hosting.454.agency\/wp-content\/uploads\/sites\/9\/2025\/05\/Affinity-Eclipse.png","width":3375,"height":3375},{"@type":"BreadcrumbList","@id":"https:\/\/www-bromic-de.bromicpimstg.sites.hosting.454.agency\/de\/produkt\/affinity-smart-heat-eclipse-controllers\/#breadcrumb","itemListElement":[{"@type":"ListItem","position":1,"name":"Startseite","item":"https:\/\/www-bromic-de.bromicpimstg.sites.hosting.454.agency\/de\/"},{"@type":"ListItem","position":2,"name":"Produkte","item":"https:\/\/www-bromic-de.bromicpimstg.sites.hosting.454.agency\/de\/produkte\/"},{"@type":"ListItem","position":3,"name":"Affinity Smart-Heat\u2122 Eclipse Controllers"}]},{"@type":"WebSite","@id":"https:\/\/www-bromic-de.bromicpimstg.sites.hosting.454.agency\/de\/#website","url":"https:\/\/www-bromic-de.bromicpimstg.sites.hosting.454.agency\/de\/","name":"Bromic Heating Deutschland","description":"","publisher":{"@id":"https:\/\/www-bromic-de.bromicpimstg.sites.hosting.454.agency\/de\/#organization"},"potentialAction":[{"@type":"SearchAction","target":{"@type":"EntryPoint","urlTemplate":"https:\/\/www-bromic-de.bromicpimstg.sites.hosting.454.agency\/de\/?s={search_term_string}"},"query-input":{"@type":"PropertyValueSpecification","valueRequired":true,"valueName":"search_term_string"}}],"inLanguage":"de"},{"@type":"Organization","@id":"https:\/\/www-bromic-de.bromicpimstg.sites.hosting.454.agency\/de\/#organization","name":"Bromic Heating Deutschland","url":"https:\/\/www-bromic-de.bromicpimstg.sites.hosting.454.agency\/de\/","logo":{"@type":"ImageObject","inLanguage":"de","@id":"https:\/\/www-bromic-de.bromicpimstg.sites.hosting.454.agency\/de\/#\/schema\/logo\/image\/","url":"https:\/\/www-bromic-de.bromicpimstg.sites.hosting.454.agency\/wp-content\/uploads\/sites\/9\/2021\/09\/bromic-logo.png","contentUrl":"https:\/\/www-bromic-de.bromicpimstg.sites.hosting.454.agency\/wp-content\/uploads\/sites\/9\/2021\/09\/bromic-logo.png","width":1000,"height":342,"caption":"Bromic Heating Deutschland"},"image":{"@id":"https:\/\/www-bromic-de.bromicpimstg.sites.hosting.454.agency\/de\/#\/schema\/logo\/image\/"}}]}},"_links":{"self":[{"href":"https:\/\/www-bromic-de.bromicpimstg.sites.hosting.454.agency\/de\/wp-json\/wp\/v2\/product\/54940","targetHints":{"allow":["GET"]}}],"collection":[{"href":"https:\/\/www-bromic-de.bromicpimstg.sites.hosting.454.agency\/de\/wp-json\/wp\/v2\/product"}],"about":[{"href":"https:\/\/www-bromic-de.bromicpimstg.sites.hosting.454.agency\/de\/wp-json\/wp\/v2\/types\/product"}],"replies":[{"embeddable":true,"href":"https:\/\/www-bromic-de.bromicpimstg.sites.hosting.454.agency\/de\/wp-json\/wp\/v2\/comments?post=54940"}],"wp:featuredmedia":[{"embeddable":true,"href":"https:\/\/www-bromic-de.bromicpimstg.sites.hosting.454.agency\/de\/wp-json\/wp\/v2\/media\/55140"}],"wp:attachment":[{"href":"https:\/\/www-bromic-de.bromicpimstg.sites.hosting.454.agency\/de\/wp-json\/wp\/v2\/media?parent=54940"}],"wp:term":[{"taxonomy":"product_brand","embeddable":true,"href":"https:\/\/www-bromic-de.bromicpimstg.sites.hosting.454.agency\/de\/wp-json\/wp\/v2\/product_brand?post=54940"},{"taxonomy":"product_cat","embeddable":true,"href":"https:\/\/www-bromic-de.bromicpimstg.sites.hosting.454.agency\/de\/wp-json\/wp\/v2\/product_cat?post=54940"},{"taxonomy":"product_tag","embeddable":true,"href":"https:\/\/www-bromic-de.bromicpimstg.sites.hosting.454.agency\/de\/wp-json\/wp\/v2\/product_tag?post=54940"}],"curies":[{"name":"wp","href":"https:\/\/api.w.org\/{rel}","templated":true}]}}