{"id":54887,"date":"2024-10-17T11:22:17","date_gmt":"2024-10-17T18:22:17","guid":{"rendered":"https:\/\/www-bromic-de.bromicpimstg.sites.hosting.454.agency\/product\/affinity-smart-heat-on-off-controllers\/"},"modified":"2025-10-20T10:42:00","modified_gmt":"2025-10-20T17:42:00","slug":"affinity-smart-heat-on-off-controllers","status":"publish","type":"product","link":"https:\/\/www-bromic-de.bromicpimstg.sites.hosting.454.agency\/de\/produkt\/affinity-smart-heat-on-off-controllers\/","title":{"rendered":"Affinity Smart-Heat\u2122 On\/Off Controllers"},"content":{"rendered":"<p data-start=\"27\" data-end=\"582\">Die Affinity On\/Off-Serie erm\u00f6glicht es Ihnen, angeschlossene Gas- oder Elektroheizstrahler aus den Platinum- oder Tungsten-Kollektionen von Bromic mit voller Leistung ein- und auszuschalten und bietet dadurch au\u00dfergew\u00f6hnliche Benutzerfreundlichkeit. Die Serie ist in Ausf\u00fchrungen mit 1-, 2- oder 5-Kanal-Eing\u00e4ngen erh\u00e4ltlich, wobei jeder Kanal bis zu 6000 W oder 10 Gasheizstrahler steuern kann. Mit aktivierter Wi-Fi- (2,4 GHz kompatibel) oder Bluetooth-Verbindung k\u00f6nnen Sie Ihr Komfortniveau bequem \u00fcber die Bromic Heating App steuern und anpassen.<\/p>\n<p data-start=\"584\" data-end=\"881\" data-is-last-node=\"\" data-is-only-node=\"\">In K\u00fcrze verf\u00fcgbar ist das 3-Phasen-5-Kanal-Modell, das \u00fcber eine Erweiterungsplatine verf\u00fcgt, welche eine nahtlose Ethernet-Integration f\u00fcr eine zuverl\u00e4ssige Verbindung zu Ihren Au\u00dfenheizstrahlern sowie eine 0\u201310-V-Steuerung zur Einbindung in Geb\u00e4ude- oder Gesch\u00e4ftsautomationssysteme erm\u00f6glicht.<\/p>\n","protected":false},"excerpt":{"rendered":"<p>Bromic setzt neue Ma\u00dfst\u00e4be mit der branchenf\u00fchrenden Affinity Smart-Heat\u2122-Kollektion von Steuerungen. Die neue on\/off-Serie bietet eine m\u00fchelose Installation und maximalen Komfort durch die Steuerung \u00fcber die Bromic Heating App.<\/p>\n","protected":false},"featured_media":55151,"comment_status":"closed","ping_status":"closed","template":"","meta":{"_acf_changed":false},"product_brand":[],"product_cat":[15,426],"product_tag":[],"class_list":{"0":"post-54887","1":"product","2":"type-product","3":"status-publish","4":"has-post-thumbnail","6":"product-collection-marine-de","7":"product-collection-platinum-de","8":"product-collection-tungsten-de","9":"product-install-type-deckeneinbau-de","10":"product-install-type-deckenmontage-de","11":"product-install-type-wandmontage-de","12":"product-fuel-type-elektrisch-de","13":"product-fuel-type-erdgas-de","14":"product-fuel-type-propangas-de","15":"product_cat-heizstrahler-de","16":"product_cat-steuerung-de","18":"first","19":"instock","20":"shipping-taxable","21":"product-type-variable"},"acf":[],"yoast_head":"<!-- This site is optimized with the Yoast SEO plugin v26.1.1 - https:\/\/yoast.com\/wordpress\/plugins\/seo\/ -->\n<title>Affinity Smart-Heat On\/Off Controllers - Bromic Heating Deutschland<\/title>\n<meta name=\"description\" content=\"Entdecken Sie die Affinity Smart-Heat\u2122-Kollektion von Bromic mit unserer neuen On\/Off-Serie f\u00fcr nahtlose Installation und individuellen Komfort. Steuern Sie Ihre Gas- oder Elektro-Au\u00dfenheizungen m\u00fchelos mit der Bromic Heating App \u00fcber WLAN oder Bluetooth.\" \/>\n<meta name=\"robots\" content=\"index, follow, max-snippet:-1, max-image-preview:large, max-video-preview:-1\" \/>\n<link rel=\"canonical\" href=\"https:\/\/www-bromic-de.bromicpimstg.sites.hosting.454.agency\/de\/produkt\/affinity-smart-heat-on-off-controllers\/\" \/>\n<meta property=\"og:locale\" content=\"de_DE\" \/>\n<meta property=\"og:type\" content=\"article\" \/>\n<meta property=\"og:title\" content=\"Affinity Smart-Heat On\/Off Controllers - Bromic Heating Deutschland\" \/>\n<meta property=\"og:description\" content=\"Entdecken Sie die Affinity Smart-Heat\u2122-Kollektion von Bromic mit unserer neuen On\/Off-Serie f\u00fcr nahtlose Installation und individuellen Komfort. Steuern Sie Ihre Gas- oder Elektro-Au\u00dfenheizungen m\u00fchelos mit der Bromic Heating App \u00fcber WLAN oder Bluetooth.\" \/>\n<meta property=\"og:url\" content=\"https:\/\/www-bromic-de.bromicpimstg.sites.hosting.454.agency\/de\/produkt\/affinity-smart-heat-on-off-controllers\/\" \/>\n<meta property=\"og:site_name\" content=\"Bromic Heating Deutschland\" \/>\n<meta property=\"article:modified_time\" content=\"2025-10-20T17:42:00+00:00\" \/>\n<meta property=\"og:image\" content=\"https:\/\/www-bromic-de.bromicpimstg.sites.hosting.454.agency\/wp-content\/uploads\/sites\/9\/2025\/06\/Affinity-OnOff.png\" \/>\n\t<meta property=\"og:image:width\" content=\"600\" \/>\n\t<meta property=\"og:image:height\" content=\"600\" \/>\n\t<meta property=\"og:image:type\" content=\"image\/png\" \/>\n<meta name=\"twitter:card\" content=\"summary_large_image\" \/>\n<meta name=\"twitter:label1\" content=\"Gesch\u00e4tzte Lesezeit\" \/>\n\t<meta name=\"twitter:data1\" content=\"1\u00a0Minute\" \/>\n<script type=\"application\/ld+json\" class=\"yoast-schema-graph\">{\"@context\":\"https:\/\/schema.org\",\"@graph\":[{\"@type\":\"WebPage\",\"@id\":\"https:\/\/www-bromic-de.bromicpimstg.sites.hosting.454.agency\/de\/produkt\/affinity-smart-heat-on-off-controllers\/\",\"url\":\"https:\/\/www-bromic-de.bromicpimstg.sites.hosting.454.agency\/de\/produkt\/affinity-smart-heat-on-off-controllers\/\",\"name\":\"Affinity Smart-Heat On\/Off Controllers - Bromic Heating Deutschland\",\"isPartOf\":{\"@id\":\"https:\/\/www-bromic-de.bromicpimstg.sites.hosting.454.agency\/de\/#website\"},\"primaryImageOfPage\":{\"@id\":\"https:\/\/www-bromic-de.bromicpimstg.sites.hosting.454.agency\/de\/produkt\/affinity-smart-heat-on-off-controllers\/#primaryimage\"},\"image\":{\"@id\":\"https:\/\/www-bromic-de.bromicpimstg.sites.hosting.454.agency\/de\/produkt\/affinity-smart-heat-on-off-controllers\/#primaryimage\"},\"thumbnailUrl\":\"https:\/\/www-bromic-de.bromicpimstg.sites.hosting.454.agency\/wp-content\/uploads\/sites\/9\/2025\/06\/Affinity-OnOff.png\",\"datePublished\":\"2024-10-17T18:22:17+00:00\",\"dateModified\":\"2025-10-20T17:42:00+00:00\",\"description\":\"Entdecken Sie die Affinity Smart-Heat\u2122-Kollektion von Bromic mit unserer neuen On\/Off-Serie f\u00fcr nahtlose Installation und individuellen Komfort. Steuern Sie Ihre Gas- oder Elektro-Au\u00dfenheizungen m\u00fchelos mit der Bromic Heating App \u00fcber WLAN oder Bluetooth.\",\"breadcrumb\":{\"@id\":\"https:\/\/www-bromic-de.bromicpimstg.sites.hosting.454.agency\/de\/produkt\/affinity-smart-heat-on-off-controllers\/#breadcrumb\"},\"inLanguage\":\"de\",\"potentialAction\":[{\"@type\":\"ReadAction\",\"target\":[\"https:\/\/www-bromic-de.bromicpimstg.sites.hosting.454.agency\/de\/produkt\/affinity-smart-heat-on-off-controllers\/\"]}]},{\"@type\":\"ImageObject\",\"inLanguage\":\"de\",\"@id\":\"https:\/\/www-bromic-de.bromicpimstg.sites.hosting.454.agency\/de\/produkt\/affinity-smart-heat-on-off-controllers\/#primaryimage\",\"url\":\"https:\/\/www-bromic-de.bromicpimstg.sites.hosting.454.agency\/wp-content\/uploads\/sites\/9\/2025\/06\/Affinity-OnOff.png\",\"contentUrl\":\"https:\/\/www-bromic-de.bromicpimstg.sites.hosting.454.agency\/wp-content\/uploads\/sites\/9\/2025\/06\/Affinity-OnOff.png\",\"width\":600,\"height\":600},{\"@type\":\"BreadcrumbList\",\"@id\":\"https:\/\/www-bromic-de.bromicpimstg.sites.hosting.454.agency\/de\/produkt\/affinity-smart-heat-on-off-controllers\/#breadcrumb\",\"itemListElement\":[{\"@type\":\"ListItem\",\"position\":1,\"name\":\"Startseite\",\"item\":\"https:\/\/www-bromic-de.bromicpimstg.sites.hosting.454.agency\/de\/\"},{\"@type\":\"ListItem\",\"position\":2,\"name\":\"Produkte\",\"item\":\"https:\/\/www-bromic-de.bromicpimstg.sites.hosting.454.agency\/de\/produkte\/\"},{\"@type\":\"ListItem\",\"position\":3,\"name\":\"Affinity Smart-Heat\u2122 On\/Off Controllers\"}]},{\"@type\":\"WebSite\",\"@id\":\"https:\/\/www-bromic-de.bromicpimstg.sites.hosting.454.agency\/de\/#website\",\"url\":\"https:\/\/www-bromic-de.bromicpimstg.sites.hosting.454.agency\/de\/\",\"name\":\"Bromic Heating Deutschland\",\"description\":\"\",\"publisher\":{\"@id\":\"https:\/\/www-bromic-de.bromicpimstg.sites.hosting.454.agency\/de\/#organization\"},\"potentialAction\":[{\"@type\":\"SearchAction\",\"target\":{\"@type\":\"EntryPoint\",\"urlTemplate\":\"https:\/\/www-bromic-de.bromicpimstg.sites.hosting.454.agency\/de\/?s={search_term_string}\"},\"query-input\":{\"@type\":\"PropertyValueSpecification\",\"valueRequired\":true,\"valueName\":\"search_term_string\"}}],\"inLanguage\":\"de\"},{\"@type\":\"Organization\",\"@id\":\"https:\/\/www-bromic-de.bromicpimstg.sites.hosting.454.agency\/de\/#organization\",\"name\":\"Bromic Heating Deutschland\",\"url\":\"https:\/\/www-bromic-de.bromicpimstg.sites.hosting.454.agency\/de\/\",\"logo\":{\"@type\":\"ImageObject\",\"inLanguage\":\"de\",\"@id\":\"https:\/\/www-bromic-de.bromicpimstg.sites.hosting.454.agency\/de\/#\/schema\/logo\/image\/\",\"url\":\"https:\/\/www-bromic-de.bromicpimstg.sites.hosting.454.agency\/wp-content\/uploads\/sites\/9\/2021\/09\/bromic-logo.png\",\"contentUrl\":\"https:\/\/www-bromic-de.bromicpimstg.sites.hosting.454.agency\/wp-content\/uploads\/sites\/9\/2021\/09\/bromic-logo.png\",\"width\":1000,\"height\":342,\"caption\":\"Bromic Heating Deutschland\"},\"image\":{\"@id\":\"https:\/\/www-bromic-de.bromicpimstg.sites.hosting.454.agency\/de\/#\/schema\/logo\/image\/\"}}]}<\/script>\n<!-- \/ Yoast SEO plugin. -->","yoast_head_json":{"title":"Affinity Smart-Heat On\/Off Controllers - Bromic Heating Deutschland","description":"Entdecken Sie die Affinity Smart-Heat\u2122-Kollektion von Bromic mit unserer neuen On\/Off-Serie f\u00fcr nahtlose Installation und individuellen Komfort. Steuern Sie Ihre Gas- oder Elektro-Au\u00dfenheizungen m\u00fchelos mit der Bromic Heating App \u00fcber WLAN oder Bluetooth.","robots":{"index":"index","follow":"follow","max-snippet":"max-snippet:-1","max-image-preview":"max-image-preview:large","max-video-preview":"max-video-preview:-1"},"canonical":"https:\/\/www-bromic-de.bromicpimstg.sites.hosting.454.agency\/de\/produkt\/affinity-smart-heat-on-off-controllers\/","og_locale":"de_DE","og_type":"article","og_title":"Affinity Smart-Heat On\/Off Controllers - Bromic Heating Deutschland","og_description":"Entdecken Sie die Affinity Smart-Heat\u2122-Kollektion von Bromic mit unserer neuen On\/Off-Serie f\u00fcr nahtlose Installation und individuellen Komfort. Steuern Sie Ihre Gas- oder Elektro-Au\u00dfenheizungen m\u00fchelos mit der Bromic Heating App \u00fcber WLAN oder Bluetooth.","og_url":"https:\/\/www-bromic-de.bromicpimstg.sites.hosting.454.agency\/de\/produkt\/affinity-smart-heat-on-off-controllers\/","og_site_name":"Bromic Heating Deutschland","article_modified_time":"2025-10-20T17:42:00+00:00","og_image":[{"width":600,"height":600,"url":"https:\/\/www-bromic-de.bromicpimstg.sites.hosting.454.agency\/wp-content\/uploads\/sites\/9\/2025\/06\/Affinity-OnOff.png","type":"image\/png"}],"twitter_card":"summary_large_image","twitter_misc":{"Gesch\u00e4tzte Lesezeit":"1\u00a0Minute"},"schema":{"@context":"https:\/\/schema.org","@graph":[{"@type":"WebPage","@id":"https:\/\/www-bromic-de.bromicpimstg.sites.hosting.454.agency\/de\/produkt\/affinity-smart-heat-on-off-controllers\/","url":"https:\/\/www-bromic-de.bromicpimstg.sites.hosting.454.agency\/de\/produkt\/affinity-smart-heat-on-off-controllers\/","name":"Affinity Smart-Heat On\/Off Controllers - Bromic Heating Deutschland","isPartOf":{"@id":"https:\/\/www-bromic-de.bromicpimstg.sites.hosting.454.agency\/de\/#website"},"primaryImageOfPage":{"@id":"https:\/\/www-bromic-de.bromicpimstg.sites.hosting.454.agency\/de\/produkt\/affinity-smart-heat-on-off-controllers\/#primaryimage"},"image":{"@id":"https:\/\/www-bromic-de.bromicpimstg.sites.hosting.454.agency\/de\/produkt\/affinity-smart-heat-on-off-controllers\/#primaryimage"},"thumbnailUrl":"https:\/\/www-bromic-de.bromicpimstg.sites.hosting.454.agency\/wp-content\/uploads\/sites\/9\/2025\/06\/Affinity-OnOff.png","datePublished":"2024-10-17T18:22:17+00:00","dateModified":"2025-10-20T17:42:00+00:00","description":"Entdecken Sie die Affinity Smart-Heat\u2122-Kollektion von Bromic mit unserer neuen On\/Off-Serie f\u00fcr nahtlose Installation und individuellen Komfort. Steuern Sie Ihre Gas- oder Elektro-Au\u00dfenheizungen m\u00fchelos mit der Bromic Heating App \u00fcber WLAN oder Bluetooth.","breadcrumb":{"@id":"https:\/\/www-bromic-de.bromicpimstg.sites.hosting.454.agency\/de\/produkt\/affinity-smart-heat-on-off-controllers\/#breadcrumb"},"inLanguage":"de","potentialAction":[{"@type":"ReadAction","target":["https:\/\/www-bromic-de.bromicpimstg.sites.hosting.454.agency\/de\/produkt\/affinity-smart-heat-on-off-controllers\/"]}]},{"@type":"ImageObject","inLanguage":"de","@id":"https:\/\/www-bromic-de.bromicpimstg.sites.hosting.454.agency\/de\/produkt\/affinity-smart-heat-on-off-controllers\/#primaryimage","url":"https:\/\/www-bromic-de.bromicpimstg.sites.hosting.454.agency\/wp-content\/uploads\/sites\/9\/2025\/06\/Affinity-OnOff.png","contentUrl":"https:\/\/www-bromic-de.bromicpimstg.sites.hosting.454.agency\/wp-content\/uploads\/sites\/9\/2025\/06\/Affinity-OnOff.png","width":600,"height":600},{"@type":"BreadcrumbList","@id":"https:\/\/www-bromic-de.bromicpimstg.sites.hosting.454.agency\/de\/produkt\/affinity-smart-heat-on-off-controllers\/#breadcrumb","itemListElement":[{"@type":"ListItem","position":1,"name":"Startseite","item":"https:\/\/www-bromic-de.bromicpimstg.sites.hosting.454.agency\/de\/"},{"@type":"ListItem","position":2,"name":"Produkte","item":"https:\/\/www-bromic-de.bromicpimstg.sites.hosting.454.agency\/de\/produkte\/"},{"@type":"ListItem","position":3,"name":"Affinity Smart-Heat\u2122 On\/Off Controllers"}]},{"@type":"WebSite","@id":"https:\/\/www-bromic-de.bromicpimstg.sites.hosting.454.agency\/de\/#website","url":"https:\/\/www-bromic-de.bromicpimstg.sites.hosting.454.agency\/de\/","name":"Bromic Heating Deutschland","description":"","publisher":{"@id":"https:\/\/www-bromic-de.bromicpimstg.sites.hosting.454.agency\/de\/#organization"},"potentialAction":[{"@type":"SearchAction","target":{"@type":"EntryPoint","urlTemplate":"https:\/\/www-bromic-de.bromicpimstg.sites.hosting.454.agency\/de\/?s={search_term_string}"},"query-input":{"@type":"PropertyValueSpecification","valueRequired":true,"valueName":"search_term_string"}}],"inLanguage":"de"},{"@type":"Organization","@id":"https:\/\/www-bromic-de.bromicpimstg.sites.hosting.454.agency\/de\/#organization","name":"Bromic Heating Deutschland","url":"https:\/\/www-bromic-de.bromicpimstg.sites.hosting.454.agency\/de\/","logo":{"@type":"ImageObject","inLanguage":"de","@id":"https:\/\/www-bromic-de.bromicpimstg.sites.hosting.454.agency\/de\/#\/schema\/logo\/image\/","url":"https:\/\/www-bromic-de.bromicpimstg.sites.hosting.454.agency\/wp-content\/uploads\/sites\/9\/2021\/09\/bromic-logo.png","contentUrl":"https:\/\/www-bromic-de.bromicpimstg.sites.hosting.454.agency\/wp-content\/uploads\/sites\/9\/2021\/09\/bromic-logo.png","width":1000,"height":342,"caption":"Bromic Heating Deutschland"},"image":{"@id":"https:\/\/www-bromic-de.bromicpimstg.sites.hosting.454.agency\/de\/#\/schema\/logo\/image\/"}}]}},"_links":{"self":[{"href":"https:\/\/www-bromic-de.bromicpimstg.sites.hosting.454.agency\/de\/wp-json\/wp\/v2\/product\/54887","targetHints":{"allow":["GET"]}}],"collection":[{"href":"https:\/\/www-bromic-de.bromicpimstg.sites.hosting.454.agency\/de\/wp-json\/wp\/v2\/product"}],"about":[{"href":"https:\/\/www-bromic-de.bromicpimstg.sites.hosting.454.agency\/de\/wp-json\/wp\/v2\/types\/product"}],"replies":[{"embeddable":true,"href":"https:\/\/www-bromic-de.bromicpimstg.sites.hosting.454.agency\/de\/wp-json\/wp\/v2\/comments?post=54887"}],"wp:featuredmedia":[{"embeddable":true,"href":"https:\/\/www-bromic-de.bromicpimstg.sites.hosting.454.agency\/de\/wp-json\/wp\/v2\/media\/55151"}],"wp:attachment":[{"href":"https:\/\/www-bromic-de.bromicpimstg.sites.hosting.454.agency\/de\/wp-json\/wp\/v2\/media?parent=54887"}],"wp:term":[{"taxonomy":"product_brand","embeddable":true,"href":"https:\/\/www-bromic-de.bromicpimstg.sites.hosting.454.agency\/de\/wp-json\/wp\/v2\/product_brand?post=54887"},{"taxonomy":"product_cat","embeddable":true,"href":"https:\/\/www-bromic-de.bromicpimstg.sites.hosting.454.agency\/de\/wp-json\/wp\/v2\/product_cat?post=54887"},{"taxonomy":"product_tag","embeddable":true,"href":"https:\/\/www-bromic-de.bromicpimstg.sites.hosting.454.agency\/de\/wp-json\/wp\/v2\/product_tag?post=54887"}],"curies":[{"name":"wp","href":"https:\/\/api.w.org\/{rel}","templated":true}]}}