{"id":54883,"date":"2024-10-17T11:24:42","date_gmt":"2024-10-17T18:24:42","guid":{"rendered":"https:\/\/www-bromic-de.bromicpimstg.sites.hosting.454.agency\/product\/affinity-smart-heat-expansion-board\/"},"modified":"2025-06-26T13:46:28","modified_gmt":"2025-06-26T20:46:28","slug":"affinity-smart-heat-expansion-board","status":"publish","type":"product","link":"https:\/\/www-bromic-de.bromicpimstg.sites.hosting.454.agency\/de\/produkt\/affinity-smart-heat-expansion-board\/","title":{"rendered":"Affinity Smart-Heat\u2122 Expansion Board"},"content":{"rendered":"<p><span style=\"vertical-align: inherit;\"><span style=\"vertical-align: inherit;\">The expansion board, available as an accessory for Bromics 1- or 2-channel on\/off and dimmer control units, enables seamless Ethernet integration, ensuring a reliable connection to your outdoor heaters. It also features 0-10V connections for integration into your home automation or operations management system.<\/span><\/span><\/p>\n","protected":false},"excerpt":{"rendered":"<p><span style=\"vertical-align: inherit;\"><span style=\"vertical-align: inherit;\">Bromic&#8217;s expansion board enables seamless Ethernet integration, ensuring a reliable connection to your outdoor heaters. It also features 0-10V connections for integration into your home automation or operations management system.<\/span><\/span><\/p>\n","protected":false},"featured_media":55245,"comment_status":"closed","ping_status":"closed","template":"","meta":{"_acf_changed":false},"product_brand":[],"product_cat":[15,426],"product_tag":[],"class_list":{"0":"post-54883","1":"product","2":"type-product","3":"status-publish","4":"has-post-thumbnail","6":"product-collection-marine-de","7":"product-collection-platinum-de","8":"product-collection-tungsten-de","9":"product-install-type-deckeneinbau-de","10":"product-install-type-deckenmontage-de","11":"product-install-type-wandmontage-de","12":"product-fuel-type-elektrisch-de","13":"product-fuel-type-erdgas-de","14":"product-fuel-type-propangas-de","15":"product_cat-heizstrahler-de","16":"product_cat-steuerung-de","18":"first","19":"instock","20":"shipping-taxable","21":"product-type-simple"},"acf":[],"yoast_head":"<!-- This site is optimized with the Yoast SEO plugin v26.1.1 - https:\/\/yoast.com\/wordpress\/plugins\/seo\/ -->\n<title>Affinity Smart Heat Expansion Board - Bromic Heating Deutschland<\/title>\n<meta name=\"description\" content=\"Verbessern Sie Ihren Outdoor-Komfort mit dem Erweiterungsplatinen-Zubeh\u00f6r von Bromic. Erreichen Sie eine nahtlose Ethernet-Integration und zuverl\u00e4ssige Konnektivit\u00e4t mit 0-10-V-Unterst\u00fctzung f\u00fcr die Heim- oder Gesch\u00e4ftsautomatisierung. Kompatibel mit Ein\/Aus- und Dimmersteuerungen.\" \/>\n<meta name=\"robots\" content=\"index, follow, max-snippet:-1, max-image-preview:large, max-video-preview:-1\" \/>\n<link rel=\"canonical\" href=\"https:\/\/www-bromic-de.bromicpimstg.sites.hosting.454.agency\/de\/produkt\/affinity-smart-heat-expansion-board\/\" \/>\n<meta property=\"og:locale\" content=\"de_DE\" \/>\n<meta property=\"og:type\" content=\"article\" \/>\n<meta property=\"og:title\" content=\"Affinity Smart Heat Expansion Board - Bromic Heating Deutschland\" \/>\n<meta property=\"og:description\" content=\"Verbessern Sie Ihren Outdoor-Komfort mit dem Erweiterungsplatinen-Zubeh\u00f6r von Bromic. Erreichen Sie eine nahtlose Ethernet-Integration und zuverl\u00e4ssige Konnektivit\u00e4t mit 0-10-V-Unterst\u00fctzung f\u00fcr die Heim- oder Gesch\u00e4ftsautomatisierung. Kompatibel mit Ein\/Aus- und Dimmersteuerungen.\" \/>\n<meta property=\"og:url\" content=\"https:\/\/www-bromic-de.bromicpimstg.sites.hosting.454.agency\/de\/produkt\/affinity-smart-heat-expansion-board\/\" \/>\n<meta property=\"og:site_name\" content=\"Bromic Heating Deutschland\" \/>\n<meta property=\"article:modified_time\" content=\"2025-06-26T20:46:28+00:00\" \/>\n<meta property=\"og:image\" content=\"https:\/\/www-bromic-de.bromicpimstg.sites.hosting.454.agency\/wp-content\/uploads\/sites\/9\/2025\/06\/Expansion-Board-1600x1600.png\" \/>\n\t<meta property=\"og:image:width\" content=\"1600\" \/>\n\t<meta property=\"og:image:height\" content=\"1600\" \/>\n\t<meta property=\"og:image:type\" content=\"image\/png\" \/>\n<meta name=\"twitter:card\" content=\"summary_large_image\" \/>\n<meta name=\"twitter:label1\" content=\"Gesch\u00e4tzte Lesezeit\" \/>\n\t<meta name=\"twitter:data1\" content=\"1\u00a0Minute\" \/>\n<script type=\"application\/ld+json\" class=\"yoast-schema-graph\">{\"@context\":\"https:\/\/schema.org\",\"@graph\":[{\"@type\":\"WebPage\",\"@id\":\"https:\/\/www-bromic-de.bromicpimstg.sites.hosting.454.agency\/de\/produkt\/affinity-smart-heat-expansion-board\/\",\"url\":\"https:\/\/www-bromic-de.bromicpimstg.sites.hosting.454.agency\/de\/produkt\/affinity-smart-heat-expansion-board\/\",\"name\":\"Affinity Smart Heat Expansion Board - Bromic Heating Deutschland\",\"isPartOf\":{\"@id\":\"https:\/\/www-bromic-de.bromicpimstg.sites.hosting.454.agency\/de\/#website\"},\"primaryImageOfPage\":{\"@id\":\"https:\/\/www-bromic-de.bromicpimstg.sites.hosting.454.agency\/de\/produkt\/affinity-smart-heat-expansion-board\/#primaryimage\"},\"image\":{\"@id\":\"https:\/\/www-bromic-de.bromicpimstg.sites.hosting.454.agency\/de\/produkt\/affinity-smart-heat-expansion-board\/#primaryimage\"},\"thumbnailUrl\":\"https:\/\/www-bromic-de.bromicpimstg.sites.hosting.454.agency\/wp-content\/uploads\/sites\/9\/2025\/06\/Expansion-Board.png\",\"datePublished\":\"2024-10-17T18:24:42+00:00\",\"dateModified\":\"2025-06-26T20:46:28+00:00\",\"description\":\"Verbessern Sie Ihren Outdoor-Komfort mit dem Erweiterungsplatinen-Zubeh\u00f6r von Bromic. Erreichen Sie eine nahtlose Ethernet-Integration und zuverl\u00e4ssige Konnektivit\u00e4t mit 0-10-V-Unterst\u00fctzung f\u00fcr die Heim- oder Gesch\u00e4ftsautomatisierung. Kompatibel mit Ein\/Aus- und Dimmersteuerungen.\",\"breadcrumb\":{\"@id\":\"https:\/\/www-bromic-de.bromicpimstg.sites.hosting.454.agency\/de\/produkt\/affinity-smart-heat-expansion-board\/#breadcrumb\"},\"inLanguage\":\"de\",\"potentialAction\":[{\"@type\":\"ReadAction\",\"target\":[\"https:\/\/www-bromic-de.bromicpimstg.sites.hosting.454.agency\/de\/produkt\/affinity-smart-heat-expansion-board\/\"]}]},{\"@type\":\"ImageObject\",\"inLanguage\":\"de\",\"@id\":\"https:\/\/www-bromic-de.bromicpimstg.sites.hosting.454.agency\/de\/produkt\/affinity-smart-heat-expansion-board\/#primaryimage\",\"url\":\"https:\/\/www-bromic-de.bromicpimstg.sites.hosting.454.agency\/wp-content\/uploads\/sites\/9\/2025\/06\/Expansion-Board.png\",\"contentUrl\":\"https:\/\/www-bromic-de.bromicpimstg.sites.hosting.454.agency\/wp-content\/uploads\/sites\/9\/2025\/06\/Expansion-Board.png\",\"width\":3375,\"height\":3375},{\"@type\":\"BreadcrumbList\",\"@id\":\"https:\/\/www-bromic-de.bromicpimstg.sites.hosting.454.agency\/de\/produkt\/affinity-smart-heat-expansion-board\/#breadcrumb\",\"itemListElement\":[{\"@type\":\"ListItem\",\"position\":1,\"name\":\"Startseite\",\"item\":\"https:\/\/www-bromic-de.bromicpimstg.sites.hosting.454.agency\/de\/\"},{\"@type\":\"ListItem\",\"position\":2,\"name\":\"Produkte\",\"item\":\"https:\/\/www-bromic-de.bromicpimstg.sites.hosting.454.agency\/de\/produkte\/\"},{\"@type\":\"ListItem\",\"position\":3,\"name\":\"Affinity Smart-Heat\u2122 Expansion Board\"}]},{\"@type\":\"WebSite\",\"@id\":\"https:\/\/www-bromic-de.bromicpimstg.sites.hosting.454.agency\/de\/#website\",\"url\":\"https:\/\/www-bromic-de.bromicpimstg.sites.hosting.454.agency\/de\/\",\"name\":\"Bromic Heating Deutschland\",\"description\":\"\",\"publisher\":{\"@id\":\"https:\/\/www-bromic-de.bromicpimstg.sites.hosting.454.agency\/de\/#organization\"},\"potentialAction\":[{\"@type\":\"SearchAction\",\"target\":{\"@type\":\"EntryPoint\",\"urlTemplate\":\"https:\/\/www-bromic-de.bromicpimstg.sites.hosting.454.agency\/de\/?s={search_term_string}\"},\"query-input\":{\"@type\":\"PropertyValueSpecification\",\"valueRequired\":true,\"valueName\":\"search_term_string\"}}],\"inLanguage\":\"de\"},{\"@type\":\"Organization\",\"@id\":\"https:\/\/www-bromic-de.bromicpimstg.sites.hosting.454.agency\/de\/#organization\",\"name\":\"Bromic Heating Deutschland\",\"url\":\"https:\/\/www-bromic-de.bromicpimstg.sites.hosting.454.agency\/de\/\",\"logo\":{\"@type\":\"ImageObject\",\"inLanguage\":\"de\",\"@id\":\"https:\/\/www-bromic-de.bromicpimstg.sites.hosting.454.agency\/de\/#\/schema\/logo\/image\/\",\"url\":\"https:\/\/www-bromic-de.bromicpimstg.sites.hosting.454.agency\/wp-content\/uploads\/sites\/9\/2021\/09\/bromic-logo.png\",\"contentUrl\":\"https:\/\/www-bromic-de.bromicpimstg.sites.hosting.454.agency\/wp-content\/uploads\/sites\/9\/2021\/09\/bromic-logo.png\",\"width\":1000,\"height\":342,\"caption\":\"Bromic Heating Deutschland\"},\"image\":{\"@id\":\"https:\/\/www-bromic-de.bromicpimstg.sites.hosting.454.agency\/de\/#\/schema\/logo\/image\/\"}}]}<\/script>\n<!-- \/ Yoast SEO plugin. -->","yoast_head_json":{"title":"Affinity Smart Heat Expansion Board - Bromic Heating Deutschland","description":"Verbessern Sie Ihren Outdoor-Komfort mit dem Erweiterungsplatinen-Zubeh\u00f6r von Bromic. Erreichen Sie eine nahtlose Ethernet-Integration und zuverl\u00e4ssige Konnektivit\u00e4t mit 0-10-V-Unterst\u00fctzung f\u00fcr die Heim- oder Gesch\u00e4ftsautomatisierung. Kompatibel mit Ein\/Aus- und Dimmersteuerungen.","robots":{"index":"index","follow":"follow","max-snippet":"max-snippet:-1","max-image-preview":"max-image-preview:large","max-video-preview":"max-video-preview:-1"},"canonical":"https:\/\/www-bromic-de.bromicpimstg.sites.hosting.454.agency\/de\/produkt\/affinity-smart-heat-expansion-board\/","og_locale":"de_DE","og_type":"article","og_title":"Affinity Smart Heat Expansion Board - Bromic Heating Deutschland","og_description":"Verbessern Sie Ihren Outdoor-Komfort mit dem Erweiterungsplatinen-Zubeh\u00f6r von Bromic. Erreichen Sie eine nahtlose Ethernet-Integration und zuverl\u00e4ssige Konnektivit\u00e4t mit 0-10-V-Unterst\u00fctzung f\u00fcr die Heim- oder Gesch\u00e4ftsautomatisierung. Kompatibel mit Ein\/Aus- und Dimmersteuerungen.","og_url":"https:\/\/www-bromic-de.bromicpimstg.sites.hosting.454.agency\/de\/produkt\/affinity-smart-heat-expansion-board\/","og_site_name":"Bromic Heating Deutschland","article_modified_time":"2025-06-26T20:46:28+00:00","og_image":[{"width":1600,"height":1600,"url":"https:\/\/www-bromic-de.bromicpimstg.sites.hosting.454.agency\/wp-content\/uploads\/sites\/9\/2025\/06\/Expansion-Board-1600x1600.png","type":"image\/png"}],"twitter_card":"summary_large_image","twitter_misc":{"Gesch\u00e4tzte Lesezeit":"1\u00a0Minute"},"schema":{"@context":"https:\/\/schema.org","@graph":[{"@type":"WebPage","@id":"https:\/\/www-bromic-de.bromicpimstg.sites.hosting.454.agency\/de\/produkt\/affinity-smart-heat-expansion-board\/","url":"https:\/\/www-bromic-de.bromicpimstg.sites.hosting.454.agency\/de\/produkt\/affinity-smart-heat-expansion-board\/","name":"Affinity Smart Heat Expansion Board - Bromic Heating Deutschland","isPartOf":{"@id":"https:\/\/www-bromic-de.bromicpimstg.sites.hosting.454.agency\/de\/#website"},"primaryImageOfPage":{"@id":"https:\/\/www-bromic-de.bromicpimstg.sites.hosting.454.agency\/de\/produkt\/affinity-smart-heat-expansion-board\/#primaryimage"},"image":{"@id":"https:\/\/www-bromic-de.bromicpimstg.sites.hosting.454.agency\/de\/produkt\/affinity-smart-heat-expansion-board\/#primaryimage"},"thumbnailUrl":"https:\/\/www-bromic-de.bromicpimstg.sites.hosting.454.agency\/wp-content\/uploads\/sites\/9\/2025\/06\/Expansion-Board.png","datePublished":"2024-10-17T18:24:42+00:00","dateModified":"2025-06-26T20:46:28+00:00","description":"Verbessern Sie Ihren Outdoor-Komfort mit dem Erweiterungsplatinen-Zubeh\u00f6r von Bromic. Erreichen Sie eine nahtlose Ethernet-Integration und zuverl\u00e4ssige Konnektivit\u00e4t mit 0-10-V-Unterst\u00fctzung f\u00fcr die Heim- oder Gesch\u00e4ftsautomatisierung. Kompatibel mit Ein\/Aus- und Dimmersteuerungen.","breadcrumb":{"@id":"https:\/\/www-bromic-de.bromicpimstg.sites.hosting.454.agency\/de\/produkt\/affinity-smart-heat-expansion-board\/#breadcrumb"},"inLanguage":"de","potentialAction":[{"@type":"ReadAction","target":["https:\/\/www-bromic-de.bromicpimstg.sites.hosting.454.agency\/de\/produkt\/affinity-smart-heat-expansion-board\/"]}]},{"@type":"ImageObject","inLanguage":"de","@id":"https:\/\/www-bromic-de.bromicpimstg.sites.hosting.454.agency\/de\/produkt\/affinity-smart-heat-expansion-board\/#primaryimage","url":"https:\/\/www-bromic-de.bromicpimstg.sites.hosting.454.agency\/wp-content\/uploads\/sites\/9\/2025\/06\/Expansion-Board.png","contentUrl":"https:\/\/www-bromic-de.bromicpimstg.sites.hosting.454.agency\/wp-content\/uploads\/sites\/9\/2025\/06\/Expansion-Board.png","width":3375,"height":3375},{"@type":"BreadcrumbList","@id":"https:\/\/www-bromic-de.bromicpimstg.sites.hosting.454.agency\/de\/produkt\/affinity-smart-heat-expansion-board\/#breadcrumb","itemListElement":[{"@type":"ListItem","position":1,"name":"Startseite","item":"https:\/\/www-bromic-de.bromicpimstg.sites.hosting.454.agency\/de\/"},{"@type":"ListItem","position":2,"name":"Produkte","item":"https:\/\/www-bromic-de.bromicpimstg.sites.hosting.454.agency\/de\/produkte\/"},{"@type":"ListItem","position":3,"name":"Affinity Smart-Heat\u2122 Expansion Board"}]},{"@type":"WebSite","@id":"https:\/\/www-bromic-de.bromicpimstg.sites.hosting.454.agency\/de\/#website","url":"https:\/\/www-bromic-de.bromicpimstg.sites.hosting.454.agency\/de\/","name":"Bromic Heating Deutschland","description":"","publisher":{"@id":"https:\/\/www-bromic-de.bromicpimstg.sites.hosting.454.agency\/de\/#organization"},"potentialAction":[{"@type":"SearchAction","target":{"@type":"EntryPoint","urlTemplate":"https:\/\/www-bromic-de.bromicpimstg.sites.hosting.454.agency\/de\/?s={search_term_string}"},"query-input":{"@type":"PropertyValueSpecification","valueRequired":true,"valueName":"search_term_string"}}],"inLanguage":"de"},{"@type":"Organization","@id":"https:\/\/www-bromic-de.bromicpimstg.sites.hosting.454.agency\/de\/#organization","name":"Bromic Heating Deutschland","url":"https:\/\/www-bromic-de.bromicpimstg.sites.hosting.454.agency\/de\/","logo":{"@type":"ImageObject","inLanguage":"de","@id":"https:\/\/www-bromic-de.bromicpimstg.sites.hosting.454.agency\/de\/#\/schema\/logo\/image\/","url":"https:\/\/www-bromic-de.bromicpimstg.sites.hosting.454.agency\/wp-content\/uploads\/sites\/9\/2021\/09\/bromic-logo.png","contentUrl":"https:\/\/www-bromic-de.bromicpimstg.sites.hosting.454.agency\/wp-content\/uploads\/sites\/9\/2021\/09\/bromic-logo.png","width":1000,"height":342,"caption":"Bromic Heating Deutschland"},"image":{"@id":"https:\/\/www-bromic-de.bromicpimstg.sites.hosting.454.agency\/de\/#\/schema\/logo\/image\/"}}]}},"_links":{"self":[{"href":"https:\/\/www-bromic-de.bromicpimstg.sites.hosting.454.agency\/de\/wp-json\/wp\/v2\/product\/54883","targetHints":{"allow":["GET"]}}],"collection":[{"href":"https:\/\/www-bromic-de.bromicpimstg.sites.hosting.454.agency\/de\/wp-json\/wp\/v2\/product"}],"about":[{"href":"https:\/\/www-bromic-de.bromicpimstg.sites.hosting.454.agency\/de\/wp-json\/wp\/v2\/types\/product"}],"replies":[{"embeddable":true,"href":"https:\/\/www-bromic-de.bromicpimstg.sites.hosting.454.agency\/de\/wp-json\/wp\/v2\/comments?post=54883"}],"wp:featuredmedia":[{"embeddable":true,"href":"https:\/\/www-bromic-de.bromicpimstg.sites.hosting.454.agency\/de\/wp-json\/wp\/v2\/media\/55245"}],"wp:attachment":[{"href":"https:\/\/www-bromic-de.bromicpimstg.sites.hosting.454.agency\/de\/wp-json\/wp\/v2\/media?parent=54883"}],"wp:term":[{"taxonomy":"product_brand","embeddable":true,"href":"https:\/\/www-bromic-de.bromicpimstg.sites.hosting.454.agency\/de\/wp-json\/wp\/v2\/product_brand?post=54883"},{"taxonomy":"product_cat","embeddable":true,"href":"https:\/\/www-bromic-de.bromicpimstg.sites.hosting.454.agency\/de\/wp-json\/wp\/v2\/product_cat?post=54883"},{"taxonomy":"product_tag","embeddable":true,"href":"https:\/\/www-bromic-de.bromicpimstg.sites.hosting.454.agency\/de\/wp-json\/wp\/v2\/product_tag?post=54883"}],"curies":[{"name":"wp","href":"https:\/\/api.w.org\/{rel}","templated":true}]}}