{"id":53232,"date":"2021-10-12T18:53:28","date_gmt":"2021-10-13T01:53:28","guid":{"rendered":"https:\/\/www-bromic-de.bromicpimstg.sites.hosting.454.agency\/product\/tungsten-electric-wandhalterung\/"},"modified":"2025-01-28T16:56:00","modified_gmt":"2025-01-28T23:56:00","slug":"tungsten-electric-wandhalterung","status":"publish","type":"product","link":"https:\/\/www-bromic-de.bromicpimstg.sites.hosting.454.agency\/de\/produkt\/tungsten-electric-wandhalterung\/","title":{"rendered":"Tungsten Electric Wandhalterung"},"content":{"rendered":"<p>Unsere Tungsten Electric Wandhalterung wird kostenlos mit jedem Tungsten Electric Heizger\u00e4t geliefert und stellt sicher, dass Ihr Heizger\u00e4t einfach an W\u00e4nden und Strukturen montiert werden kann, w\u00e4hrend es die notwendigen Abstandsanforderungen erf\u00fcllt. Mit der Halterung kann das Heizger\u00e4t gerade oder in einem Winkel von 30 Grad montiert werden.<\/p>\n","protected":false},"excerpt":{"rendered":"<p>Unsere Tungsten Electric Wandhalterung wird kostenlos mit jedem Tungsten Electric Heizger\u00e4t geliefert und stellt sicher, dass Ihr Heizger\u00e4t einfach an W\u00e4nden und Strukturen montiert werden kann, w\u00e4hrend es die notwendigen Abstandsanforderungen erf\u00fcllt. Mit der Halterung kann das Heizger\u00e4t gerade oder in einem Winkel von 30 Grad montiert werden.<\/p>\n","protected":false},"featured_media":39774,"comment_status":"closed","ping_status":"closed","template":"","meta":{"_acf_changed":false},"product_brand":[],"product_cat":[15,515],"product_tag":[],"class_list":{"0":"post-53232","1":"product","2":"type-product","3":"status-publish","4":"has-post-thumbnail","6":"product-collection-tungsten-de","7":"product-install-type-wandmontage-de","8":"product-fuel-type-elektrisch-de","9":"product-color-rostfreier-stahl-de","10":"product-color-schwarz-de","11":"product-color-weiss-de","12":"product_cat-heizstrahler-de","13":"product_cat-zubehor-de","15":"first","16":"outofstock","17":"shipping-taxable","18":"product-type-simple"},"acf":[],"yoast_head":"<!-- This site is optimized with the Yoast SEO plugin v26.1.1 - https:\/\/yoast.com\/wordpress\/plugins\/seo\/ -->\n<title>Tungsten-Electric-Wandhalterung | Bromic Heating Deutschland<\/title>\n<meta name=\"description\" content=\"Mit dieser Wandhalterung k\u00f6nnen Sie Ihr Heizger\u00e4t einfach an W\u00e4nden und Strukturen montieren. Kostenloser Designservice \u2713 Beste Preise \u2713 Garantie \u2713\" \/>\n<meta name=\"robots\" content=\"index, follow, max-snippet:-1, max-image-preview:large, max-video-preview:-1\" \/>\n<link rel=\"canonical\" href=\"https:\/\/www-bromic-de.bromicpimstg.sites.hosting.454.agency\/de\/produkt\/tungsten-electric-wandhalterung\/\" \/>\n<meta property=\"og:locale\" content=\"de_DE\" \/>\n<meta property=\"og:type\" content=\"article\" \/>\n<meta property=\"og:title\" content=\"Tungsten-Electric-Wandhalterung | Bromic Heating Deutschland\" \/>\n<meta property=\"og:description\" content=\"Mit dieser Wandhalterung k\u00f6nnen Sie Ihr Heizger\u00e4t einfach an W\u00e4nden und Strukturen montieren. Kostenloser Designservice \u2713 Beste Preise \u2713 Garantie \u2713\" \/>\n<meta property=\"og:url\" content=\"https:\/\/www-bromic-de.bromicpimstg.sites.hosting.454.agency\/de\/produkt\/tungsten-electric-wandhalterung\/\" \/>\n<meta property=\"og:site_name\" content=\"Bromic Heating Deutschland\" \/>\n<meta property=\"article:modified_time\" content=\"2025-01-28T23:56:00+00:00\" \/>\n<meta property=\"og:image\" content=\"https:\/\/www-bromic-de.bromicpimstg.sites.hosting.454.agency\/wp-content\/uploads\/sites\/9\/2023\/08\/BromicTungstenElectic_White.jpg\" \/>\n\t<meta property=\"og:image:width\" content=\"2560\" \/>\n\t<meta property=\"og:image:height\" content=\"1809\" \/>\n\t<meta property=\"og:image:type\" content=\"image\/jpeg\" \/>\n<meta name=\"twitter:card\" content=\"summary_large_image\" \/>\n<meta name=\"twitter:label1\" content=\"Gesch\u00e4tzte Lesezeit\" \/>\n\t<meta name=\"twitter:data1\" content=\"1\u00a0Minute\" \/>\n<script type=\"application\/ld+json\" class=\"yoast-schema-graph\">{\"@context\":\"https:\/\/schema.org\",\"@graph\":[{\"@type\":\"WebPage\",\"@id\":\"https:\/\/www-bromic-de.bromicpimstg.sites.hosting.454.agency\/de\/produkt\/tungsten-electric-wandhalterung\/\",\"url\":\"https:\/\/www-bromic-de.bromicpimstg.sites.hosting.454.agency\/de\/produkt\/tungsten-electric-wandhalterung\/\",\"name\":\"Tungsten-Electric-Wandhalterung | Bromic Heating Deutschland\",\"isPartOf\":{\"@id\":\"https:\/\/www-bromic-de.bromicpimstg.sites.hosting.454.agency\/de\/#website\"},\"primaryImageOfPage\":{\"@id\":\"https:\/\/www-bromic-de.bromicpimstg.sites.hosting.454.agency\/de\/produkt\/tungsten-electric-wandhalterung\/#primaryimage\"},\"image\":{\"@id\":\"https:\/\/www-bromic-de.bromicpimstg.sites.hosting.454.agency\/de\/produkt\/tungsten-electric-wandhalterung\/#primaryimage\"},\"thumbnailUrl\":\"https:\/\/www-bromic-de.bromicpimstg.sites.hosting.454.agency\/wp-content\/uploads\/sites\/9\/2023\/08\/BromicTungstenElectic_White.jpg\",\"datePublished\":\"2021-10-13T01:53:28+00:00\",\"dateModified\":\"2025-01-28T23:56:00+00:00\",\"description\":\"Mit dieser Wandhalterung k\u00f6nnen Sie Ihr Heizger\u00e4t einfach an W\u00e4nden und Strukturen montieren. Kostenloser Designservice \u2713 Beste Preise \u2713 Garantie \u2713\",\"breadcrumb\":{\"@id\":\"https:\/\/www-bromic-de.bromicpimstg.sites.hosting.454.agency\/de\/produkt\/tungsten-electric-wandhalterung\/#breadcrumb\"},\"inLanguage\":\"de\",\"potentialAction\":[{\"@type\":\"ReadAction\",\"target\":[\"https:\/\/www-bromic-de.bromicpimstg.sites.hosting.454.agency\/de\/produkt\/tungsten-electric-wandhalterung\/\"]}]},{\"@type\":\"ImageObject\",\"inLanguage\":\"de\",\"@id\":\"https:\/\/www-bromic-de.bromicpimstg.sites.hosting.454.agency\/de\/produkt\/tungsten-electric-wandhalterung\/#primaryimage\",\"url\":\"https:\/\/www-bromic-de.bromicpimstg.sites.hosting.454.agency\/wp-content\/uploads\/sites\/9\/2023\/08\/BromicTungstenElectic_White.jpg\",\"contentUrl\":\"https:\/\/www-bromic-de.bromicpimstg.sites.hosting.454.agency\/wp-content\/uploads\/sites\/9\/2023\/08\/BromicTungstenElectic_White.jpg\",\"width\":2560,\"height\":1809,\"caption\":\"Wei\u00dfer Heizstrahler auf gr\u00fcner Wand in einem Innenhof\"},{\"@type\":\"BreadcrumbList\",\"@id\":\"https:\/\/www-bromic-de.bromicpimstg.sites.hosting.454.agency\/de\/produkt\/tungsten-electric-wandhalterung\/#breadcrumb\",\"itemListElement\":[{\"@type\":\"ListItem\",\"position\":1,\"name\":\"Startseite\",\"item\":\"https:\/\/www-bromic-de.bromicpimstg.sites.hosting.454.agency\/de\/\"},{\"@type\":\"ListItem\",\"position\":2,\"name\":\"Produkte\",\"item\":\"https:\/\/www-bromic-de.bromicpimstg.sites.hosting.454.agency\/de\/produkte\/\"},{\"@type\":\"ListItem\",\"position\":3,\"name\":\"Tungsten Electric Wandhalterung\"}]},{\"@type\":\"WebSite\",\"@id\":\"https:\/\/www-bromic-de.bromicpimstg.sites.hosting.454.agency\/de\/#website\",\"url\":\"https:\/\/www-bromic-de.bromicpimstg.sites.hosting.454.agency\/de\/\",\"name\":\"Bromic Heating Deutschland\",\"description\":\"\",\"publisher\":{\"@id\":\"https:\/\/www-bromic-de.bromicpimstg.sites.hosting.454.agency\/de\/#organization\"},\"potentialAction\":[{\"@type\":\"SearchAction\",\"target\":{\"@type\":\"EntryPoint\",\"urlTemplate\":\"https:\/\/www-bromic-de.bromicpimstg.sites.hosting.454.agency\/de\/?s={search_term_string}\"},\"query-input\":{\"@type\":\"PropertyValueSpecification\",\"valueRequired\":true,\"valueName\":\"search_term_string\"}}],\"inLanguage\":\"de\"},{\"@type\":\"Organization\",\"@id\":\"https:\/\/www-bromic-de.bromicpimstg.sites.hosting.454.agency\/de\/#organization\",\"name\":\"Bromic Heating Deutschland\",\"url\":\"https:\/\/www-bromic-de.bromicpimstg.sites.hosting.454.agency\/de\/\",\"logo\":{\"@type\":\"ImageObject\",\"inLanguage\":\"de\",\"@id\":\"https:\/\/www-bromic-de.bromicpimstg.sites.hosting.454.agency\/de\/#\/schema\/logo\/image\/\",\"url\":\"https:\/\/www-bromic-de.bromicpimstg.sites.hosting.454.agency\/wp-content\/uploads\/sites\/9\/2021\/09\/bromic-logo.png\",\"contentUrl\":\"https:\/\/www-bromic-de.bromicpimstg.sites.hosting.454.agency\/wp-content\/uploads\/sites\/9\/2021\/09\/bromic-logo.png\",\"width\":1000,\"height\":342,\"caption\":\"Bromic Heating Deutschland\"},\"image\":{\"@id\":\"https:\/\/www-bromic-de.bromicpimstg.sites.hosting.454.agency\/de\/#\/schema\/logo\/image\/\"}}]}<\/script>\n<!-- \/ Yoast SEO plugin. -->","yoast_head_json":{"title":"Tungsten-Electric-Wandhalterung | Bromic Heating Deutschland","description":"Mit dieser Wandhalterung k\u00f6nnen Sie Ihr Heizger\u00e4t einfach an W\u00e4nden und Strukturen montieren. Kostenloser Designservice \u2713 Beste Preise \u2713 Garantie \u2713","robots":{"index":"index","follow":"follow","max-snippet":"max-snippet:-1","max-image-preview":"max-image-preview:large","max-video-preview":"max-video-preview:-1"},"canonical":"https:\/\/www-bromic-de.bromicpimstg.sites.hosting.454.agency\/de\/produkt\/tungsten-electric-wandhalterung\/","og_locale":"de_DE","og_type":"article","og_title":"Tungsten-Electric-Wandhalterung | Bromic Heating Deutschland","og_description":"Mit dieser Wandhalterung k\u00f6nnen Sie Ihr Heizger\u00e4t einfach an W\u00e4nden und Strukturen montieren. Kostenloser Designservice \u2713 Beste Preise \u2713 Garantie \u2713","og_url":"https:\/\/www-bromic-de.bromicpimstg.sites.hosting.454.agency\/de\/produkt\/tungsten-electric-wandhalterung\/","og_site_name":"Bromic Heating Deutschland","article_modified_time":"2025-01-28T23:56:00+00:00","og_image":[{"width":2560,"height":1809,"url":"https:\/\/www-bromic-de.bromicpimstg.sites.hosting.454.agency\/wp-content\/uploads\/sites\/9\/2023\/08\/BromicTungstenElectic_White.jpg","type":"image\/jpeg"}],"twitter_card":"summary_large_image","twitter_misc":{"Gesch\u00e4tzte Lesezeit":"1\u00a0Minute"},"schema":{"@context":"https:\/\/schema.org","@graph":[{"@type":"WebPage","@id":"https:\/\/www-bromic-de.bromicpimstg.sites.hosting.454.agency\/de\/produkt\/tungsten-electric-wandhalterung\/","url":"https:\/\/www-bromic-de.bromicpimstg.sites.hosting.454.agency\/de\/produkt\/tungsten-electric-wandhalterung\/","name":"Tungsten-Electric-Wandhalterung | Bromic Heating Deutschland","isPartOf":{"@id":"https:\/\/www-bromic-de.bromicpimstg.sites.hosting.454.agency\/de\/#website"},"primaryImageOfPage":{"@id":"https:\/\/www-bromic-de.bromicpimstg.sites.hosting.454.agency\/de\/produkt\/tungsten-electric-wandhalterung\/#primaryimage"},"image":{"@id":"https:\/\/www-bromic-de.bromicpimstg.sites.hosting.454.agency\/de\/produkt\/tungsten-electric-wandhalterung\/#primaryimage"},"thumbnailUrl":"https:\/\/www-bromic-de.bromicpimstg.sites.hosting.454.agency\/wp-content\/uploads\/sites\/9\/2023\/08\/BromicTungstenElectic_White.jpg","datePublished":"2021-10-13T01:53:28+00:00","dateModified":"2025-01-28T23:56:00+00:00","description":"Mit dieser Wandhalterung k\u00f6nnen Sie Ihr Heizger\u00e4t einfach an W\u00e4nden und Strukturen montieren. Kostenloser Designservice \u2713 Beste Preise \u2713 Garantie \u2713","breadcrumb":{"@id":"https:\/\/www-bromic-de.bromicpimstg.sites.hosting.454.agency\/de\/produkt\/tungsten-electric-wandhalterung\/#breadcrumb"},"inLanguage":"de","potentialAction":[{"@type":"ReadAction","target":["https:\/\/www-bromic-de.bromicpimstg.sites.hosting.454.agency\/de\/produkt\/tungsten-electric-wandhalterung\/"]}]},{"@type":"ImageObject","inLanguage":"de","@id":"https:\/\/www-bromic-de.bromicpimstg.sites.hosting.454.agency\/de\/produkt\/tungsten-electric-wandhalterung\/#primaryimage","url":"https:\/\/www-bromic-de.bromicpimstg.sites.hosting.454.agency\/wp-content\/uploads\/sites\/9\/2023\/08\/BromicTungstenElectic_White.jpg","contentUrl":"https:\/\/www-bromic-de.bromicpimstg.sites.hosting.454.agency\/wp-content\/uploads\/sites\/9\/2023\/08\/BromicTungstenElectic_White.jpg","width":2560,"height":1809,"caption":"Wei\u00dfer Heizstrahler auf gr\u00fcner Wand in einem Innenhof"},{"@type":"BreadcrumbList","@id":"https:\/\/www-bromic-de.bromicpimstg.sites.hosting.454.agency\/de\/produkt\/tungsten-electric-wandhalterung\/#breadcrumb","itemListElement":[{"@type":"ListItem","position":1,"name":"Startseite","item":"https:\/\/www-bromic-de.bromicpimstg.sites.hosting.454.agency\/de\/"},{"@type":"ListItem","position":2,"name":"Produkte","item":"https:\/\/www-bromic-de.bromicpimstg.sites.hosting.454.agency\/de\/produkte\/"},{"@type":"ListItem","position":3,"name":"Tungsten Electric Wandhalterung"}]},{"@type":"WebSite","@id":"https:\/\/www-bromic-de.bromicpimstg.sites.hosting.454.agency\/de\/#website","url":"https:\/\/www-bromic-de.bromicpimstg.sites.hosting.454.agency\/de\/","name":"Bromic Heating Deutschland","description":"","publisher":{"@id":"https:\/\/www-bromic-de.bromicpimstg.sites.hosting.454.agency\/de\/#organization"},"potentialAction":[{"@type":"SearchAction","target":{"@type":"EntryPoint","urlTemplate":"https:\/\/www-bromic-de.bromicpimstg.sites.hosting.454.agency\/de\/?s={search_term_string}"},"query-input":{"@type":"PropertyValueSpecification","valueRequired":true,"valueName":"search_term_string"}}],"inLanguage":"de"},{"@type":"Organization","@id":"https:\/\/www-bromic-de.bromicpimstg.sites.hosting.454.agency\/de\/#organization","name":"Bromic Heating Deutschland","url":"https:\/\/www-bromic-de.bromicpimstg.sites.hosting.454.agency\/de\/","logo":{"@type":"ImageObject","inLanguage":"de","@id":"https:\/\/www-bromic-de.bromicpimstg.sites.hosting.454.agency\/de\/#\/schema\/logo\/image\/","url":"https:\/\/www-bromic-de.bromicpimstg.sites.hosting.454.agency\/wp-content\/uploads\/sites\/9\/2021\/09\/bromic-logo.png","contentUrl":"https:\/\/www-bromic-de.bromicpimstg.sites.hosting.454.agency\/wp-content\/uploads\/sites\/9\/2021\/09\/bromic-logo.png","width":1000,"height":342,"caption":"Bromic Heating Deutschland"},"image":{"@id":"https:\/\/www-bromic-de.bromicpimstg.sites.hosting.454.agency\/de\/#\/schema\/logo\/image\/"}}]}},"_links":{"self":[{"href":"https:\/\/www-bromic-de.bromicpimstg.sites.hosting.454.agency\/de\/wp-json\/wp\/v2\/product\/53232","targetHints":{"allow":["GET"]}}],"collection":[{"href":"https:\/\/www-bromic-de.bromicpimstg.sites.hosting.454.agency\/de\/wp-json\/wp\/v2\/product"}],"about":[{"href":"https:\/\/www-bromic-de.bromicpimstg.sites.hosting.454.agency\/de\/wp-json\/wp\/v2\/types\/product"}],"replies":[{"embeddable":true,"href":"https:\/\/www-bromic-de.bromicpimstg.sites.hosting.454.agency\/de\/wp-json\/wp\/v2\/comments?post=53232"}],"wp:featuredmedia":[{"embeddable":true,"href":"https:\/\/www-bromic-de.bromicpimstg.sites.hosting.454.agency\/de\/wp-json\/wp\/v2\/media\/39774"}],"wp:attachment":[{"href":"https:\/\/www-bromic-de.bromicpimstg.sites.hosting.454.agency\/de\/wp-json\/wp\/v2\/media?parent=53232"}],"wp:term":[{"taxonomy":"product_brand","embeddable":true,"href":"https:\/\/www-bromic-de.bromicpimstg.sites.hosting.454.agency\/de\/wp-json\/wp\/v2\/product_brand?post=53232"},{"taxonomy":"product_cat","embeddable":true,"href":"https:\/\/www-bromic-de.bromicpimstg.sites.hosting.454.agency\/de\/wp-json\/wp\/v2\/product_cat?post=53232"},{"taxonomy":"product_tag","embeddable":true,"href":"https:\/\/www-bromic-de.bromicpimstg.sites.hosting.454.agency\/de\/wp-json\/wp\/v2\/product_tag?post=53232"}],"curies":[{"name":"wp","href":"https:\/\/api.w.org\/{rel}","templated":true}]}}