{"id":53185,"date":"2021-07-22T16:25:11","date_gmt":"2021-07-22T23:25:11","guid":{"rendered":"https:\/\/www-bromic-de.bromicpimstg.sites.hosting.454.agency\/product\/eclipse-smart-heat-electric\/"},"modified":"2025-10-15T15:49:51","modified_gmt":"2025-10-15T22:49:51","slug":"eclipse-smart-heat-electric","status":"publish","type":"product","link":"https:\/\/www-bromic-de.bromicpimstg.sites.hosting.454.agency\/de\/produkt\/eclipse-smart-heat-electric\/","title":{"rendered":"Eclipse Smart-Heat\u2122 Electric"},"content":{"rendered":"<p>Mit der dimmbaren LED-Beleuchtungsschiene und den 3 Heizstufen der Eclipse Smart-Heat\u2122 Electric-Serie k\u00f6nnen Sie direkt vom Abendessen zu Drinks \u00fcbergehen. Die elegante Keramikglasscheibe und ihr mattschwarzes Erscheinungsbild sorgen f\u00fcr die perfekte Balance zwischen Ambiente, Stil und Funktionalit\u00e4t.<\/p>\n<p>Mitgeliefert werden der Bromic Smart-Heat\u2122 Eclipse-Dimmer und eine Fernbedienung, um die W\u00e4rme- und Lichtabdeckung bequem von Ihrem Sitzplatz aus zu steuern. Der ultimative Komfort f\u00fcr Ihre Zeit im Freien!<\/p>\n<p>Im Lieferumfang des Eclipse Electric ist eine 60-cm-Doppelstange enthalten. Bei Bedarf stehen zus\u00e4tzlich noch f\u00fcnf weitere attraktive Montageoptionen f\u00fcr Wand und Decke zur Verf\u00fcgung.<\/p>\n<p>&nbsp;<\/p>\n","protected":false},"excerpt":{"rendered":"<p>Dimmen Sie das Licht und lassen Sie es hei\u00df<span class=\"Y2IQFc\" lang=\"de\">\u00a0werden <\/span>mit unserem Eclipse-Smart-Heat\u2122-Elektroheizstrahler. Die Bromic-Eclipse-Smart-Heat\u2122-Serie ist in sechs einzigartigen Montageoptionen erh\u00e4ltlich und verleiht designorientierten Au\u00dfenbereichen Stil, W\u00e4rme und Licht.<\/p>\n<p>&nbsp;<\/p>\n","protected":false},"featured_media":55182,"comment_status":"closed","ping_status":"closed","template":"","meta":{"_acf_changed":false},"product_brand":[],"product_cat":[15],"product_tag":[],"class_list":{"0":"post-53185","1":"product","2":"type-product","3":"status-publish","4":"has-post-thumbnail","6":"product-collection-eclipse-de","7":"product-install-type-deckenmontage-de","8":"product-install-type-wandmontage-de","9":"product-fuel-type-elektrisch-de","10":"product-color-schwarz-de","11":"product_cat-heizstrahler-de","13":"first","14":"instock","15":"shipping-taxable","16":"product-type-simple"},"acf":[],"yoast_head":"<!-- This site is optimized with the Yoast SEO plugin v26.1.1 - https:\/\/yoast.com\/wordpress\/plugins\/seo\/ -->\n<title>Eclipse Smart-Heat Electric: W\u00e4rme und Licht in einem\u2734\ufe0f<\/title>\n<meta name=\"description\" content=\"Unsere Eclipse Smart-Heat Electric-Serie ist das richtige Produkt f\u00fcr Sie, wenn Sie eine starke Heizung mit Lichtambiente w\u00fcnschen.\u2705\" \/>\n<meta name=\"robots\" content=\"index, follow, max-snippet:-1, max-image-preview:large, max-video-preview:-1\" \/>\n<link rel=\"canonical\" href=\"https:\/\/www-bromic-de.bromicpimstg.sites.hosting.454.agency\/de\/produkt\/eclipse-smart-heat-electric\/\" \/>\n<meta property=\"og:locale\" content=\"de_DE\" \/>\n<meta property=\"og:type\" content=\"article\" \/>\n<meta property=\"og:title\" content=\"Eclipse Smart-Heat Electric: W\u00e4rme und Licht in einem\u2734\ufe0f\" \/>\n<meta property=\"og:description\" content=\"Unsere Eclipse Smart-Heat Electric-Serie ist das richtige Produkt f\u00fcr Sie, wenn Sie eine starke Heizung mit Lichtambiente w\u00fcnschen.\u2705\" \/>\n<meta property=\"og:url\" content=\"https:\/\/www-bromic-de.bromicpimstg.sites.hosting.454.agency\/de\/produkt\/eclipse-smart-heat-electric\/\" \/>\n<meta property=\"og:site_name\" content=\"Bromic Heating Deutschland\" \/>\n<meta property=\"article:modified_time\" content=\"2025-10-15T22:49:51+00:00\" \/>\n<meta property=\"og:image\" content=\"https:\/\/www-bromic-de.bromicpimstg.sites.hosting.454.agency\/wp-content\/uploads\/sites\/9\/2025\/06\/Eclipse-Electric.png\" \/>\n\t<meta property=\"og:image:width\" content=\"3375\" \/>\n\t<meta property=\"og:image:height\" content=\"3375\" \/>\n\t<meta property=\"og:image:type\" content=\"image\/png\" \/>\n<meta name=\"twitter:card\" content=\"summary_large_image\" \/>\n<meta name=\"twitter:label1\" content=\"Gesch\u00e4tzte Lesezeit\" \/>\n\t<meta name=\"twitter:data1\" content=\"1\u00a0Minute\" \/>\n<script type=\"application\/ld+json\" class=\"yoast-schema-graph\">{\"@context\":\"https:\/\/schema.org\",\"@graph\":[{\"@type\":\"WebPage\",\"@id\":\"https:\/\/www-bromic-de.bromicpimstg.sites.hosting.454.agency\/de\/produkt\/eclipse-smart-heat-electric\/\",\"url\":\"https:\/\/www-bromic-de.bromicpimstg.sites.hosting.454.agency\/de\/produkt\/eclipse-smart-heat-electric\/\",\"name\":\"Eclipse Smart-Heat Electric: W\u00e4rme und Licht in einem\u2734\ufe0f\",\"isPartOf\":{\"@id\":\"https:\/\/www-bromic-de.bromicpimstg.sites.hosting.454.agency\/de\/#website\"},\"primaryImageOfPage\":{\"@id\":\"https:\/\/www-bromic-de.bromicpimstg.sites.hosting.454.agency\/de\/produkt\/eclipse-smart-heat-electric\/#primaryimage\"},\"image\":{\"@id\":\"https:\/\/www-bromic-de.bromicpimstg.sites.hosting.454.agency\/de\/produkt\/eclipse-smart-heat-electric\/#primaryimage\"},\"thumbnailUrl\":\"https:\/\/www-bromic-de.bromicpimstg.sites.hosting.454.agency\/wp-content\/uploads\/sites\/9\/2025\/06\/Eclipse-Electric.png\",\"datePublished\":\"2021-07-22T23:25:11+00:00\",\"dateModified\":\"2025-10-15T22:49:51+00:00\",\"description\":\"Unsere Eclipse Smart-Heat Electric-Serie ist das richtige Produkt f\u00fcr Sie, wenn Sie eine starke Heizung mit Lichtambiente w\u00fcnschen.\u2705\",\"breadcrumb\":{\"@id\":\"https:\/\/www-bromic-de.bromicpimstg.sites.hosting.454.agency\/de\/produkt\/eclipse-smart-heat-electric\/#breadcrumb\"},\"inLanguage\":\"de\",\"potentialAction\":[{\"@type\":\"ReadAction\",\"target\":[\"https:\/\/www-bromic-de.bromicpimstg.sites.hosting.454.agency\/de\/produkt\/eclipse-smart-heat-electric\/\"]}]},{\"@type\":\"ImageObject\",\"inLanguage\":\"de\",\"@id\":\"https:\/\/www-bromic-de.bromicpimstg.sites.hosting.454.agency\/de\/produkt\/eclipse-smart-heat-electric\/#primaryimage\",\"url\":\"https:\/\/www-bromic-de.bromicpimstg.sites.hosting.454.agency\/wp-content\/uploads\/sites\/9\/2025\/06\/Eclipse-Electric.png\",\"contentUrl\":\"https:\/\/www-bromic-de.bromicpimstg.sites.hosting.454.agency\/wp-content\/uploads\/sites\/9\/2025\/06\/Eclipse-Electric.png\",\"width\":3375,\"height\":3375},{\"@type\":\"BreadcrumbList\",\"@id\":\"https:\/\/www-bromic-de.bromicpimstg.sites.hosting.454.agency\/de\/produkt\/eclipse-smart-heat-electric\/#breadcrumb\",\"itemListElement\":[{\"@type\":\"ListItem\",\"position\":1,\"name\":\"Startseite\",\"item\":\"https:\/\/www-bromic-de.bromicpimstg.sites.hosting.454.agency\/de\/\"},{\"@type\":\"ListItem\",\"position\":2,\"name\":\"Produkte\",\"item\":\"https:\/\/www-bromic-de.bromicpimstg.sites.hosting.454.agency\/de\/produkte\/\"},{\"@type\":\"ListItem\",\"position\":3,\"name\":\"Eclipse Smart-Heat\u2122 Electric\"}]},{\"@type\":\"WebSite\",\"@id\":\"https:\/\/www-bromic-de.bromicpimstg.sites.hosting.454.agency\/de\/#website\",\"url\":\"https:\/\/www-bromic-de.bromicpimstg.sites.hosting.454.agency\/de\/\",\"name\":\"Bromic Heating Deutschland\",\"description\":\"\",\"publisher\":{\"@id\":\"https:\/\/www-bromic-de.bromicpimstg.sites.hosting.454.agency\/de\/#organization\"},\"potentialAction\":[{\"@type\":\"SearchAction\",\"target\":{\"@type\":\"EntryPoint\",\"urlTemplate\":\"https:\/\/www-bromic-de.bromicpimstg.sites.hosting.454.agency\/de\/?s={search_term_string}\"},\"query-input\":{\"@type\":\"PropertyValueSpecification\",\"valueRequired\":true,\"valueName\":\"search_term_string\"}}],\"inLanguage\":\"de\"},{\"@type\":\"Organization\",\"@id\":\"https:\/\/www-bromic-de.bromicpimstg.sites.hosting.454.agency\/de\/#organization\",\"name\":\"Bromic Heating Deutschland\",\"url\":\"https:\/\/www-bromic-de.bromicpimstg.sites.hosting.454.agency\/de\/\",\"logo\":{\"@type\":\"ImageObject\",\"inLanguage\":\"de\",\"@id\":\"https:\/\/www-bromic-de.bromicpimstg.sites.hosting.454.agency\/de\/#\/schema\/logo\/image\/\",\"url\":\"https:\/\/www-bromic-de.bromicpimstg.sites.hosting.454.agency\/wp-content\/uploads\/sites\/9\/2021\/09\/bromic-logo.png\",\"contentUrl\":\"https:\/\/www-bromic-de.bromicpimstg.sites.hosting.454.agency\/wp-content\/uploads\/sites\/9\/2021\/09\/bromic-logo.png\",\"width\":1000,\"height\":342,\"caption\":\"Bromic Heating Deutschland\"},\"image\":{\"@id\":\"https:\/\/www-bromic-de.bromicpimstg.sites.hosting.454.agency\/de\/#\/schema\/logo\/image\/\"}}]}<\/script>\n<!-- \/ Yoast SEO plugin. -->","yoast_head_json":{"title":"Eclipse Smart-Heat Electric: W\u00e4rme und Licht in einem\u2734\ufe0f","description":"Unsere Eclipse Smart-Heat Electric-Serie ist das richtige Produkt f\u00fcr Sie, wenn Sie eine starke Heizung mit Lichtambiente w\u00fcnschen.\u2705","robots":{"index":"index","follow":"follow","max-snippet":"max-snippet:-1","max-image-preview":"max-image-preview:large","max-video-preview":"max-video-preview:-1"},"canonical":"https:\/\/www-bromic-de.bromicpimstg.sites.hosting.454.agency\/de\/produkt\/eclipse-smart-heat-electric\/","og_locale":"de_DE","og_type":"article","og_title":"Eclipse Smart-Heat Electric: W\u00e4rme und Licht in einem\u2734\ufe0f","og_description":"Unsere Eclipse Smart-Heat Electric-Serie ist das richtige Produkt f\u00fcr Sie, wenn Sie eine starke Heizung mit Lichtambiente w\u00fcnschen.\u2705","og_url":"https:\/\/www-bromic-de.bromicpimstg.sites.hosting.454.agency\/de\/produkt\/eclipse-smart-heat-electric\/","og_site_name":"Bromic Heating Deutschland","article_modified_time":"2025-10-15T22:49:51+00:00","og_image":[{"width":3375,"height":3375,"url":"https:\/\/www-bromic-de.bromicpimstg.sites.hosting.454.agency\/wp-content\/uploads\/sites\/9\/2025\/06\/Eclipse-Electric.png","type":"image\/png"}],"twitter_card":"summary_large_image","twitter_misc":{"Gesch\u00e4tzte Lesezeit":"1\u00a0Minute"},"schema":{"@context":"https:\/\/schema.org","@graph":[{"@type":"WebPage","@id":"https:\/\/www-bromic-de.bromicpimstg.sites.hosting.454.agency\/de\/produkt\/eclipse-smart-heat-electric\/","url":"https:\/\/www-bromic-de.bromicpimstg.sites.hosting.454.agency\/de\/produkt\/eclipse-smart-heat-electric\/","name":"Eclipse Smart-Heat Electric: W\u00e4rme und Licht in einem\u2734\ufe0f","isPartOf":{"@id":"https:\/\/www-bromic-de.bromicpimstg.sites.hosting.454.agency\/de\/#website"},"primaryImageOfPage":{"@id":"https:\/\/www-bromic-de.bromicpimstg.sites.hosting.454.agency\/de\/produkt\/eclipse-smart-heat-electric\/#primaryimage"},"image":{"@id":"https:\/\/www-bromic-de.bromicpimstg.sites.hosting.454.agency\/de\/produkt\/eclipse-smart-heat-electric\/#primaryimage"},"thumbnailUrl":"https:\/\/www-bromic-de.bromicpimstg.sites.hosting.454.agency\/wp-content\/uploads\/sites\/9\/2025\/06\/Eclipse-Electric.png","datePublished":"2021-07-22T23:25:11+00:00","dateModified":"2025-10-15T22:49:51+00:00","description":"Unsere Eclipse Smart-Heat Electric-Serie ist das richtige Produkt f\u00fcr Sie, wenn Sie eine starke Heizung mit Lichtambiente w\u00fcnschen.\u2705","breadcrumb":{"@id":"https:\/\/www-bromic-de.bromicpimstg.sites.hosting.454.agency\/de\/produkt\/eclipse-smart-heat-electric\/#breadcrumb"},"inLanguage":"de","potentialAction":[{"@type":"ReadAction","target":["https:\/\/www-bromic-de.bromicpimstg.sites.hosting.454.agency\/de\/produkt\/eclipse-smart-heat-electric\/"]}]},{"@type":"ImageObject","inLanguage":"de","@id":"https:\/\/www-bromic-de.bromicpimstg.sites.hosting.454.agency\/de\/produkt\/eclipse-smart-heat-electric\/#primaryimage","url":"https:\/\/www-bromic-de.bromicpimstg.sites.hosting.454.agency\/wp-content\/uploads\/sites\/9\/2025\/06\/Eclipse-Electric.png","contentUrl":"https:\/\/www-bromic-de.bromicpimstg.sites.hosting.454.agency\/wp-content\/uploads\/sites\/9\/2025\/06\/Eclipse-Electric.png","width":3375,"height":3375},{"@type":"BreadcrumbList","@id":"https:\/\/www-bromic-de.bromicpimstg.sites.hosting.454.agency\/de\/produkt\/eclipse-smart-heat-electric\/#breadcrumb","itemListElement":[{"@type":"ListItem","position":1,"name":"Startseite","item":"https:\/\/www-bromic-de.bromicpimstg.sites.hosting.454.agency\/de\/"},{"@type":"ListItem","position":2,"name":"Produkte","item":"https:\/\/www-bromic-de.bromicpimstg.sites.hosting.454.agency\/de\/produkte\/"},{"@type":"ListItem","position":3,"name":"Eclipse Smart-Heat\u2122 Electric"}]},{"@type":"WebSite","@id":"https:\/\/www-bromic-de.bromicpimstg.sites.hosting.454.agency\/de\/#website","url":"https:\/\/www-bromic-de.bromicpimstg.sites.hosting.454.agency\/de\/","name":"Bromic Heating Deutschland","description":"","publisher":{"@id":"https:\/\/www-bromic-de.bromicpimstg.sites.hosting.454.agency\/de\/#organization"},"potentialAction":[{"@type":"SearchAction","target":{"@type":"EntryPoint","urlTemplate":"https:\/\/www-bromic-de.bromicpimstg.sites.hosting.454.agency\/de\/?s={search_term_string}"},"query-input":{"@type":"PropertyValueSpecification","valueRequired":true,"valueName":"search_term_string"}}],"inLanguage":"de"},{"@type":"Organization","@id":"https:\/\/www-bromic-de.bromicpimstg.sites.hosting.454.agency\/de\/#organization","name":"Bromic Heating Deutschland","url":"https:\/\/www-bromic-de.bromicpimstg.sites.hosting.454.agency\/de\/","logo":{"@type":"ImageObject","inLanguage":"de","@id":"https:\/\/www-bromic-de.bromicpimstg.sites.hosting.454.agency\/de\/#\/schema\/logo\/image\/","url":"https:\/\/www-bromic-de.bromicpimstg.sites.hosting.454.agency\/wp-content\/uploads\/sites\/9\/2021\/09\/bromic-logo.png","contentUrl":"https:\/\/www-bromic-de.bromicpimstg.sites.hosting.454.agency\/wp-content\/uploads\/sites\/9\/2021\/09\/bromic-logo.png","width":1000,"height":342,"caption":"Bromic Heating Deutschland"},"image":{"@id":"https:\/\/www-bromic-de.bromicpimstg.sites.hosting.454.agency\/de\/#\/schema\/logo\/image\/"}}]}},"_links":{"self":[{"href":"https:\/\/www-bromic-de.bromicpimstg.sites.hosting.454.agency\/de\/wp-json\/wp\/v2\/product\/53185","targetHints":{"allow":["GET"]}}],"collection":[{"href":"https:\/\/www-bromic-de.bromicpimstg.sites.hosting.454.agency\/de\/wp-json\/wp\/v2\/product"}],"about":[{"href":"https:\/\/www-bromic-de.bromicpimstg.sites.hosting.454.agency\/de\/wp-json\/wp\/v2\/types\/product"}],"replies":[{"embeddable":true,"href":"https:\/\/www-bromic-de.bromicpimstg.sites.hosting.454.agency\/de\/wp-json\/wp\/v2\/comments?post=53185"}],"wp:featuredmedia":[{"embeddable":true,"href":"https:\/\/www-bromic-de.bromicpimstg.sites.hosting.454.agency\/de\/wp-json\/wp\/v2\/media\/55182"}],"wp:attachment":[{"href":"https:\/\/www-bromic-de.bromicpimstg.sites.hosting.454.agency\/de\/wp-json\/wp\/v2\/media?parent=53185"}],"wp:term":[{"taxonomy":"product_brand","embeddable":true,"href":"https:\/\/www-bromic-de.bromicpimstg.sites.hosting.454.agency\/de\/wp-json\/wp\/v2\/product_brand?post=53185"},{"taxonomy":"product_cat","embeddable":true,"href":"https:\/\/www-bromic-de.bromicpimstg.sites.hosting.454.agency\/de\/wp-json\/wp\/v2\/product_cat?post=53185"},{"taxonomy":"product_tag","embeddable":true,"href":"https:\/\/www-bromic-de.bromicpimstg.sites.hosting.454.agency\/de\/wp-json\/wp\/v2\/product_tag?post=53185"}],"curies":[{"name":"wp","href":"https:\/\/api.w.org\/{rel}","templated":true}]}}