{"id":53125,"date":"2021-08-20T01:14:03","date_gmt":"2021-08-20T08:14:03","guid":{"rendered":"https:\/\/www-bromic-de.bromicpimstg.sites.hosting.454.agency\/product\/platinum-electric-montagestangen\/"},"modified":"2025-06-26T16:20:09","modified_gmt":"2025-06-26T23:20:09","slug":"platinum-electric-montagestangen","status":"publish","type":"product","link":"https:\/\/www-bromic-de.bromicpimstg.sites.hosting.454.agency\/de\/produkt\/platinum-electric-montagestangen\/","title":{"rendered":"Platinum-Electric-Montagestangen"},"content":{"rendered":"<p><span style=\"vertical-align: inherit;\"><span style=\"vertical-align: inherit;\">Our Platinum Electric mounting poles ensure your Platinum Electric heater is hung at exactly the right height (between 2.4 m and 3.5 m) for optimal heat output. These poles are available in two sizes (60 cm and 120 cm) and can be ordered in addition to the 20 cm pole included with every Platinum Electric heater.<\/span><\/span><\/p>\n","protected":false},"excerpt":{"rendered":"<p>Our Platinum Electric mounting poles ensure your Platinum Electric heater is hung at exactly the right height (between 2.4 m and 3.5 m) for optimal heat output. These poles are available in two sizes (60 cm and 120 cm) and can be ordered in addition to the 20 cm pole included with every Platinum Electric [&hellip;]<\/p>\n","protected":false},"featured_media":55227,"comment_status":"closed","ping_status":"closed","template":"","meta":{"_acf_changed":false},"product_brand":[],"product_cat":[15,515],"product_tag":[],"class_list":{"0":"post-53125","1":"product","2":"type-product","3":"status-publish","4":"has-post-thumbnail","6":"product-collection-marine-de","7":"product-collection-platinum-de","8":"product-install-type-deckenmontage-de","9":"product-fuel-type-elektrisch-de","10":"product_cat-heizstrahler-de","11":"product_cat-zubehor-de","13":"first","14":"instock","15":"shipping-taxable","16":"product-type-variable"},"acf":[],"yoast_head":"<!-- This site is optimized with the Yoast SEO plugin v26.1.1 - https:\/\/yoast.com\/wordpress\/plugins\/seo\/ -->\n<title>Platinum-Electric-Montagestangen | Bromic Heating Deutschland<\/title>\n<meta name=\"description\" content=\"Diese Montagestangen sorgen daf\u00fcr, dass Ihr Heizger\u00e4t genau in der richtigen H\u00f6he aufgeh\u00e4ngt wird. Kostenloser Designservice \u2713 Beste Preise \u2713 Garantie \u2713\" \/>\n<meta name=\"robots\" content=\"index, follow, max-snippet:-1, max-image-preview:large, max-video-preview:-1\" \/>\n<link rel=\"canonical\" href=\"https:\/\/www-bromic-de.bromicpimstg.sites.hosting.454.agency\/de\/produkt\/platinum-electric-montagestangen\/\" \/>\n<meta property=\"og:locale\" content=\"de_DE\" \/>\n<meta property=\"og:type\" content=\"article\" \/>\n<meta property=\"og:title\" content=\"Platinum-Electric-Montagestangen | Bromic Heating Deutschland\" \/>\n<meta property=\"og:description\" content=\"Diese Montagestangen sorgen daf\u00fcr, dass Ihr Heizger\u00e4t genau in der richtigen H\u00f6he aufgeh\u00e4ngt wird. Kostenloser Designservice \u2713 Beste Preise \u2713 Garantie \u2713\" \/>\n<meta property=\"og:url\" content=\"https:\/\/www-bromic-de.bromicpimstg.sites.hosting.454.agency\/de\/produkt\/platinum-electric-montagestangen\/\" \/>\n<meta property=\"og:site_name\" content=\"Bromic Heating Deutschland\" \/>\n<meta property=\"article:modified_time\" content=\"2025-06-26T23:20:09+00:00\" \/>\n<meta property=\"og:image\" content=\"https:\/\/www-bromic-de.bromicpimstg.sites.hosting.454.agency\/wp-content\/uploads\/sites\/9\/2025\/06\/Platinum-Electric-600mm-Pole.png\" \/>\n\t<meta property=\"og:image:width\" content=\"3375\" \/>\n\t<meta property=\"og:image:height\" content=\"3375\" \/>\n\t<meta property=\"og:image:type\" content=\"image\/png\" \/>\n<meta name=\"twitter:card\" content=\"summary_large_image\" \/>\n<meta name=\"twitter:label1\" content=\"Gesch\u00e4tzte Lesezeit\" \/>\n\t<meta name=\"twitter:data1\" content=\"1\u00a0Minute\" \/>\n<script type=\"application\/ld+json\" class=\"yoast-schema-graph\">{\"@context\":\"https:\/\/schema.org\",\"@graph\":[{\"@type\":\"WebPage\",\"@id\":\"https:\/\/www-bromic-de.bromicpimstg.sites.hosting.454.agency\/de\/produkt\/platinum-electric-montagestangen\/\",\"url\":\"https:\/\/www-bromic-de.bromicpimstg.sites.hosting.454.agency\/de\/produkt\/platinum-electric-montagestangen\/\",\"name\":\"Platinum-Electric-Montagestangen | Bromic Heating Deutschland\",\"isPartOf\":{\"@id\":\"https:\/\/www-bromic-de.bromicpimstg.sites.hosting.454.agency\/de\/#website\"},\"primaryImageOfPage\":{\"@id\":\"https:\/\/www-bromic-de.bromicpimstg.sites.hosting.454.agency\/de\/produkt\/platinum-electric-montagestangen\/#primaryimage\"},\"image\":{\"@id\":\"https:\/\/www-bromic-de.bromicpimstg.sites.hosting.454.agency\/de\/produkt\/platinum-electric-montagestangen\/#primaryimage\"},\"thumbnailUrl\":\"https:\/\/www-bromic-de.bromicpimstg.sites.hosting.454.agency\/wp-content\/uploads\/sites\/9\/2025\/06\/Platinum-Electric-600mm-Pole.png\",\"datePublished\":\"2021-08-20T08:14:03+00:00\",\"dateModified\":\"2025-06-26T23:20:09+00:00\",\"description\":\"Diese Montagestangen sorgen daf\u00fcr, dass Ihr Heizger\u00e4t genau in der richtigen H\u00f6he aufgeh\u00e4ngt wird. Kostenloser Designservice \u2713 Beste Preise \u2713 Garantie \u2713\",\"breadcrumb\":{\"@id\":\"https:\/\/www-bromic-de.bromicpimstg.sites.hosting.454.agency\/de\/produkt\/platinum-electric-montagestangen\/#breadcrumb\"},\"inLanguage\":\"de\",\"potentialAction\":[{\"@type\":\"ReadAction\",\"target\":[\"https:\/\/www-bromic-de.bromicpimstg.sites.hosting.454.agency\/de\/produkt\/platinum-electric-montagestangen\/\"]}]},{\"@type\":\"ImageObject\",\"inLanguage\":\"de\",\"@id\":\"https:\/\/www-bromic-de.bromicpimstg.sites.hosting.454.agency\/de\/produkt\/platinum-electric-montagestangen\/#primaryimage\",\"url\":\"https:\/\/www-bromic-de.bromicpimstg.sites.hosting.454.agency\/wp-content\/uploads\/sites\/9\/2025\/06\/Platinum-Electric-600mm-Pole.png\",\"contentUrl\":\"https:\/\/www-bromic-de.bromicpimstg.sites.hosting.454.agency\/wp-content\/uploads\/sites\/9\/2025\/06\/Platinum-Electric-600mm-Pole.png\",\"width\":3375,\"height\":3375},{\"@type\":\"BreadcrumbList\",\"@id\":\"https:\/\/www-bromic-de.bromicpimstg.sites.hosting.454.agency\/de\/produkt\/platinum-electric-montagestangen\/#breadcrumb\",\"itemListElement\":[{\"@type\":\"ListItem\",\"position\":1,\"name\":\"Startseite\",\"item\":\"https:\/\/www-bromic-de.bromicpimstg.sites.hosting.454.agency\/de\/\"},{\"@type\":\"ListItem\",\"position\":2,\"name\":\"Produkte\",\"item\":\"https:\/\/www-bromic-de.bromicpimstg.sites.hosting.454.agency\/de\/produkte\/\"},{\"@type\":\"ListItem\",\"position\":3,\"name\":\"Platinum-Electric-Montagestangen\"}]},{\"@type\":\"WebSite\",\"@id\":\"https:\/\/www-bromic-de.bromicpimstg.sites.hosting.454.agency\/de\/#website\",\"url\":\"https:\/\/www-bromic-de.bromicpimstg.sites.hosting.454.agency\/de\/\",\"name\":\"Bromic Heating Deutschland\",\"description\":\"\",\"publisher\":{\"@id\":\"https:\/\/www-bromic-de.bromicpimstg.sites.hosting.454.agency\/de\/#organization\"},\"potentialAction\":[{\"@type\":\"SearchAction\",\"target\":{\"@type\":\"EntryPoint\",\"urlTemplate\":\"https:\/\/www-bromic-de.bromicpimstg.sites.hosting.454.agency\/de\/?s={search_term_string}\"},\"query-input\":{\"@type\":\"PropertyValueSpecification\",\"valueRequired\":true,\"valueName\":\"search_term_string\"}}],\"inLanguage\":\"de\"},{\"@type\":\"Organization\",\"@id\":\"https:\/\/www-bromic-de.bromicpimstg.sites.hosting.454.agency\/de\/#organization\",\"name\":\"Bromic Heating Deutschland\",\"url\":\"https:\/\/www-bromic-de.bromicpimstg.sites.hosting.454.agency\/de\/\",\"logo\":{\"@type\":\"ImageObject\",\"inLanguage\":\"de\",\"@id\":\"https:\/\/www-bromic-de.bromicpimstg.sites.hosting.454.agency\/de\/#\/schema\/logo\/image\/\",\"url\":\"https:\/\/www-bromic-de.bromicpimstg.sites.hosting.454.agency\/wp-content\/uploads\/sites\/9\/2021\/09\/bromic-logo.png\",\"contentUrl\":\"https:\/\/www-bromic-de.bromicpimstg.sites.hosting.454.agency\/wp-content\/uploads\/sites\/9\/2021\/09\/bromic-logo.png\",\"width\":1000,\"height\":342,\"caption\":\"Bromic Heating Deutschland\"},\"image\":{\"@id\":\"https:\/\/www-bromic-de.bromicpimstg.sites.hosting.454.agency\/de\/#\/schema\/logo\/image\/\"}}]}<\/script>\n<!-- \/ Yoast SEO plugin. -->","yoast_head_json":{"title":"Platinum-Electric-Montagestangen | Bromic Heating Deutschland","description":"Diese Montagestangen sorgen daf\u00fcr, dass Ihr Heizger\u00e4t genau in der richtigen H\u00f6he aufgeh\u00e4ngt wird. Kostenloser Designservice \u2713 Beste Preise \u2713 Garantie \u2713","robots":{"index":"index","follow":"follow","max-snippet":"max-snippet:-1","max-image-preview":"max-image-preview:large","max-video-preview":"max-video-preview:-1"},"canonical":"https:\/\/www-bromic-de.bromicpimstg.sites.hosting.454.agency\/de\/produkt\/platinum-electric-montagestangen\/","og_locale":"de_DE","og_type":"article","og_title":"Platinum-Electric-Montagestangen | Bromic Heating Deutschland","og_description":"Diese Montagestangen sorgen daf\u00fcr, dass Ihr Heizger\u00e4t genau in der richtigen H\u00f6he aufgeh\u00e4ngt wird. Kostenloser Designservice \u2713 Beste Preise \u2713 Garantie \u2713","og_url":"https:\/\/www-bromic-de.bromicpimstg.sites.hosting.454.agency\/de\/produkt\/platinum-electric-montagestangen\/","og_site_name":"Bromic Heating Deutschland","article_modified_time":"2025-06-26T23:20:09+00:00","og_image":[{"width":3375,"height":3375,"url":"https:\/\/www-bromic-de.bromicpimstg.sites.hosting.454.agency\/wp-content\/uploads\/sites\/9\/2025\/06\/Platinum-Electric-600mm-Pole.png","type":"image\/png"}],"twitter_card":"summary_large_image","twitter_misc":{"Gesch\u00e4tzte Lesezeit":"1\u00a0Minute"},"schema":{"@context":"https:\/\/schema.org","@graph":[{"@type":"WebPage","@id":"https:\/\/www-bromic-de.bromicpimstg.sites.hosting.454.agency\/de\/produkt\/platinum-electric-montagestangen\/","url":"https:\/\/www-bromic-de.bromicpimstg.sites.hosting.454.agency\/de\/produkt\/platinum-electric-montagestangen\/","name":"Platinum-Electric-Montagestangen | Bromic Heating Deutschland","isPartOf":{"@id":"https:\/\/www-bromic-de.bromicpimstg.sites.hosting.454.agency\/de\/#website"},"primaryImageOfPage":{"@id":"https:\/\/www-bromic-de.bromicpimstg.sites.hosting.454.agency\/de\/produkt\/platinum-electric-montagestangen\/#primaryimage"},"image":{"@id":"https:\/\/www-bromic-de.bromicpimstg.sites.hosting.454.agency\/de\/produkt\/platinum-electric-montagestangen\/#primaryimage"},"thumbnailUrl":"https:\/\/www-bromic-de.bromicpimstg.sites.hosting.454.agency\/wp-content\/uploads\/sites\/9\/2025\/06\/Platinum-Electric-600mm-Pole.png","datePublished":"2021-08-20T08:14:03+00:00","dateModified":"2025-06-26T23:20:09+00:00","description":"Diese Montagestangen sorgen daf\u00fcr, dass Ihr Heizger\u00e4t genau in der richtigen H\u00f6he aufgeh\u00e4ngt wird. Kostenloser Designservice \u2713 Beste Preise \u2713 Garantie \u2713","breadcrumb":{"@id":"https:\/\/www-bromic-de.bromicpimstg.sites.hosting.454.agency\/de\/produkt\/platinum-electric-montagestangen\/#breadcrumb"},"inLanguage":"de","potentialAction":[{"@type":"ReadAction","target":["https:\/\/www-bromic-de.bromicpimstg.sites.hosting.454.agency\/de\/produkt\/platinum-electric-montagestangen\/"]}]},{"@type":"ImageObject","inLanguage":"de","@id":"https:\/\/www-bromic-de.bromicpimstg.sites.hosting.454.agency\/de\/produkt\/platinum-electric-montagestangen\/#primaryimage","url":"https:\/\/www-bromic-de.bromicpimstg.sites.hosting.454.agency\/wp-content\/uploads\/sites\/9\/2025\/06\/Platinum-Electric-600mm-Pole.png","contentUrl":"https:\/\/www-bromic-de.bromicpimstg.sites.hosting.454.agency\/wp-content\/uploads\/sites\/9\/2025\/06\/Platinum-Electric-600mm-Pole.png","width":3375,"height":3375},{"@type":"BreadcrumbList","@id":"https:\/\/www-bromic-de.bromicpimstg.sites.hosting.454.agency\/de\/produkt\/platinum-electric-montagestangen\/#breadcrumb","itemListElement":[{"@type":"ListItem","position":1,"name":"Startseite","item":"https:\/\/www-bromic-de.bromicpimstg.sites.hosting.454.agency\/de\/"},{"@type":"ListItem","position":2,"name":"Produkte","item":"https:\/\/www-bromic-de.bromicpimstg.sites.hosting.454.agency\/de\/produkte\/"},{"@type":"ListItem","position":3,"name":"Platinum-Electric-Montagestangen"}]},{"@type":"WebSite","@id":"https:\/\/www-bromic-de.bromicpimstg.sites.hosting.454.agency\/de\/#website","url":"https:\/\/www-bromic-de.bromicpimstg.sites.hosting.454.agency\/de\/","name":"Bromic Heating Deutschland","description":"","publisher":{"@id":"https:\/\/www-bromic-de.bromicpimstg.sites.hosting.454.agency\/de\/#organization"},"potentialAction":[{"@type":"SearchAction","target":{"@type":"EntryPoint","urlTemplate":"https:\/\/www-bromic-de.bromicpimstg.sites.hosting.454.agency\/de\/?s={search_term_string}"},"query-input":{"@type":"PropertyValueSpecification","valueRequired":true,"valueName":"search_term_string"}}],"inLanguage":"de"},{"@type":"Organization","@id":"https:\/\/www-bromic-de.bromicpimstg.sites.hosting.454.agency\/de\/#organization","name":"Bromic Heating Deutschland","url":"https:\/\/www-bromic-de.bromicpimstg.sites.hosting.454.agency\/de\/","logo":{"@type":"ImageObject","inLanguage":"de","@id":"https:\/\/www-bromic-de.bromicpimstg.sites.hosting.454.agency\/de\/#\/schema\/logo\/image\/","url":"https:\/\/www-bromic-de.bromicpimstg.sites.hosting.454.agency\/wp-content\/uploads\/sites\/9\/2021\/09\/bromic-logo.png","contentUrl":"https:\/\/www-bromic-de.bromicpimstg.sites.hosting.454.agency\/wp-content\/uploads\/sites\/9\/2021\/09\/bromic-logo.png","width":1000,"height":342,"caption":"Bromic Heating Deutschland"},"image":{"@id":"https:\/\/www-bromic-de.bromicpimstg.sites.hosting.454.agency\/de\/#\/schema\/logo\/image\/"}}]}},"_links":{"self":[{"href":"https:\/\/www-bromic-de.bromicpimstg.sites.hosting.454.agency\/de\/wp-json\/wp\/v2\/product\/53125","targetHints":{"allow":["GET"]}}],"collection":[{"href":"https:\/\/www-bromic-de.bromicpimstg.sites.hosting.454.agency\/de\/wp-json\/wp\/v2\/product"}],"about":[{"href":"https:\/\/www-bromic-de.bromicpimstg.sites.hosting.454.agency\/de\/wp-json\/wp\/v2\/types\/product"}],"replies":[{"embeddable":true,"href":"https:\/\/www-bromic-de.bromicpimstg.sites.hosting.454.agency\/de\/wp-json\/wp\/v2\/comments?post=53125"}],"wp:featuredmedia":[{"embeddable":true,"href":"https:\/\/www-bromic-de.bromicpimstg.sites.hosting.454.agency\/de\/wp-json\/wp\/v2\/media\/55227"}],"wp:attachment":[{"href":"https:\/\/www-bromic-de.bromicpimstg.sites.hosting.454.agency\/de\/wp-json\/wp\/v2\/media?parent=53125"}],"wp:term":[{"taxonomy":"product_brand","embeddable":true,"href":"https:\/\/www-bromic-de.bromicpimstg.sites.hosting.454.agency\/de\/wp-json\/wp\/v2\/product_brand?post=53125"},{"taxonomy":"product_cat","embeddable":true,"href":"https:\/\/www-bromic-de.bromicpimstg.sites.hosting.454.agency\/de\/wp-json\/wp\/v2\/product_cat?post=53125"},{"taxonomy":"product_tag","embeddable":true,"href":"https:\/\/www-bromic-de.bromicpimstg.sites.hosting.454.agency\/de\/wp-json\/wp\/v2\/product_tag?post=53125"}],"curies":[{"name":"wp","href":"https:\/\/api.w.org\/{rel}","templated":true}]}}