{"id":7499,"date":"2021-10-21T08:37:56","date_gmt":"2021-10-21T16:37:56","guid":{"rendered":"https:\/\/www-bromic-de.bromicpimstg.sites.hosting.454.agency\/ueber-bromic-eu\/"},"modified":"2025-01-03T06:29:45","modified_gmt":"2025-01-03T14:29:45","slug":"ueber-bromic","status":"publish","type":"page","link":"https:\/\/www-bromic-de.bromicpimstg.sites.hosting.454.agency\/de\/ueber-bromic\/","title":{"rendered":"\u00dcber Bromic"},"content":{"rendered":"\n<div class=\"wp-block-group alignfull has-pearl-background-color has-background\"><div class=\"wp-block-group__inner-container is-layout-flow wp-block-group-is-layout-flow\">\n<div style=\"height:100px\" aria-hidden=\"true\" class=\"wp-block-spacer\"><\/div>\n\n\n\n<div class=\"wp-block-columns alignwide is-layout-flex wp-container-core-columns-is-layout-9d6595d7 wp-block-columns-is-layout-flex\">\n<div class=\"wp-block-column is-layout-flow wp-block-column-is-layout-flow\" style=\"flex-basis:40%\">\n<h4 class=\"wp-block-heading\">Bromic Heating ist das einzige Unternehmen, das Gas-, Elektro- und freistehende Heizprodukte f\u00fcr den Au\u00dfenbereich entwickelt, konstruiert und herstellt.<\/h4>\n<\/div>\n\n\n\n<div class=\"wp-block-column is-layout-flow wp-block-column-is-layout-flow\" style=\"flex-basis:60%\">\n<p style=\"font-size:18px\">Aber das ist noch nicht alles! Durch kontinuierliche Investitionen in unsere patentierte Smart-Heat\u2122-Technologie ist es den Ingenieuren von Bromic gelungen, Strahlungsheizungsl\u00f6sungen zu entwickeln, die sowohl eine \u00fcberragende Heizleistung als auch ein hochmodernes Design bieten &#8211; etwas, das andere einfach nicht bieten k\u00f6nnen. Bromic-Heizstrahler sind die bevorzugte Wahl von Architekten und Designern und finden sich in einigen der prestigetr\u00e4chtigsten Veranstaltungsorte der Welt. Unsere Kunden vertrauen uns den Komfort ihrer Kunden an, weil sie wissen, dass unsere Systeme in puncto Leistung, Design und Zuverl\u00e4ssigkeit \u00fcberzeugen. Und das ist keine leere Behauptung, sondern eine Tatsache.<\/p>\n\n\n\n<div style=\"height:30px\" aria-hidden=\"true\" class=\"wp-block-spacer\"><\/div>\n\n\n\n<h4 class=\"wp-block-heading has-text-align-center\">Unsere Auszeichnungen<\/h4>\n\n\n\n<div style=\"height:20px\" aria-hidden=\"true\" class=\"wp-block-spacer\"><\/div>\n\n\n<section class=\"blocks block-logos   has-color-logos  align\" id=\"block_7cf1bba35aedec550b25504ad5c87004\" style=\"margin-top: px; margin-bottom: px;\">\n    <div class=\"container\">\n                    <\/div>\n<\/section>\n<\/div>\n<\/div>\n\n\n\n<div style=\"height:100px\" aria-hidden=\"true\" class=\"wp-block-spacer\"><\/div>\n<\/div><\/div>\n\n\n\n<div style=\"height:100px\" aria-hidden=\"true\" class=\"wp-block-spacer\"><\/div>\n\n\n<section class=\"blocks block-media-overlap alignwide \" id=\"block_3dc2d2dd75e786d7cfc67f054e92b30c\">\n    <div class=\"heading\">\n                <h2>Die Smart-Heat\u2122-Reihe<\/h2>\n    <\/div>\n    <div class=\"wrapper\">\n        <div class=\"media\"\n        data-rellax-speed=\"-2\"\n        data-rellax-xs-speed=\"0\"\n        data-rellax-mobile-speed=\"0\"\n        data-rellax-tablet-speed=\"0\"\n        data-rellax-desktop-speed=\"-2\"\n        data-rellax-percentage=\"0.5\">\n                    <\/div>\n        <div class=\"content\">\n                        \n\n<p class=\"has-medium-font-size\">Jeder Bromic-Heizstrahler, der in unseren unverwechselbaren Eclipse-, Platinum- und Tungsten Smart-Heat\u2122-Serien erh\u00e4ltlich ist, wird im eigenen Haus entwickelt und konstruiert, um absolute Qualit\u00e4t und dauerhafte Leistung zu gew\u00e4hrleisten. Anschlie\u00dfend wird er aus hochwertigen Materialien hergestellt, um Heizprodukte f\u00fcr den Au\u00dfenbereich zu liefern, die ein perfektes Gleichgewicht zwischen Leistung, Zuverl\u00e4ssigkeit und Sch\u00f6nheit bieten.<\/p>\n\n\n\n<div style=\"height:30px\" aria-hidden=\"true\" class=\"wp-block-spacer\"><\/div>\n\n\n\n<div class=\"wp-block-buttons is-layout-flex wp-block-buttons-is-layout-flex\">\n<div class=\"wp-block-button\"><a class=\"wp-block-button__link has-orange-background-color has-background no-border-radius wp-element-button\" href=\"\/de\/produkte\/?_product_type=heizstrahler-de\">Mehr erfahren<\/a><\/div>\n<\/div>\n\n        <\/div>\n    <\/div>\n    <script>\n    jQuery(document).ready(function($){\n        var rellax = new Rellax('#block_3dc2d2dd75e786d7cfc67f054e92b30c .media', {\n            breakpoints:[480, 576, 1024]\n        });\n    });\n    <\/script>\n<\/section>\n\n\n\n<div style=\"height:100px\" aria-hidden=\"true\" class=\"wp-block-spacer\"><\/div>\n\n\n\n<h3 class=\"wp-block-heading has-text-align-center\">Unsere Kunden<\/h3>\n\n\n\n<div style=\"height:50px\" aria-hidden=\"true\" class=\"wp-block-spacer\"><\/div>\n\n\n<section class=\"blocks block-logos   has-color-logos  alignwide\" id=\"block_ecf9b2f938354f546373b96c66bc2c8f\" style=\"margin-top: 0px; margin-bottom: 0px;\">\n    <div class=\"container\">\n                    <\/div>\n<\/section>\n\n\n\n<div style=\"height:100px\" aria-hidden=\"true\" class=\"wp-block-spacer\"><\/div>\n\n\n\n<div class=\"wp-block-group alignfull bg-cutoff-pearl\"><div class=\"wp-block-group__inner-container is-layout-flow wp-block-group-is-layout-flow\">\n<div style=\"height:100px\" aria-hidden=\"true\" class=\"wp-block-spacer\"><\/div>\n\n\n\n<h6 class=\"wp-block-heading alignwide has-orange-color has-text-color\">WAS GIBT&#8217;S NEUES BEI BROMIC HEATING<\/h6>\n\n\n\n<h2 class=\"wp-block-heading alignwide\">Frisch Aus Der Presse<\/h2>\n\n\n\n<div style=\"height:20px\" aria-hidden=\"true\" class=\"wp-block-spacer\"><\/div>\n\n\n<section class=\"blocks alignfull \" id=\"block_50a6e39357d9dfd041e7e95c3c2698a6\" style=\"padding: 0;\">\n    <div class=\"container\" style=\"max-width: 1460px;\">\n                <ul class=\"wp-block-latest-posts__list is-grid columns-3 wp-block-latest-posts\">\n                            <li>\n                    <div class=\"wp-block-latest-posts__featured-image\">\n                        <img decoding=\"async\" width=\"1024\" height=\"683\" src=\"https:\/\/www-bromic-de.bromicpimstg.sites.hosting.454.agency\/wp-content\/uploads\/sites\/9\/2025\/06\/Home-Automation-Image-Residential-scaled-1024x683.jpg\" class=\"attachment-medium size-medium wp-post-image\" alt=\"\" srcset=\"https:\/\/www-bromic-de.bromicpimstg.sites.hosting.454.agency\/wp-content\/uploads\/sites\/9\/2025\/06\/Home-Automation-Image-Residential-scaled-1024x683.jpg 1024w, https:\/\/www-bromic-de.bromicpimstg.sites.hosting.454.agency\/wp-content\/uploads\/sites\/9\/2025\/06\/Home-Automation-Image-Residential-scaled-1600x1068.jpg 1600w\" sizes=\"(max-width: 1024px) 100vw, 1024px\" \/>                    <\/div>\n                    <a href=\"blog\/gestaltung-von-aussenbereichen-mit-intelligenter-technologie\/\">Die Zukunft der Hausautomatisierung: Au\u00dfenbereiche mit intelligenter Technologie transformiere<\/a>\n                    <div class=\"wp-block-latest-posts__post-excerpt\">In der neuesten Folge des Podcasts Designing Outdoor Spaces tauchen wir ein in die Zukunft&#8230;<\/div>\n                    <span class=\"button-link\">Weiterlesen<\/span>\n                <\/li>\n                            <li>\n                    <div class=\"wp-block-latest-posts__featured-image\">\n                        <img decoding=\"async\" width=\"1024\" height=\"768\" src=\"https:\/\/www-bromic-de.bromicpimstg.sites.hosting.454.agency\/wp-content\/uploads\/sites\/9\/2025\/04\/Princess-Sanctuary-1024x768.jpg\" class=\"attachment-medium size-medium wp-post-image\" alt=\"\" srcset=\"https:\/\/www-bromic-de.bromicpimstg.sites.hosting.454.agency\/wp-content\/uploads\/sites\/9\/2025\/04\/Princess-Sanctuary-1024x768.jpg 1024w, https:\/\/www-bromic-de.bromicpimstg.sites.hosting.454.agency\/wp-content\/uploads\/sites\/9\/2025\/04\/Princess-Sanctuary.jpg 1050w\" sizes=\"(max-width: 1024px) 100vw, 1024px\" \/>                    <\/div>\n                    <a href=\"blog\/design-ohne-grenzen-aubenraume\/\">Design ohne Grenzen: Au\u00dfenbereiche, die um die Welt reisen<\/a>\n                    <div class=\"wp-block-latest-posts__post-excerpt\">Die Gestaltung von Au\u00dfenbereichen bringt ihre ganz eigenen Herausforderungen mit sich \u2013 doch was passiert,&#8230;<\/div>\n                    <span class=\"button-link\">Weiterlesen<\/span>\n                <\/li>\n                            <li>\n                    <div class=\"wp-block-latest-posts__featured-image\">\n                        <img decoding=\"async\" width=\"1024\" height=\"683\" src=\"https:\/\/www-bromic-de.bromicpimstg.sites.hosting.454.agency\/wp-content\/uploads\/sites\/9\/2025\/03\/Eclipse-Pendant_UK-Residential-1024x683.jpeg\" class=\"attachment-medium size-medium wp-post-image\" alt=\"\" srcset=\"https:\/\/www-bromic-de.bromicpimstg.sites.hosting.454.agency\/wp-content\/uploads\/sites\/9\/2025\/03\/Eclipse-Pendant_UK-Residential-1024x683.jpeg 1024w, https:\/\/www-bromic-de.bromicpimstg.sites.hosting.454.agency\/wp-content\/uploads\/sites\/9\/2025\/03\/Eclipse-Pendant_UK-Residential-1600x1067.jpeg 1600w\" sizes=\"(max-width: 1024px) 100vw, 1024px\" \/>                    <\/div>\n                    <a href=\"blog\/die-zukunft-von-komfort-und-design\/\">Outdoor-Leben neu definieren: Die Zukunft von Komfort und Design<\/a>\n                    <div class=\"wp-block-latest-posts__post-excerpt\">Bei Bromic Heating sind wir stolz darauf, f\u00fchrend in innovativen L\u00f6sungen f\u00fcr das Leben im&#8230;<\/div>\n                    <span class=\"button-link\">Weiterlesen<\/span>\n                <\/li>\n                    <\/ul>\n            <\/div>\n<\/section>\n<\/div><\/div>\n\n\n\n<div style=\"height:100px\" aria-hidden=\"true\" class=\"wp-block-spacer\"><\/div>\n","protected":false},"excerpt":{"rendered":"<p>Bromic Heating ist das einzige Unternehmen, das Gas-, Elektro- und freistehende Heizprodukte f\u00fcr den Au\u00dfenbereich entwickelt, konstruiert und herstellt. Aber das ist noch nicht alles! Durch kontinuierliche Investitionen in unsere patentierte Smart-Heat\u2122-Technologie ist es den Ingenieuren von Bromic gelungen, Strahlungsheizungsl\u00f6sungen zu entwickeln, die sowohl eine \u00fcberragende Heizleistung als auch ein hochmodernes Design bieten &#8211; etwas, [&hellip;]<\/p>\n","protected":false},"author":8,"featured_media":40834,"parent":0,"menu_order":0,"comment_status":"closed","ping_status":"closed","template":"","meta":{"_acf_changed":false,"footnotes":""},"class_list":["post-7499","page","type-page","status-publish","has-post-thumbnail","hentry"],"acf":[],"yoast_head":"<!-- This site is optimized with the Yoast SEO plugin v26.1.1 - https:\/\/yoast.com\/wordpress\/plugins\/seo\/ -->\n<title>Erfahren Sie mehr \u00fcber uns | Bromic Heating Deutschland<\/title>\n<meta name=\"description\" content=\"Bromic Heating ist das einzige Unternehmen, das Gas-, Elektro- und frei stehende Heizprodukte f\u00fcr den Au\u00dfenbereich entwickelt, konstruiert und herstellt.\" \/>\n<meta name=\"robots\" content=\"index, follow, max-snippet:-1, max-image-preview:large, max-video-preview:-1\" \/>\n<link rel=\"canonical\" href=\"https:\/\/www-bromic-de.bromicpimstg.sites.hosting.454.agency\/de\/ueber-bromic\/\" \/>\n<meta property=\"og:locale\" content=\"de_DE\" \/>\n<meta property=\"og:type\" content=\"article\" \/>\n<meta property=\"og:title\" content=\"Erfahren Sie mehr \u00fcber uns | Bromic Heating Deutschland\" \/>\n<meta property=\"og:description\" content=\"Bromic Heating ist das einzige Unternehmen, das Gas-, Elektro- und frei stehende Heizprodukte f\u00fcr den Au\u00dfenbereich entwickelt, konstruiert und herstellt.\" \/>\n<meta property=\"og:url\" content=\"https:\/\/www-bromic-de.bromicpimstg.sites.hosting.454.agency\/de\/ueber-bromic\/\" \/>\n<meta property=\"og:site_name\" content=\"Bromic Heating Deutschland\" \/>\n<meta property=\"article:modified_time\" content=\"2025-01-03T14:29:45+00:00\" \/>\n<meta property=\"og:image\" content=\"https:\/\/www-bromic-de.bromicpimstg.sites.hosting.454.agency\/wp-content\/uploads\/sites\/9\/2023\/08\/eclipse_portable_residential-scene_web.jpg\" \/>\n\t<meta property=\"og:image:width\" content=\"2560\" \/>\n\t<meta property=\"og:image:height\" content=\"1706\" \/>\n\t<meta property=\"og:image:type\" content=\"image\/jpeg\" \/>\n<meta name=\"twitter:card\" content=\"summary_large_image\" \/>\n<meta name=\"twitter:label1\" content=\"Gesch\u00e4tzte Lesezeit\" \/>\n\t<meta name=\"twitter:data1\" content=\"1\u00a0Minute\" \/>\n<script type=\"application\/ld+json\" class=\"yoast-schema-graph\">{\"@context\":\"https:\/\/schema.org\",\"@graph\":[{\"@type\":\"WebPage\",\"@id\":\"https:\/\/www-bromic-de.bromicpimstg.sites.hosting.454.agency\/de\/ueber-bromic\/\",\"url\":\"https:\/\/www-bromic-de.bromicpimstg.sites.hosting.454.agency\/de\/ueber-bromic\/\",\"name\":\"Erfahren Sie mehr \u00fcber uns | Bromic Heating Deutschland\",\"isPartOf\":{\"@id\":\"https:\/\/www-bromic-de.bromicpimstg.sites.hosting.454.agency\/de\/#website\"},\"primaryImageOfPage\":{\"@id\":\"https:\/\/www-bromic-de.bromicpimstg.sites.hosting.454.agency\/de\/ueber-bromic\/#primaryimage\"},\"image\":{\"@id\":\"https:\/\/www-bromic-de.bromicpimstg.sites.hosting.454.agency\/de\/ueber-bromic\/#primaryimage\"},\"thumbnailUrl\":\"https:\/\/www-bromic-de.bromicpimstg.sites.hosting.454.agency\/wp-content\/uploads\/sites\/9\/2023\/08\/eclipse_portable_residential-scene_web.jpg\",\"datePublished\":\"2021-10-21T16:37:56+00:00\",\"dateModified\":\"2025-01-03T14:29:45+00:00\",\"description\":\"Bromic Heating ist das einzige Unternehmen, das Gas-, Elektro- und frei stehende Heizprodukte f\u00fcr den Au\u00dfenbereich entwickelt, konstruiert und herstellt.\",\"breadcrumb\":{\"@id\":\"https:\/\/www-bromic-de.bromicpimstg.sites.hosting.454.agency\/de\/ueber-bromic\/#breadcrumb\"},\"inLanguage\":\"de\",\"potentialAction\":[{\"@type\":\"ReadAction\",\"target\":[\"https:\/\/www-bromic-de.bromicpimstg.sites.hosting.454.agency\/de\/ueber-bromic\/\"]}]},{\"@type\":\"ImageObject\",\"inLanguage\":\"de\",\"@id\":\"https:\/\/www-bromic-de.bromicpimstg.sites.hosting.454.agency\/de\/ueber-bromic\/#primaryimage\",\"url\":\"https:\/\/www-bromic-de.bromicpimstg.sites.hosting.454.agency\/wp-content\/uploads\/sites\/9\/2023\/08\/eclipse_portable_residential-scene_web.jpg\",\"contentUrl\":\"https:\/\/www-bromic-de.bromicpimstg.sites.hosting.454.agency\/wp-content\/uploads\/sites\/9\/2023\/08\/eclipse_portable_residential-scene_web.jpg\",\"width\":2560,\"height\":1706,\"caption\":\"Residential Portable Outside Heaters - Bromic Eclipse Portable\"},{\"@type\":\"BreadcrumbList\",\"@id\":\"https:\/\/www-bromic-de.bromicpimstg.sites.hosting.454.agency\/de\/ueber-bromic\/#breadcrumb\",\"itemListElement\":[{\"@type\":\"ListItem\",\"position\":1,\"name\":\"Startseite\",\"item\":\"https:\/\/www-bromic-de.bromicpimstg.sites.hosting.454.agency\/de\/\"},{\"@type\":\"ListItem\",\"position\":2,\"name\":\"\u00dcber Bromic\"}]},{\"@type\":\"WebSite\",\"@id\":\"https:\/\/www-bromic-de.bromicpimstg.sites.hosting.454.agency\/de\/#website\",\"url\":\"https:\/\/www-bromic-de.bromicpimstg.sites.hosting.454.agency\/de\/\",\"name\":\"Bromic Heating Deutschland\",\"description\":\"\",\"publisher\":{\"@id\":\"https:\/\/www-bromic-de.bromicpimstg.sites.hosting.454.agency\/de\/#organization\"},\"potentialAction\":[{\"@type\":\"SearchAction\",\"target\":{\"@type\":\"EntryPoint\",\"urlTemplate\":\"https:\/\/www-bromic-de.bromicpimstg.sites.hosting.454.agency\/de\/?s={search_term_string}\"},\"query-input\":{\"@type\":\"PropertyValueSpecification\",\"valueRequired\":true,\"valueName\":\"search_term_string\"}}],\"inLanguage\":\"de\"},{\"@type\":\"Organization\",\"@id\":\"https:\/\/www-bromic-de.bromicpimstg.sites.hosting.454.agency\/de\/#organization\",\"name\":\"Bromic Heating Deutschland\",\"url\":\"https:\/\/www-bromic-de.bromicpimstg.sites.hosting.454.agency\/de\/\",\"logo\":{\"@type\":\"ImageObject\",\"inLanguage\":\"de\",\"@id\":\"https:\/\/www-bromic-de.bromicpimstg.sites.hosting.454.agency\/de\/#\/schema\/logo\/image\/\",\"url\":\"https:\/\/www-bromic-de.bromicpimstg.sites.hosting.454.agency\/wp-content\/uploads\/sites\/9\/2021\/09\/bromic-logo.png\",\"contentUrl\":\"https:\/\/www-bromic-de.bromicpimstg.sites.hosting.454.agency\/wp-content\/uploads\/sites\/9\/2021\/09\/bromic-logo.png\",\"width\":1000,\"height\":342,\"caption\":\"Bromic Heating Deutschland\"},\"image\":{\"@id\":\"https:\/\/www-bromic-de.bromicpimstg.sites.hosting.454.agency\/de\/#\/schema\/logo\/image\/\"}}]}<\/script>\n<!-- \/ Yoast SEO plugin. -->","yoast_head_json":{"title":"Erfahren Sie mehr \u00fcber uns | Bromic Heating Deutschland","description":"Bromic Heating ist das einzige Unternehmen, das Gas-, Elektro- und frei stehende Heizprodukte f\u00fcr den Au\u00dfenbereich entwickelt, konstruiert und herstellt.","robots":{"index":"index","follow":"follow","max-snippet":"max-snippet:-1","max-image-preview":"max-image-preview:large","max-video-preview":"max-video-preview:-1"},"canonical":"https:\/\/www-bromic-de.bromicpimstg.sites.hosting.454.agency\/de\/ueber-bromic\/","og_locale":"de_DE","og_type":"article","og_title":"Erfahren Sie mehr \u00fcber uns | Bromic Heating Deutschland","og_description":"Bromic Heating ist das einzige Unternehmen, das Gas-, Elektro- und frei stehende Heizprodukte f\u00fcr den Au\u00dfenbereich entwickelt, konstruiert und herstellt.","og_url":"https:\/\/www-bromic-de.bromicpimstg.sites.hosting.454.agency\/de\/ueber-bromic\/","og_site_name":"Bromic Heating Deutschland","article_modified_time":"2025-01-03T14:29:45+00:00","og_image":[{"width":2560,"height":1706,"url":"https:\/\/www-bromic-de.bromicpimstg.sites.hosting.454.agency\/wp-content\/uploads\/sites\/9\/2023\/08\/eclipse_portable_residential-scene_web.jpg","type":"image\/jpeg"}],"twitter_card":"summary_large_image","twitter_misc":{"Gesch\u00e4tzte Lesezeit":"1\u00a0Minute"},"schema":{"@context":"https:\/\/schema.org","@graph":[{"@type":"WebPage","@id":"https:\/\/www-bromic-de.bromicpimstg.sites.hosting.454.agency\/de\/ueber-bromic\/","url":"https:\/\/www-bromic-de.bromicpimstg.sites.hosting.454.agency\/de\/ueber-bromic\/","name":"Erfahren Sie mehr \u00fcber uns | Bromic Heating Deutschland","isPartOf":{"@id":"https:\/\/www-bromic-de.bromicpimstg.sites.hosting.454.agency\/de\/#website"},"primaryImageOfPage":{"@id":"https:\/\/www-bromic-de.bromicpimstg.sites.hosting.454.agency\/de\/ueber-bromic\/#primaryimage"},"image":{"@id":"https:\/\/www-bromic-de.bromicpimstg.sites.hosting.454.agency\/de\/ueber-bromic\/#primaryimage"},"thumbnailUrl":"https:\/\/www-bromic-de.bromicpimstg.sites.hosting.454.agency\/wp-content\/uploads\/sites\/9\/2023\/08\/eclipse_portable_residential-scene_web.jpg","datePublished":"2021-10-21T16:37:56+00:00","dateModified":"2025-01-03T14:29:45+00:00","description":"Bromic Heating ist das einzige Unternehmen, das Gas-, Elektro- und frei stehende Heizprodukte f\u00fcr den Au\u00dfenbereich entwickelt, konstruiert und herstellt.","breadcrumb":{"@id":"https:\/\/www-bromic-de.bromicpimstg.sites.hosting.454.agency\/de\/ueber-bromic\/#breadcrumb"},"inLanguage":"de","potentialAction":[{"@type":"ReadAction","target":["https:\/\/www-bromic-de.bromicpimstg.sites.hosting.454.agency\/de\/ueber-bromic\/"]}]},{"@type":"ImageObject","inLanguage":"de","@id":"https:\/\/www-bromic-de.bromicpimstg.sites.hosting.454.agency\/de\/ueber-bromic\/#primaryimage","url":"https:\/\/www-bromic-de.bromicpimstg.sites.hosting.454.agency\/wp-content\/uploads\/sites\/9\/2023\/08\/eclipse_portable_residential-scene_web.jpg","contentUrl":"https:\/\/www-bromic-de.bromicpimstg.sites.hosting.454.agency\/wp-content\/uploads\/sites\/9\/2023\/08\/eclipse_portable_residential-scene_web.jpg","width":2560,"height":1706,"caption":"Residential Portable Outside Heaters - Bromic Eclipse Portable"},{"@type":"BreadcrumbList","@id":"https:\/\/www-bromic-de.bromicpimstg.sites.hosting.454.agency\/de\/ueber-bromic\/#breadcrumb","itemListElement":[{"@type":"ListItem","position":1,"name":"Startseite","item":"https:\/\/www-bromic-de.bromicpimstg.sites.hosting.454.agency\/de\/"},{"@type":"ListItem","position":2,"name":"\u00dcber Bromic"}]},{"@type":"WebSite","@id":"https:\/\/www-bromic-de.bromicpimstg.sites.hosting.454.agency\/de\/#website","url":"https:\/\/www-bromic-de.bromicpimstg.sites.hosting.454.agency\/de\/","name":"Bromic Heating Deutschland","description":"","publisher":{"@id":"https:\/\/www-bromic-de.bromicpimstg.sites.hosting.454.agency\/de\/#organization"},"potentialAction":[{"@type":"SearchAction","target":{"@type":"EntryPoint","urlTemplate":"https:\/\/www-bromic-de.bromicpimstg.sites.hosting.454.agency\/de\/?s={search_term_string}"},"query-input":{"@type":"PropertyValueSpecification","valueRequired":true,"valueName":"search_term_string"}}],"inLanguage":"de"},{"@type":"Organization","@id":"https:\/\/www-bromic-de.bromicpimstg.sites.hosting.454.agency\/de\/#organization","name":"Bromic Heating Deutschland","url":"https:\/\/www-bromic-de.bromicpimstg.sites.hosting.454.agency\/de\/","logo":{"@type":"ImageObject","inLanguage":"de","@id":"https:\/\/www-bromic-de.bromicpimstg.sites.hosting.454.agency\/de\/#\/schema\/logo\/image\/","url":"https:\/\/www-bromic-de.bromicpimstg.sites.hosting.454.agency\/wp-content\/uploads\/sites\/9\/2021\/09\/bromic-logo.png","contentUrl":"https:\/\/www-bromic-de.bromicpimstg.sites.hosting.454.agency\/wp-content\/uploads\/sites\/9\/2021\/09\/bromic-logo.png","width":1000,"height":342,"caption":"Bromic Heating Deutschland"},"image":{"@id":"https:\/\/www-bromic-de.bromicpimstg.sites.hosting.454.agency\/de\/#\/schema\/logo\/image\/"}}]}},"_links":{"self":[{"href":"https:\/\/www-bromic-de.bromicpimstg.sites.hosting.454.agency\/de\/wp-json\/wp\/v2\/pages\/7499","targetHints":{"allow":["GET"]}}],"collection":[{"href":"https:\/\/www-bromic-de.bromicpimstg.sites.hosting.454.agency\/de\/wp-json\/wp\/v2\/pages"}],"about":[{"href":"https:\/\/www-bromic-de.bromicpimstg.sites.hosting.454.agency\/de\/wp-json\/wp\/v2\/types\/page"}],"author":[{"embeddable":true,"href":"https:\/\/www-bromic-de.bromicpimstg.sites.hosting.454.agency\/de\/wp-json\/wp\/v2\/users\/8"}],"replies":[{"embeddable":true,"href":"https:\/\/www-bromic-de.bromicpimstg.sites.hosting.454.agency\/de\/wp-json\/wp\/v2\/comments?post=7499"}],"version-history":[{"count":0,"href":"https:\/\/www-bromic-de.bromicpimstg.sites.hosting.454.agency\/de\/wp-json\/wp\/v2\/pages\/7499\/revisions"}],"wp:featuredmedia":[{"embeddable":true,"href":"https:\/\/www-bromic-de.bromicpimstg.sites.hosting.454.agency\/de\/wp-json\/wp\/v2\/media\/40834"}],"wp:attachment":[{"href":"https:\/\/www-bromic-de.bromicpimstg.sites.hosting.454.agency\/de\/wp-json\/wp\/v2\/media?parent=7499"}],"curies":[{"name":"wp","href":"https:\/\/api.w.org\/{rel}","templated":true}]}}