{"id":7498,"date":"2021-10-21T09:37:12","date_gmt":"2021-10-21T16:37:12","guid":{"rendered":"https:\/\/www-bromic-de.bromicpimstg.sites.hosting.454.agency\/datenschutzrichtlinie-eu\/"},"modified":"2024-06-21T08:40:29","modified_gmt":"2024-06-21T15:40:29","slug":"datenschutzrichtlinie","status":"publish","type":"page","link":"https:\/\/www-bromic-de.bromicpimstg.sites.hosting.454.agency\/de\/datenschutzrichtlinie\/","title":{"rendered":"Datenschutzrichtlinie"},"content":{"rendered":"\n<h1 class=\"wp-block-heading has-text-align-center\">Datenschutzrichtlinie<\/h1>\n\n\n\n<p class=\"has-text-align-center\"><em>Zuletzt aktualisiert: M\u00e4rz 18, 2020<\/em><\/p>\n\n\n\n<div style=\"height:50px\" aria-hidden=\"true\" class=\"wp-block-spacer\"><\/div>\n\n\n\n<h2 class=\"wp-block-heading h3\">Sammlung und Verwendung von Informationen<\/h2>\n\n\n\n<p>Wir verwenden Website-Cookies, um das Nutzerverhalten zu verfolgen und unsere Website und das Website-Angebot zu verbessern. Wir verwenden diese Informationen, um neue Programme zu entwickeln, Marketinginformationen zu \u00fcbermitteln und Inhalte zu erstellen, die den Bed\u00fcrfnissen unserer Kunden entsprechen.<\/p>\n\n\n\n<h2 class=\"wp-block-heading h3\">Arten von gesammelten Daten<\/h2>\n\n\n\n<h4 class=\"wp-block-heading\">Pers\u00f6nliche Daten<\/h4>\n\n\n\n<p>Bei der Nutzung unserer Website k\u00f6nnen wir Sie bitten, uns bestimmte personenbezogene Daten mitzuteilen, die dazu verwendet werden k\u00f6nnen, Sie zu kontaktieren oder zu identifizieren. Pers\u00f6nlich identifizierbare Informationen k\u00f6nnen unter anderem sein<\/p>\n\n\n\n<ul class=\"wp-block-list\">\n<li>E-Mail Adresse<\/li>\n\n\n\n<li>Vorname und Nachname<\/li>\n\n\n\n<li>Rufnummer<\/li>\n\n\n\n<li>Adresse, Bundesland, Postleitzahl, Ort<\/li>\n\n\n\n<li>Informationen zum Bauprojekt<\/li>\n\n\n\n<li>Cookies und Nutzungsdaten<\/li>\n<\/ul>\n\n\n\n<h4 class=\"wp-block-heading\">Verwendungsdaten<\/h4>\n\n\n\n<p>Wir k\u00f6nnen auch Informationen dar\u00fcber sammeln, wie die Website aufgerufen und genutzt wird. Diese Nutzungsdaten k\u00f6nnen Informationen wie die Internetprotokolladresse Ihres Computers (z. B. IP-Adresse), den Browsertyp, die Browserversion, die von Ihnen besuchten Seiten unserer Website, die Uhrzeit und das Datum Ihres Besuchs, die auf diesen Seiten verbrachte Zeit, eindeutige Ger\u00e4tekennungen und andere Diagnosedaten enthalten.<\/p>\n\n\n\n<h4 class=\"wp-block-heading\">Tracking &amp; Cookies Daten<\/h4>\n\n\n\n<p>Wir verwenden Cookies und \u00e4hnliche Tracking-Technologien, um die Aktivit\u00e4ten auf unserer Website zu verfolgen und bestimmte Informationen zu speichern.<\/p>\n\n\n\n<p>Cookies sind Dateien mit kleinen Datenmengen, die einen anonymen eindeutigen Identifikator enthalten k\u00f6nnen. Cookies werden von einer Website an Ihren Browser gesendet und auf Ihrem Ger\u00e4t gespeichert. Als Tracking-Technologien werden auch Beacons, Tags und Skripte verwendet, um Informationen zu sammeln und zu verfolgen und um unsere Website zu verbessern und zu analysieren.<\/p>\n\n\n\n<p>Sie k\u00f6nnen Ihren Browser so einstellen, dass er alle Cookies ablehnt oder anzeigt, wenn ein Cookie gesendet wird. Wenn Sie jedoch keine Cookies akzeptieren, k\u00f6nnen Sie m\u00f6glicherweise einige Teile unserer Website nicht nutzen.<\/p>\n\n\n\n<p>Beispiele f\u00fcr von uns verwendete Cookies:<\/p>\n\n\n\n<ul class=\"wp-block-list\">\n<li><strong>Sitzungs-Cookies.<\/strong>  Wir verwenden Session-Cookies f\u00fcr den Betrieb unserer Website.<\/li>\n\n\n\n<li><strong>Pr\u00e4ferenz-Cookies.<\/strong>  Wir verwenden Pr\u00e4ferenz-Cookies, um Ihre Pr\u00e4ferenzen und verschiedene Einstellungen zu speichern.<\/li>\n\n\n\n<li><strong>Sicherheits-Cookies.<\/strong>  Wir verwenden Sicherheits-Cookies f\u00fcr Sicherheitszwecke.<\/li>\n<\/ul>\n\n\n\n<h2 class=\"wp-block-heading h3\">Verwendung von Daten<\/h2>\n\n\n\n<p>Bromic verwendet die gesammelten Daten f\u00fcr verschiedene Zwecke:<\/p>\n\n\n\n<ul class=\"wp-block-list\">\n<li>Zur Bereitstellung und Pflege der Website<\/li>\n\n\n\n<li>Um Sie \u00fcber \u00c4nderungen an unseren Programmen und Dienstleistungen zu informieren<\/li>\n\n\n\n<li>Um Ihnen die Teilnahme an interaktiven Funktionen zu erm\u00f6glichen<\/li>\n\n\n\n<li>Kundenbetreuung und -unterst\u00fctzung<\/li>\n\n\n\n<li>Um Analysen oder wertvolle Informationen bereitzustellen, damit wir unsere Dienstleistungen und Kommunikation verbessern k\u00f6nnen<\/li>\n\n\n\n<li>Um die Nutzung der Website zu \u00fcberwachen<\/li>\n\n\n\n<li>Erkennen, Vorbeugen und Beheben technischer Probleme<\/li>\n\n\n\n<li>Unterst\u00fctzung bei der Planung von Bauprojekten<\/li>\n\n\n\n<li>F\u00fcr die Garantieregistrierung von Produkten<\/li>\n\n\n\n<li>\u00dcbergabe Ihres Projekts und Ihrer Produktanforderungen an einen Vertriebspartner\/Einzelhandelsstandort.<\/li>\n<\/ul>\n\n\n\n<h2 class=\"wp-block-heading h3\">\u00dcbertragung von Daten<\/h2>\n\n\n\n<p>Ihre Informationen, einschlie\u00dflich personenbezogener Daten, k\u00f6nnen an Computer au\u00dferhalb Ihres Staates, Ihrer Provinz, Ihres Landes oder anderer staatlicher Zust\u00e4ndigkeitsbereiche, in denen andere Datenschutzgesetze als in Ihrem Zust\u00e4ndigkeitsbereich gelten, \u00fcbertragen und dort gespeichert werden.<\/p>\n\n\n\n<p>Wenn Sie sich au\u00dferhalb der Vereinigten Staaten befinden und sich daf\u00fcr entscheiden, uns Informationen zur Verf\u00fcgung zu stellen, beachten Sie bitte, dass wir die Daten, einschlie\u00dflich personenbezogener Daten, in die Vereinigten Staaten oder nach Australien \u00fcbertragen und dort verarbeiten k\u00f6nnen.<\/p>\n\n\n\n<p>Mit Ihrer Zustimmung zu dieser Datenschutzrichtlinie und der anschlie\u00dfenden \u00dcbermittlung solcher Daten erkl\u00e4ren Sie sich mit dieser \u00dcbertragung einverstanden.<\/p>\n\n\n\n<p>Bromic wird alle angemessenen Ma\u00dfnahmen ergreifen, um sicherzustellen, dass Ihre Daten sicher und in \u00dcbereinstimmung mit dieser Datenschutzrichtlinie behandelt werden, und es wird keine \u00dcbermittlung Ihrer pers\u00f6nlichen Daten an eine Organisation oder ein Land erfolgen, wenn nicht angemessene Kontrollen vorhanden sind, die die Sicherheit Ihrer Daten und anderer pers\u00f6nlicher Informationen einschlie\u00dfen.<\/p>\n\n\n\n<h2 class=\"wp-block-heading\">Offenlegung von Daten<\/h2>\n\n\n\n<h3 class=\"wp-block-heading\">Rechtliche Anforderungen<\/h3>\n\n\n\n<p>Bromic kann Ihre pers\u00f6nlichen Daten in dem guten Glauben offenlegen, dass dies notwendig ist, um:<\/p>\n\n\n\n<ul class=\"wp-block-list\">\n<li>Um einer gesetzlichen Verpflichtung nachzukommen<\/li>\n\n\n\n<li>zum Schutz und zur Verteidigung der Rechte und des Eigentums von Bromic<\/li>\n\n\n\n<li>Um m\u00f6gliches Fehlverhalten im Zusammenhang mit der Website zu verhindern oder zu untersuchen<\/li>\n\n\n\n<li>Zum Schutz der pers\u00f6nlichen Sicherheit der Nutzer der Website oder der \u00d6ffentlichkeit<\/li>\n\n\n\n<li>Zum Schutz vor rechtlicher Haftung<\/li>\n<\/ul>\n\n\n\n<h2 class=\"wp-block-heading h3\">Sicherheit der Daten<\/h2>\n\n\n\n<p>Die Sicherheit Ihrer Daten ist uns wichtig, aber denken Sie daran, dass keine Methode der \u00dcbertragung \u00fcber das Internet oder der elektronischen Speicherung 100% sicher ist. Obwohl wir uns bem\u00fchen, Ihre pers\u00f6nlichen Daten mit wirtschaftlich vertretbaren Mitteln zu sch\u00fctzen, k\u00f6nnen wir ihre absolute Sicherheit nicht garantieren.<\/p>\n\n\n\n<h2 class=\"wp-block-heading h3\">Website-Anbieter<\/h2>\n\n\n\n<p>Wir k\u00f6nnen Drittunternehmen und Einzelpersonen beauftragen, unsere Website zu erleichtern, die Website in unserem Namen bereitzustellen, Website-bezogene Verkaufs- und Marketingaktivit\u00e4ten durchzuf\u00fchren oder uns bei der Analyse der Nutzung unserer Website zu unterst\u00fctzen.<\/p>\n\n\n\n<p>Diese Dritten haben nur Zugang zu Ihren pers\u00f6nlichen Daten, um diese Aufgaben in unserem Auftrag zu erf\u00fcllen, und sind verpflichtet, sie nicht weiterzugeben oder f\u00fcr andere Zwecke zu verwenden.<\/p>\n\n\n\n<h2 class=\"wp-block-heading h3\">Analytik<\/h2>\n\n\n\n<p>Wir k\u00f6nnen dritte Website-Provider einsetzen, um die Nutzung unserer Website zu \u00fcberwachen und zu analysieren.<\/p>\n\n\n\n<h4 class=\"wp-block-heading\"><strong>Google Analytics<\/strong><\/h4>\n\n\n\n<p>Google Analytics ist eine von Google angebotene Webanalyse-Website, die den Website-Verkehr verfolgt und berichtet. Google verwendet die erfassten Daten, um die Nutzung unserer Website zu verfolgen und zu \u00fcberwachen. Diese Daten werden an andere Google-Websites weitergegeben. Google kann die gesammelten Daten verwenden, um die Anzeigen des eigenen Werbenetzwerks zu kontextualisieren und zu personalisieren.<\/p>\n\n\n\n<p>Sie k\u00f6nnen sich dagegen wehren, dass Ihre Aktivit\u00e4ten auf der Website Google Analytics zur Verf\u00fcgung gestellt werden, indem Sie das Browser-Add-on zur Deaktivierung von Google Analytics installieren. Das Add-on verhindert, dass das Google Analytics JavaScript (ga.js, analytics.js und dc.js) Informationen \u00fcber die Besuchsaktivit\u00e4ten mit Google Analytics austauscht. Weitere Informationen \u00fcber die Datenschutzpraktiken von Google finden Sie auf der Google-Webseite f\u00fcr Datenschutz und Nutzungsbedingungen: <a href=\"https:\/\/policies.google.com\/privacy?hl=en\">https:\/\/policies.google.com\/privacy?hl=en<\/a><\/p>\n\n\n\n<h2 class=\"wp-block-heading h3\">Links zu anderen Seiten<\/h2>\n\n\n\n<p>Unsere Website kann Links zu anderen Websites enthalten, die nicht von uns betrieben werden. Wenn Sie auf einen Link eines Drittanbieters klicken, werden Sie auf die Website dieses Drittanbieters weitergeleitet. Wir empfehlen Ihnen dringend, die Datenschutzrichtlinien jeder Website, die Sie besuchen, zu lesen.<\/p>\n\n\n\n<p>Wir haben keine Kontrolle \u00fcber und \u00fcbernehmen keine Verantwortung f\u00fcr den Inhalt, die Datenschutzrichtlinien oder die Praktiken von Websites Dritter.<\/p>\n\n\n\n<h2 class=\"wp-block-heading h3\">Wahlm\u00f6glichkeiten und Zugang<\/h2>\n\n\n\n<p><strong>Wie Sie auf Ihre pers\u00f6nlichen Daten zugreifen, sie \u00e4ndern oder l\u00f6schen k\u00f6nnen<\/strong><\/p>\n\n\n\n<p>Sie haben die Wahl, ob wir Ihre pers\u00f6nlichen Daten f\u00fcr Marketingzwecke verwenden und weitergeben sollen. Sie k\u00f6nnen<a href=\"https:\/\/www-bromic-com.bromicpimstg.sites.hosting.454.agency\/ccpa-request\/\">\n  <strong> hier klicken, um keine Marketingmitteilungen mehr von uns zu erhalten.<\/strong>\n<\/a><\/p>\n\n\n\n<p>Wir werden uns bem\u00fchen, Ihre Anfrage(n) so bald wie m\u00f6glich zu erf\u00fcllen. Bitte beachten Sie auch, dass wir Ihnen, wenn Sie sich gegen den Erhalt marketingbezogener Nachrichten von uns entscheiden, weiterhin wichtige transaktionsbezogene und administrative Nachrichten senden k\u00f6nnen, von denen Sie sich nicht abmelden k\u00f6nnen. Sie k\u00f6nnen auch <a href=\"https:\/\/www-bromic-com.bromicpimstg.sites.hosting.454.agency\/ccpa-request\/\">\n  <strong>hier klicken, um den Zugriff auf Ihre pers\u00f6nlichen Daten, deren \u00c4nderung oder L\u00f6schung zu beantragen.<\/strong>\n<\/a><\/p>\n\n\n\n<h2 class=\"wp-block-heading h3\">Datenschutz f\u00fcr Kinder<\/h2>\n\n\n\n<p>Unsere Website richtet sich nicht an Personen unter 18 Jahren (&#8222;Kinder&#8220;).<\/p>\n\n\n\n<p>Wir sammeln nicht wissentlich pers\u00f6nlich identifizierbare Informationen von Personen unter 18 Jahren. Wenn Sie ein Elternteil oder Erziehungsberechtigter sind und wissen, dass Ihr Kind uns personenbezogene Daten zur Verf\u00fcgung gestellt hat, kontaktieren Sie uns bitte. Wenn wir feststellen, dass wir personenbezogene Daten von Kindern ohne \u00dcberpr\u00fcfung der elterlichen Zustimmung erfasst haben, ergreifen wir Ma\u00dfnahmen, um diese Informationen von unseren Servern zu entfernen.<\/p>\n\n\n\n<h2 class=\"wp-block-heading h3\">\u00c4nderungen an dieser Datenschutzrichtlinie<\/h2>\n\n\n\n<p>Wir k\u00f6nnen diese Datenschutzrichtlinie \u00e4ndern. Bitte werfen Sie einen Blick auf die Legende &#8222;Zuletzt aktualisiert&#8220; am unteren Rand dieser Seite, um zu sehen, wann diese Datenschutzrichtlinie zuletzt \u00fcberarbeitet wurde. Jegliche \u00c4nderungen an dieser Datenschutzrichtlinie treten in Kraft, wenn wir die \u00fcberarbeitete Datenschutzrichtlinie auf der Website ver\u00f6ffentlichen. Wenn Sie die Website nach diesen \u00c4nderungen nutzen, bedeutet dies, dass Sie die \u00fcberarbeitete Datenschutzrichtlinie akzeptieren.<\/p>\n\n\n\n<h2 class=\"wp-block-heading h3\">Kontakt<\/h2>\n\n\n\n<p>Wenn Sie Fragen, Kommentare, W\u00fcnsche oder Bedenken in Bezug auf diese Datenschutzrichtlinie oder die Informationspraktiken dieser Website haben oder wenn Sie k\u00fcnftige Mitteilungen ablehnen m\u00f6chten, kontaktieren Sie uns bitte wie folgt:<\/p>\n\n\n\n<div class=\"wp-block-group\" style=\"padding-top:30px;padding-right:30px;padding-bottom:30px;padding-left:30px\"><div class=\"wp-block-group__inner-container is-layout-constrained wp-container-core-group-is-layout-79f87eb4 wp-block-group-is-layout-constrained\"><script charset=\"utf-8\" type=\"text\/javascript\" src=\"\/\/js.hsforms.net\/forms\/embed\/v2.js\"><\/script>\r\n<script>\r\n  hbspt.forms.create({\r\n    region: \"na1\",\r\n    portalId: \"21962787\",\r\n    formId: \"765102e0-b689-4f24-ad0f-7c4db0811caa\"\r\n  });\r\n<\/script><\/div><\/div>\n\n\n\n<div style=\"height:20px\" aria-hidden=\"true\" class=\"wp-block-spacer\"><\/div>\n\n\n\n\n    <div class=\"block-conditional-blocks  align\" id=\"block_7ddd63318b40a19ed7d79a03456bbbc8\">\n    \n        <div class=\"block-conditional-blocks--allowed-sites\">\n        DE        <\/div>\n        \n        \n\n<p>Bromic EU<br>Newtonlaan 115, 3584 BH Utrecht, Niederlande<br>Tel: +49 3883 5233999<\/p>\n\n        \n    <\/div>\n\n\n\n\n","protected":false},"excerpt":{"rendered":"<p>Datenschutzrichtlinie Zuletzt aktualisiert: M\u00e4rz 18, 2020 Sammlung und Verwendung von Informationen Wir verwenden Website-Cookies, um das Nutzerverhalten zu verfolgen und unsere Website und das Website-Angebot zu verbessern. Wir verwenden diese Informationen, um neue Programme zu entwickeln, Marketinginformationen zu \u00fcbermitteln und Inhalte zu erstellen, die den Bed\u00fcrfnissen unserer Kunden entsprechen. Arten von gesammelten Daten Pers\u00f6nliche Daten [&hellip;]<\/p>\n","protected":false},"author":8,"featured_media":40834,"parent":0,"menu_order":100,"comment_status":"closed","ping_status":"closed","template":"","meta":{"_acf_changed":false,"footnotes":""},"class_list":["post-7498","page","type-page","status-publish","has-post-thumbnail","hentry"],"acf":[],"yoast_head":"<!-- This site is optimized with the Yoast SEO plugin v26.1.1 - https:\/\/yoast.com\/wordpress\/plugins\/seo\/ -->\n<title>Datenschutzrichtlinie | Bromic Heating Deutschland<\/title>\n<meta name=\"description\" content=\"In unserer Datenschutzerkl\u00e4rung erfahren Sie alles dar\u00fcber, was Sie \u00fcber die Sammlung, Verwendung und \u00dcbertragung von Informationen wissen m\u00fcssen.\" \/>\n<meta name=\"robots\" content=\"index, follow, max-snippet:-1, max-image-preview:large, max-video-preview:-1\" \/>\n<link rel=\"canonical\" href=\"https:\/\/www-bromic-de.bromicpimstg.sites.hosting.454.agency\/de\/datenschutzrichtlinie\/\" \/>\n<meta property=\"og:locale\" content=\"de_DE\" \/>\n<meta property=\"og:type\" content=\"article\" \/>\n<meta property=\"og:title\" content=\"Datenschutzrichtlinie | Bromic Heating Deutschland\" \/>\n<meta property=\"og:description\" content=\"In unserer Datenschutzerkl\u00e4rung erfahren Sie alles dar\u00fcber, was Sie \u00fcber die Sammlung, Verwendung und \u00dcbertragung von Informationen wissen m\u00fcssen.\" \/>\n<meta property=\"og:url\" content=\"https:\/\/www-bromic-de.bromicpimstg.sites.hosting.454.agency\/de\/datenschutzrichtlinie\/\" \/>\n<meta property=\"og:site_name\" content=\"Bromic Heating Deutschland\" \/>\n<meta property=\"article:modified_time\" content=\"2024-06-21T15:40:29+00:00\" \/>\n<meta property=\"og:image\" content=\"https:\/\/www-bromic-de.bromicpimstg.sites.hosting.454.agency\/wp-content\/uploads\/sites\/9\/2023\/08\/eclipse_portable_residential-scene_web.jpg\" \/>\n\t<meta property=\"og:image:width\" content=\"2560\" \/>\n\t<meta property=\"og:image:height\" content=\"1706\" \/>\n\t<meta property=\"og:image:type\" content=\"image\/jpeg\" \/>\n<meta name=\"twitter:card\" content=\"summary_large_image\" \/>\n<meta name=\"twitter:label1\" content=\"Gesch\u00e4tzte Lesezeit\" \/>\n\t<meta name=\"twitter:data1\" content=\"6\u00a0Minuten\" \/>\n<script type=\"application\/ld+json\" class=\"yoast-schema-graph\">{\"@context\":\"https:\/\/schema.org\",\"@graph\":[{\"@type\":\"WebPage\",\"@id\":\"https:\/\/www-bromic-de.bromicpimstg.sites.hosting.454.agency\/de\/datenschutzrichtlinie\/\",\"url\":\"https:\/\/www-bromic-de.bromicpimstg.sites.hosting.454.agency\/de\/datenschutzrichtlinie\/\",\"name\":\"Datenschutzrichtlinie | Bromic Heating Deutschland\",\"isPartOf\":{\"@id\":\"https:\/\/www-bromic-de.bromicpimstg.sites.hosting.454.agency\/de\/#website\"},\"primaryImageOfPage\":{\"@id\":\"https:\/\/www-bromic-de.bromicpimstg.sites.hosting.454.agency\/de\/datenschutzrichtlinie\/#primaryimage\"},\"image\":{\"@id\":\"https:\/\/www-bromic-de.bromicpimstg.sites.hosting.454.agency\/de\/datenschutzrichtlinie\/#primaryimage\"},\"thumbnailUrl\":\"https:\/\/www-bromic-de.bromicpimstg.sites.hosting.454.agency\/wp-content\/uploads\/sites\/9\/2023\/08\/eclipse_portable_residential-scene_web.jpg\",\"datePublished\":\"2021-10-21T16:37:12+00:00\",\"dateModified\":\"2024-06-21T15:40:29+00:00\",\"description\":\"In unserer Datenschutzerkl\u00e4rung erfahren Sie alles dar\u00fcber, was Sie \u00fcber die Sammlung, Verwendung und \u00dcbertragung von Informationen wissen m\u00fcssen.\",\"breadcrumb\":{\"@id\":\"https:\/\/www-bromic-de.bromicpimstg.sites.hosting.454.agency\/de\/datenschutzrichtlinie\/#breadcrumb\"},\"inLanguage\":\"de\",\"potentialAction\":[{\"@type\":\"ReadAction\",\"target\":[\"https:\/\/www-bromic-de.bromicpimstg.sites.hosting.454.agency\/de\/datenschutzrichtlinie\/\"]}]},{\"@type\":\"ImageObject\",\"inLanguage\":\"de\",\"@id\":\"https:\/\/www-bromic-de.bromicpimstg.sites.hosting.454.agency\/de\/datenschutzrichtlinie\/#primaryimage\",\"url\":\"https:\/\/www-bromic-de.bromicpimstg.sites.hosting.454.agency\/wp-content\/uploads\/sites\/9\/2023\/08\/eclipse_portable_residential-scene_web.jpg\",\"contentUrl\":\"https:\/\/www-bromic-de.bromicpimstg.sites.hosting.454.agency\/wp-content\/uploads\/sites\/9\/2023\/08\/eclipse_portable_residential-scene_web.jpg\",\"width\":2560,\"height\":1706,\"caption\":\"Residential Portable Outside Heaters - Bromic Eclipse Portable\"},{\"@type\":\"BreadcrumbList\",\"@id\":\"https:\/\/www-bromic-de.bromicpimstg.sites.hosting.454.agency\/de\/datenschutzrichtlinie\/#breadcrumb\",\"itemListElement\":[{\"@type\":\"ListItem\",\"position\":1,\"name\":\"Startseite\",\"item\":\"https:\/\/www-bromic-de.bromicpimstg.sites.hosting.454.agency\/de\/\"},{\"@type\":\"ListItem\",\"position\":2,\"name\":\"Datenschutzrichtlinie\"}]},{\"@type\":\"WebSite\",\"@id\":\"https:\/\/www-bromic-de.bromicpimstg.sites.hosting.454.agency\/de\/#website\",\"url\":\"https:\/\/www-bromic-de.bromicpimstg.sites.hosting.454.agency\/de\/\",\"name\":\"Bromic Heating Deutschland\",\"description\":\"\",\"publisher\":{\"@id\":\"https:\/\/www-bromic-de.bromicpimstg.sites.hosting.454.agency\/de\/#organization\"},\"potentialAction\":[{\"@type\":\"SearchAction\",\"target\":{\"@type\":\"EntryPoint\",\"urlTemplate\":\"https:\/\/www-bromic-de.bromicpimstg.sites.hosting.454.agency\/de\/?s={search_term_string}\"},\"query-input\":{\"@type\":\"PropertyValueSpecification\",\"valueRequired\":true,\"valueName\":\"search_term_string\"}}],\"inLanguage\":\"de\"},{\"@type\":\"Organization\",\"@id\":\"https:\/\/www-bromic-de.bromicpimstg.sites.hosting.454.agency\/de\/#organization\",\"name\":\"Bromic Heating Deutschland\",\"url\":\"https:\/\/www-bromic-de.bromicpimstg.sites.hosting.454.agency\/de\/\",\"logo\":{\"@type\":\"ImageObject\",\"inLanguage\":\"de\",\"@id\":\"https:\/\/www-bromic-de.bromicpimstg.sites.hosting.454.agency\/de\/#\/schema\/logo\/image\/\",\"url\":\"https:\/\/www-bromic-de.bromicpimstg.sites.hosting.454.agency\/wp-content\/uploads\/sites\/9\/2021\/09\/bromic-logo.png\",\"contentUrl\":\"https:\/\/www-bromic-de.bromicpimstg.sites.hosting.454.agency\/wp-content\/uploads\/sites\/9\/2021\/09\/bromic-logo.png\",\"width\":1000,\"height\":342,\"caption\":\"Bromic Heating Deutschland\"},\"image\":{\"@id\":\"https:\/\/www-bromic-de.bromicpimstg.sites.hosting.454.agency\/de\/#\/schema\/logo\/image\/\"}}]}<\/script>\n<!-- \/ Yoast SEO plugin. -->","yoast_head_json":{"title":"Datenschutzrichtlinie | Bromic Heating Deutschland","description":"In unserer Datenschutzerkl\u00e4rung erfahren Sie alles dar\u00fcber, was Sie \u00fcber die Sammlung, Verwendung und \u00dcbertragung von Informationen wissen m\u00fcssen.","robots":{"index":"index","follow":"follow","max-snippet":"max-snippet:-1","max-image-preview":"max-image-preview:large","max-video-preview":"max-video-preview:-1"},"canonical":"https:\/\/www-bromic-de.bromicpimstg.sites.hosting.454.agency\/de\/datenschutzrichtlinie\/","og_locale":"de_DE","og_type":"article","og_title":"Datenschutzrichtlinie | Bromic Heating Deutschland","og_description":"In unserer Datenschutzerkl\u00e4rung erfahren Sie alles dar\u00fcber, was Sie \u00fcber die Sammlung, Verwendung und \u00dcbertragung von Informationen wissen m\u00fcssen.","og_url":"https:\/\/www-bromic-de.bromicpimstg.sites.hosting.454.agency\/de\/datenschutzrichtlinie\/","og_site_name":"Bromic Heating Deutschland","article_modified_time":"2024-06-21T15:40:29+00:00","og_image":[{"width":2560,"height":1706,"url":"https:\/\/www-bromic-de.bromicpimstg.sites.hosting.454.agency\/wp-content\/uploads\/sites\/9\/2023\/08\/eclipse_portable_residential-scene_web.jpg","type":"image\/jpeg"}],"twitter_card":"summary_large_image","twitter_misc":{"Gesch\u00e4tzte Lesezeit":"6\u00a0Minuten"},"schema":{"@context":"https:\/\/schema.org","@graph":[{"@type":"WebPage","@id":"https:\/\/www-bromic-de.bromicpimstg.sites.hosting.454.agency\/de\/datenschutzrichtlinie\/","url":"https:\/\/www-bromic-de.bromicpimstg.sites.hosting.454.agency\/de\/datenschutzrichtlinie\/","name":"Datenschutzrichtlinie | Bromic Heating Deutschland","isPartOf":{"@id":"https:\/\/www-bromic-de.bromicpimstg.sites.hosting.454.agency\/de\/#website"},"primaryImageOfPage":{"@id":"https:\/\/www-bromic-de.bromicpimstg.sites.hosting.454.agency\/de\/datenschutzrichtlinie\/#primaryimage"},"image":{"@id":"https:\/\/www-bromic-de.bromicpimstg.sites.hosting.454.agency\/de\/datenschutzrichtlinie\/#primaryimage"},"thumbnailUrl":"https:\/\/www-bromic-de.bromicpimstg.sites.hosting.454.agency\/wp-content\/uploads\/sites\/9\/2023\/08\/eclipse_portable_residential-scene_web.jpg","datePublished":"2021-10-21T16:37:12+00:00","dateModified":"2024-06-21T15:40:29+00:00","description":"In unserer Datenschutzerkl\u00e4rung erfahren Sie alles dar\u00fcber, was Sie \u00fcber die Sammlung, Verwendung und \u00dcbertragung von Informationen wissen m\u00fcssen.","breadcrumb":{"@id":"https:\/\/www-bromic-de.bromicpimstg.sites.hosting.454.agency\/de\/datenschutzrichtlinie\/#breadcrumb"},"inLanguage":"de","potentialAction":[{"@type":"ReadAction","target":["https:\/\/www-bromic-de.bromicpimstg.sites.hosting.454.agency\/de\/datenschutzrichtlinie\/"]}]},{"@type":"ImageObject","inLanguage":"de","@id":"https:\/\/www-bromic-de.bromicpimstg.sites.hosting.454.agency\/de\/datenschutzrichtlinie\/#primaryimage","url":"https:\/\/www-bromic-de.bromicpimstg.sites.hosting.454.agency\/wp-content\/uploads\/sites\/9\/2023\/08\/eclipse_portable_residential-scene_web.jpg","contentUrl":"https:\/\/www-bromic-de.bromicpimstg.sites.hosting.454.agency\/wp-content\/uploads\/sites\/9\/2023\/08\/eclipse_portable_residential-scene_web.jpg","width":2560,"height":1706,"caption":"Residential Portable Outside Heaters - Bromic Eclipse Portable"},{"@type":"BreadcrumbList","@id":"https:\/\/www-bromic-de.bromicpimstg.sites.hosting.454.agency\/de\/datenschutzrichtlinie\/#breadcrumb","itemListElement":[{"@type":"ListItem","position":1,"name":"Startseite","item":"https:\/\/www-bromic-de.bromicpimstg.sites.hosting.454.agency\/de\/"},{"@type":"ListItem","position":2,"name":"Datenschutzrichtlinie"}]},{"@type":"WebSite","@id":"https:\/\/www-bromic-de.bromicpimstg.sites.hosting.454.agency\/de\/#website","url":"https:\/\/www-bromic-de.bromicpimstg.sites.hosting.454.agency\/de\/","name":"Bromic Heating Deutschland","description":"","publisher":{"@id":"https:\/\/www-bromic-de.bromicpimstg.sites.hosting.454.agency\/de\/#organization"},"potentialAction":[{"@type":"SearchAction","target":{"@type":"EntryPoint","urlTemplate":"https:\/\/www-bromic-de.bromicpimstg.sites.hosting.454.agency\/de\/?s={search_term_string}"},"query-input":{"@type":"PropertyValueSpecification","valueRequired":true,"valueName":"search_term_string"}}],"inLanguage":"de"},{"@type":"Organization","@id":"https:\/\/www-bromic-de.bromicpimstg.sites.hosting.454.agency\/de\/#organization","name":"Bromic Heating Deutschland","url":"https:\/\/www-bromic-de.bromicpimstg.sites.hosting.454.agency\/de\/","logo":{"@type":"ImageObject","inLanguage":"de","@id":"https:\/\/www-bromic-de.bromicpimstg.sites.hosting.454.agency\/de\/#\/schema\/logo\/image\/","url":"https:\/\/www-bromic-de.bromicpimstg.sites.hosting.454.agency\/wp-content\/uploads\/sites\/9\/2021\/09\/bromic-logo.png","contentUrl":"https:\/\/www-bromic-de.bromicpimstg.sites.hosting.454.agency\/wp-content\/uploads\/sites\/9\/2021\/09\/bromic-logo.png","width":1000,"height":342,"caption":"Bromic Heating Deutschland"},"image":{"@id":"https:\/\/www-bromic-de.bromicpimstg.sites.hosting.454.agency\/de\/#\/schema\/logo\/image\/"}}]}},"_links":{"self":[{"href":"https:\/\/www-bromic-de.bromicpimstg.sites.hosting.454.agency\/de\/wp-json\/wp\/v2\/pages\/7498","targetHints":{"allow":["GET"]}}],"collection":[{"href":"https:\/\/www-bromic-de.bromicpimstg.sites.hosting.454.agency\/de\/wp-json\/wp\/v2\/pages"}],"about":[{"href":"https:\/\/www-bromic-de.bromicpimstg.sites.hosting.454.agency\/de\/wp-json\/wp\/v2\/types\/page"}],"author":[{"embeddable":true,"href":"https:\/\/www-bromic-de.bromicpimstg.sites.hosting.454.agency\/de\/wp-json\/wp\/v2\/users\/8"}],"replies":[{"embeddable":true,"href":"https:\/\/www-bromic-de.bromicpimstg.sites.hosting.454.agency\/de\/wp-json\/wp\/v2\/comments?post=7498"}],"version-history":[{"count":0,"href":"https:\/\/www-bromic-de.bromicpimstg.sites.hosting.454.agency\/de\/wp-json\/wp\/v2\/pages\/7498\/revisions"}],"wp:featuredmedia":[{"embeddable":true,"href":"https:\/\/www-bromic-de.bromicpimstg.sites.hosting.454.agency\/de\/wp-json\/wp\/v2\/media\/40834"}],"wp:attachment":[{"href":"https:\/\/www-bromic-de.bromicpimstg.sites.hosting.454.agency\/de\/wp-json\/wp\/v2\/media?parent=7498"}],"curies":[{"name":"wp","href":"https:\/\/api.w.org\/{rel}","templated":true}]}}