{"id":7479,"date":"2021-10-21T08:38:10","date_gmt":"2021-10-21T16:38:10","guid":{"rendered":"https:\/\/www-bromic-de.bromicpimstg.sites.hosting.454.agency\/gestalten-sie-ihren-raum-eu\/"},"modified":"2025-01-20T09:33:50","modified_gmt":"2025-01-20T17:33:50","slug":"gestalten-sie-ihren-raum","status":"publish","type":"page","link":"https:\/\/www-bromic-de.bromicpimstg.sites.hosting.454.agency\/de\/gestalten-sie-ihren-raum\/","title":{"rendered":"Gestalten Sie Ihren Raum"},"content":{"rendered":"\n<div class=\"wp-block-group alignfull has-pearl-background-color has-background\"><div class=\"wp-block-group__inner-container is-layout-flow wp-block-group-is-layout-flow\">\n<div style=\"height:100px\" aria-hidden=\"true\" class=\"wp-block-spacer\"><\/div>\n\n\n\n<div class=\"wp-block-columns alignwide is-layout-flex wp-container-core-columns-is-layout-9d6595d7 wp-block-columns-is-layout-flex\">\n<div class=\"wp-block-column is-layout-flow wp-block-column-is-layout-flow\" style=\"flex-basis:40%\">\n<h3 class=\"wp-block-heading\">Musterentwurf ansehen<\/h3>\n\n\n\n<p><strong>Technische Zeichnungen und Unterst\u00fctzung bei der Spezifikation von Au\u00dfenheizungen<\/strong><\/p>\n\n\n\n<p>Von der Abdeckung von W\u00e4rmeausdehnungen in Ihren technischen Zeichnungen bis hin zu einer vollst\u00e4ndigen Produktliste mit Optionen, die Ihren Anforderungen entsprechen, hilft unser Design Service bei der Beantwortung der Frage, was genau zu bestellen ist.<\/p>\n\n\n\n<ul class=\"wp-block-list\"><li>Grundriss<\/li><li>Layout und Umgebung<\/li><li>Energiearten<\/li><li>Projektbudget<\/li><li>Auswahl des Heizger\u00e4ts<\/li><li>Anforderungen an die Installation<\/li><\/ul>\n\n\n\n<div style=\"height:20px\" aria-hidden=\"true\" class=\"wp-block-spacer\"><\/div>\n\n\n\n<div class=\"wp-block-buttons is-layout-flex wp-block-buttons-is-layout-flex\">\n<div class=\"wp-block-button\"><a class=\"wp-block-button__link has-orange-background-color has-background\" href=\"https:\/\/bromicpimstg.sites.hosting.454.agency\/wp-content\/uploads\/2021\/09\/Design-Services-Project-Example.pdf\" target=\"_blank\" rel=\"noreferrer noopener\">Musterentwurf herunterladen<\/a><\/div>\n<\/div>\n<\/div>\n\n\n\n<div class=\"wp-block-column has-white-background-color has-background is-layout-flow wp-block-column-is-layout-flow\" style=\"padding-top:40px;padding-right:40px;padding-bottom:40px;padding-left:40px;flex-basis:60%\">\n<h4 class=\"wp-block-heading\">Erz\u00e4hlen Sie uns von Ihrem Projekt<\/h4>\n\n\n<script charset=\"utf-8\" type=\"text\/javascript\" src=\"\/\/js.hsforms.net\/forms\/embed\/v2.js\"><\/script>\r\n<script>\r\n  hbspt.forms.create({\r\n    region: \"na1\",\r\n    portalId: \"21962787\",\r\n    formId: \"9bc80e6e-dadc-4413-b755-541f8b47f41c\"\r\n  });\r\n<\/script><\/div>\n<\/div>\n\n\n\n<div style=\"height:100px\" aria-hidden=\"true\" class=\"wp-block-spacer\"><\/div>\n<\/div><\/div>\n\n\n\n<div style=\"height:100px\" aria-hidden=\"true\" class=\"wp-block-spacer\"><\/div>\n\n\n\n<h2 class=\"has-text-align-center wp-block-heading\">Neueste Projekte<\/h2>\n\n\n\n<div style=\"height:20px\" aria-hidden=\"true\" class=\"wp-block-spacer\"><\/div>\n\n\n<section class=\"blocks block-case-studies alignwide \" id=\"block_c9ea2066d6db446fb2c9df9a90f30d33\">\n\n                <ul class=\"wp-block-latest-posts__list is-grid columns-3 wp-block-latest-posts\">\n                            <li>\n                    <div class=\"wp-block-latest-posts__featured-image\">\n                        <img decoding=\"async\" width=\"2500\" height=\"1682\" src=\"https:\/\/www-bromic-de.bromicpimstg.sites.hosting.454.agency\/wp-content\/uploads\/sites\/9\/2025\/07\/BromicHeaters_OranParkHotel_StevenWoodburn_3.jpg\" class=\"attachment-mediunm size-mediunm wp-post-image\" alt=\"\" srcset=\"https:\/\/www-bromic-de.bromicpimstg.sites.hosting.454.agency\/wp-content\/uploads\/sites\/9\/2025\/07\/BromicHeaters_OranParkHotel_StevenWoodburn_3.jpg 2500w, https:\/\/www-bromic-de.bromicpimstg.sites.hosting.454.agency\/wp-content\/uploads\/sites\/9\/2025\/07\/BromicHeaters_OranParkHotel_StevenWoodburn_3-1024x689.jpg 1024w, https:\/\/www-bromic-de.bromicpimstg.sites.hosting.454.agency\/wp-content\/uploads\/sites\/9\/2025\/07\/BromicHeaters_OranParkHotel_StevenWoodburn_3-1600x1076.jpg 1600w\" sizes=\"(max-width: 2500px) 100vw, 2500px\" \/>                    <\/div>\n                    <a href=\"case-study\/erdige-eleganz-im-oran-park-hotel\/\">Erdige Eleganz im Oran Park Hotel<\/a>\n                    <div class=\"wp-block-latest-posts__post-excerpt\">Im S\u00fcdwesten Sydneys gelegen, ist Oran Park ein aufstrebender Vorort, der einst ausgedehnte Ackerfl\u00e4che war&#8230;.<\/div>\n                    <a href=\"case-study\/erdige-eleganz-im-oran-park-hotel\/\" class=\"button-link\" aria-label=\"Weiterlesen Erdige Eleganz im Oran Park Hotel\">Weiterlesen<\/a>\n                <\/li>\n                            <li>\n                    <div class=\"wp-block-latest-posts__featured-image\">\n                        <img decoding=\"async\" width=\"2560\" height=\"2030\" src=\"https:\/\/www-bromic-de.bromicpimstg.sites.hosting.454.agency\/wp-content\/uploads\/sites\/9\/2025\/03\/Industrie-Apartments-Exterior-scaled.jpg\" class=\"attachment-mediunm size-mediunm wp-post-image\" alt=\"\" srcset=\"https:\/\/www-bromic-de.bromicpimstg.sites.hosting.454.agency\/wp-content\/uploads\/sites\/9\/2025\/03\/Industrie-Apartments-Exterior-scaled.jpg 2560w, https:\/\/www-bromic-de.bromicpimstg.sites.hosting.454.agency\/wp-content\/uploads\/sites\/9\/2025\/03\/Industrie-Apartments-Exterior-1024x812.jpg 1024w, https:\/\/www-bromic-de.bromicpimstg.sites.hosting.454.agency\/wp-content\/uploads\/sites\/9\/2025\/03\/Industrie-Apartments-Exterior-1600x1269.jpg 1600w\" sizes=\"(max-width: 2560px) 100vw, 2560px\" \/>                    <\/div>\n                    <a href=\"case-study\/albanys-erstes-emissionsfreies-mehrfamilienhaus-offizielles-bromic-heating\/\">Eine ganzj\u00e4hrige Dachterrassen-Oase im ersten emissionsfreien Mehrfamilienhaus von Albany schaffen<\/a>\n                    <div class=\"wp-block-latest-posts__post-excerpt\">Projekt\u00fcbersicht Industrie, eine emissionsfreie Mehrfamilienentwicklung von The Rosenblum Companies, definiert das urbane Wohnen in Albany,&#8230;<\/div>\n                    <a href=\"case-study\/albanys-erstes-emissionsfreies-mehrfamilienhaus-offizielles-bromic-heating\/\" class=\"button-link\" aria-label=\"Weiterlesen Eine ganzj\u00e4hrige Dachterrassen-Oase im ersten emissionsfreien Mehrfamilienhaus von Albany schaffen\">Weiterlesen<\/a>\n                <\/li>\n                            <li>\n                    <div class=\"wp-block-latest-posts__featured-image\">\n                        <img decoding=\"async\" width=\"1920\" height=\"1080\" src=\"https:\/\/www-bromic-de.bromicpimstg.sites.hosting.454.agency\/wp-content\/uploads\/sites\/9\/2023\/08\/Christophers-Wrigley-Mansion.png\" class=\"attachment-mediunm size-mediunm wp-post-image\" alt=\"Bromic Heating Case Studies - Eclipse Portable Heaters Wringley&#039;s Mansion in Phoenix, Arizona\" srcset=\"https:\/\/www-bromic-de.bromicpimstg.sites.hosting.454.agency\/wp-content\/uploads\/sites\/9\/2023\/08\/Christophers-Wrigley-Mansion.png 1920w, https:\/\/www-bromic-de.bromicpimstg.sites.hosting.454.agency\/wp-content\/uploads\/sites\/9\/2023\/08\/Christophers-Wrigley-Mansion-1024x576.png 1024w, https:\/\/www-bromic-de.bromicpimstg.sites.hosting.454.agency\/wp-content\/uploads\/sites\/9\/2023\/08\/Christophers-Wrigley-Mansion-1600x900.png 1600w, https:\/\/www-bromic-de.bromicpimstg.sites.hosting.454.agency\/wp-content\/uploads\/sites\/9\/2023\/08\/Christophers-Wrigley-Mansion-1280x720.png 1280w, https:\/\/www-bromic-de.bromicpimstg.sites.hosting.454.agency\/wp-content\/uploads\/sites\/9\/2023\/08\/Christophers-Wrigley-Mansion-1536x864.png 1536w, https:\/\/www-bromic-de.bromicpimstg.sites.hosting.454.agency\/wp-content\/uploads\/sites\/9\/2023\/08\/Christophers-Wrigley-Mansion-500x281.png 500w\" sizes=\"(max-width: 1920px) 100vw, 1920px\" \/>                    <\/div>\n                    <a href=\"case-study\/eclipse-portable-fuer-christophers-in-wrigley-mansion\/\">Eclipse Portable f\u00fcr Christopher&#8217;s im Wrigley Mansion<\/a>\n                    <div class=\"wp-block-latest-posts__post-excerpt\">Das von William Wrigley entworfene und 1931 fertiggestellte, historische Wrigley Mansion ist ein echtes Wahrzeichen&#8230;<\/div>\n                    <a href=\"case-study\/eclipse-portable-fuer-christophers-in-wrigley-mansion\/\" class=\"button-link\" aria-label=\"Weiterlesen Eclipse Portable f\u00fcr Christopher&#8217;s im Wrigley Mansion\">Weiterlesen<\/a>\n                <\/li>\n                    <\/ul>\n        \n<\/section>\n","protected":false},"excerpt":{"rendered":"<p>Musterentwurf ansehen Technische Zeichnungen und Unterst\u00fctzung bei der Spezifikation von Au\u00dfenheizungen Von der Abdeckung von W\u00e4rmeausdehnungen in Ihren technischen Zeichnungen bis hin zu einer vollst\u00e4ndigen Produktliste mit Optionen, die Ihren Anforderungen entsprechen, hilft unser Design Service bei der Beantwortung der Frage, was genau zu bestellen ist. Grundriss Layout und Umgebung Energiearten Projektbudget Auswahl des Heizger\u00e4ts [&hellip;]<\/p>\n","protected":false},"author":8,"featured_media":3425,"parent":0,"menu_order":0,"comment_status":"closed","ping_status":"closed","template":"","meta":{"_acf_changed":false,"footnotes":""},"class_list":["post-7479","page","type-page","status-publish","has-post-thumbnail","hentry"],"acf":[],"yoast_head":"<!-- This site is optimized with the Yoast SEO plugin v26.1.1 - https:\/\/yoast.com\/wordpress\/plugins\/seo\/ -->\n<title>Anfrage f\u00fcr ein kostenloses Designlayout | Bromic Heating Deutschland<\/title>\n<meta name=\"description\" content=\"Unsere Planungsexperten unterst\u00fctzen Sie mit technischen Zeichnungen und Spezifikationen f\u00fcr Ihre Au\u00dfenheizungen. Gestalten Sie Ihren Raum jetzt!\" \/>\n<meta name=\"robots\" content=\"index, follow, max-snippet:-1, max-image-preview:large, max-video-preview:-1\" \/>\n<link rel=\"canonical\" href=\"https:\/\/www-bromic-de.bromicpimstg.sites.hosting.454.agency\/de\/gestalten-sie-ihren-raum\/\" \/>\n<meta property=\"og:locale\" content=\"de_DE\" \/>\n<meta property=\"og:type\" content=\"article\" \/>\n<meta property=\"og:title\" content=\"Anfrage f\u00fcr ein kostenloses Designlayout | Bromic Heating Deutschland\" \/>\n<meta property=\"og:description\" content=\"Unsere Planungsexperten unterst\u00fctzen Sie mit technischen Zeichnungen und Spezifikationen f\u00fcr Ihre Au\u00dfenheizungen. Gestalten Sie Ihren Raum jetzt!\" \/>\n<meta property=\"og:url\" content=\"https:\/\/www-bromic-de.bromicpimstg.sites.hosting.454.agency\/de\/gestalten-sie-ihren-raum\/\" \/>\n<meta property=\"og:site_name\" content=\"Bromic Heating Deutschland\" \/>\n<meta property=\"article:modified_time\" content=\"2025-01-20T17:33:50+00:00\" \/>\n<meta property=\"og:image\" content=\"https:\/\/www-bromic-de.bromicpimstg.sites.hosting.454.agency\/wp-content\/uploads\/sites\/9\/2021\/08\/Tungsten_Portable_HR-1.jpg\" \/>\n\t<meta property=\"og:image:width\" content=\"2560\" \/>\n\t<meta property=\"og:image:height\" content=\"1810\" \/>\n\t<meta property=\"og:image:type\" content=\"image\/jpeg\" \/>\n<meta name=\"twitter:card\" content=\"summary_large_image\" \/>\n<meta name=\"twitter:label1\" content=\"Gesch\u00e4tzte Lesezeit\" \/>\n\t<meta name=\"twitter:data1\" content=\"1\u00a0Minute\" \/>\n<script type=\"application\/ld+json\" class=\"yoast-schema-graph\">{\"@context\":\"https:\/\/schema.org\",\"@graph\":[{\"@type\":\"WebPage\",\"@id\":\"https:\/\/www-bromic-de.bromicpimstg.sites.hosting.454.agency\/de\/gestalten-sie-ihren-raum\/\",\"url\":\"https:\/\/www-bromic-de.bromicpimstg.sites.hosting.454.agency\/de\/gestalten-sie-ihren-raum\/\",\"name\":\"Anfrage f\u00fcr ein kostenloses Designlayout | Bromic Heating Deutschland\",\"isPartOf\":{\"@id\":\"https:\/\/www-bromic-de.bromicpimstg.sites.hosting.454.agency\/de\/#website\"},\"primaryImageOfPage\":{\"@id\":\"https:\/\/www-bromic-de.bromicpimstg.sites.hosting.454.agency\/de\/gestalten-sie-ihren-raum\/#primaryimage\"},\"image\":{\"@id\":\"https:\/\/www-bromic-de.bromicpimstg.sites.hosting.454.agency\/de\/gestalten-sie-ihren-raum\/#primaryimage\"},\"thumbnailUrl\":\"https:\/\/www-bromic-de.bromicpimstg.sites.hosting.454.agency\/wp-content\/uploads\/sites\/9\/2021\/08\/Tungsten_Portable_HR-1.jpg\",\"datePublished\":\"2021-10-21T16:38:10+00:00\",\"dateModified\":\"2025-01-20T17:33:50+00:00\",\"description\":\"Unsere Planungsexperten unterst\u00fctzen Sie mit technischen Zeichnungen und Spezifikationen f\u00fcr Ihre Au\u00dfenheizungen. Gestalten Sie Ihren Raum jetzt!\",\"breadcrumb\":{\"@id\":\"https:\/\/www-bromic-de.bromicpimstg.sites.hosting.454.agency\/de\/gestalten-sie-ihren-raum\/#breadcrumb\"},\"inLanguage\":\"de\",\"potentialAction\":[{\"@type\":\"ReadAction\",\"target\":[\"https:\/\/www-bromic-de.bromicpimstg.sites.hosting.454.agency\/de\/gestalten-sie-ihren-raum\/\"]}]},{\"@type\":\"ImageObject\",\"inLanguage\":\"de\",\"@id\":\"https:\/\/www-bromic-de.bromicpimstg.sites.hosting.454.agency\/de\/gestalten-sie-ihren-raum\/#primaryimage\",\"url\":\"https:\/\/www-bromic-de.bromicpimstg.sites.hosting.454.agency\/wp-content\/uploads\/sites\/9\/2021\/08\/Tungsten_Portable_HR-1.jpg\",\"contentUrl\":\"https:\/\/www-bromic-de.bromicpimstg.sites.hosting.454.agency\/wp-content\/uploads\/sites\/9\/2021\/08\/Tungsten_Portable_HR-1.jpg\",\"width\":2560,\"height\":1810,\"caption\":\"ProEXR File Description =Attributes= cameraAperture (float): 36 cameraFNumber (float): 3 cameraFarClip (float): 1e+030 cameraFarRange (float): 1e+018 cameraFocalLength (float): 34.9996 cameraFov (float): 54.2081 cameraNearClip (float): 0 cameraNearRange (float): 0 cameraProjection (int): 0 cameraTargetDistance (float): 726.95 cameraTransform (m44f): [{0.999961, -0.00879618, 0.000633452, -1.33663}, {-0.00881896, -0.997378, 0.0718256, -481.649}, {0, -0.0718284, -0.997417, 117.91}, {0, 0, 0, 1}] channels (chlist) compression (compression): Zip dataWindow (box2i): [0, 0, 4999, 3534] displayWindow (box2i): [0, 0, 4999, 3534] lineOrder (lineOrder): Increasing Y name (string): \\\"\\\" pixelAspectRatio (float): 1 screenWindowCenter (v2f): [0, 0] screenWindowWidth (float): 1 type (string): \\\"scanlineimage\\\" vrayChannelInfo (string): \\\"{\\\"VRayRenderID\\\":{\\\"alias\\\":114,\\\"index\\\":5,\\\"flags\\\":16389},\\\"worldPositions\\\":{\\\"alias\\\":143,\\\"index\\\":8,\\\"flags\\\":24676},\\\"refractionFilter\\\":{\\\"alias\\\":120,\\\"index\\\":12,\\\"flags\\\":24612},\\\"worldNormals\\\":{\\\"alias\\\":145,\\\"index\\\":9,\\\"flags\\\":16420},\\\"VRayDenoiser\\\":{\\\"alias\\\":144,\\\"index\\\":2,\\\"flags\\\":16389},\\\"noiseLevel\\\":{\\\"alias\\\":142,\\\"index\\\":6,\\\"flags\\\":16420},\\\"effectsResult\\\":{\\\"alias\\\":153,\\\"index\\\":13,\\\"flags\\\":16517},\\\"Alpha\\\":{\\\"alias\\\":125,\\\"index\\\":1,\\\"flags\\\":16389},\\\"RGB color\\\":{\\\"alias\\\":126,\\\"index\\\":0,\\\"flags\\\":16385},\\\"VRayReflection\\\":{\\\"alias\\\":102,\\\"index\\\":3,\\\"flags\\\":24584},\\\"diffuseFilter\\\":{\\\"alias\\\":101,\\\"index\\\":10,\\\"flags\\\":24612},\\\"defocusAmount\\\":{\\\"alias\\\":146,\\\"index\\\":7,\\\"flags\\\":16420},\\\"reflectionFilter\\\":{\\\"alias\\\":118,\\\"index\\\":11,\\\"flags\\\":24612},\\\"VRayRefraction\\\":{\\\"alias\\\":103,\\\"index\\\":4,\\\"flags\\\":24584}}\\\" vrayInfo\/vrayrevision (string): \\\"28403 Jul 20 2018 02:18:48\\\" =Channels= A (half) B (half) G (half) R (half) VRayDenoiser.B (half) VRayDenoiser.G (half) VRayDenoiser.R (half) VRayReflection.B (half) VRayReflection.G (half) VRayReflection.R (half) VRayRefraction.B (half) VRayRefraction.G (half) VRayRefraction.R (half) VRayRenderID (uint) defocusAmount (half) diffuseFilter.B (half) diffuseFilter.G (half) diffuseFi\"},{\"@type\":\"BreadcrumbList\",\"@id\":\"https:\/\/www-bromic-de.bromicpimstg.sites.hosting.454.agency\/de\/gestalten-sie-ihren-raum\/#breadcrumb\",\"itemListElement\":[{\"@type\":\"ListItem\",\"position\":1,\"name\":\"Startseite\",\"item\":\"https:\/\/www-bromic-de.bromicpimstg.sites.hosting.454.agency\/de\/\"},{\"@type\":\"ListItem\",\"position\":2,\"name\":\"Gestalten Sie Ihren Raum\"}]},{\"@type\":\"WebSite\",\"@id\":\"https:\/\/www-bromic-de.bromicpimstg.sites.hosting.454.agency\/de\/#website\",\"url\":\"https:\/\/www-bromic-de.bromicpimstg.sites.hosting.454.agency\/de\/\",\"name\":\"Bromic Heating Deutschland\",\"description\":\"\",\"publisher\":{\"@id\":\"https:\/\/www-bromic-de.bromicpimstg.sites.hosting.454.agency\/de\/#organization\"},\"potentialAction\":[{\"@type\":\"SearchAction\",\"target\":{\"@type\":\"EntryPoint\",\"urlTemplate\":\"https:\/\/www-bromic-de.bromicpimstg.sites.hosting.454.agency\/de\/?s={search_term_string}\"},\"query-input\":{\"@type\":\"PropertyValueSpecification\",\"valueRequired\":true,\"valueName\":\"search_term_string\"}}],\"inLanguage\":\"de\"},{\"@type\":\"Organization\",\"@id\":\"https:\/\/www-bromic-de.bromicpimstg.sites.hosting.454.agency\/de\/#organization\",\"name\":\"Bromic Heating Deutschland\",\"url\":\"https:\/\/www-bromic-de.bromicpimstg.sites.hosting.454.agency\/de\/\",\"logo\":{\"@type\":\"ImageObject\",\"inLanguage\":\"de\",\"@id\":\"https:\/\/www-bromic-de.bromicpimstg.sites.hosting.454.agency\/de\/#\/schema\/logo\/image\/\",\"url\":\"https:\/\/www-bromic-de.bromicpimstg.sites.hosting.454.agency\/wp-content\/uploads\/sites\/9\/2021\/09\/bromic-logo.png\",\"contentUrl\":\"https:\/\/www-bromic-de.bromicpimstg.sites.hosting.454.agency\/wp-content\/uploads\/sites\/9\/2021\/09\/bromic-logo.png\",\"width\":1000,\"height\":342,\"caption\":\"Bromic Heating Deutschland\"},\"image\":{\"@id\":\"https:\/\/www-bromic-de.bromicpimstg.sites.hosting.454.agency\/de\/#\/schema\/logo\/image\/\"}}]}<\/script>\n<!-- \/ Yoast SEO plugin. -->","yoast_head_json":{"title":"Anfrage f\u00fcr ein kostenloses Designlayout | Bromic Heating Deutschland","description":"Unsere Planungsexperten unterst\u00fctzen Sie mit technischen Zeichnungen und Spezifikationen f\u00fcr Ihre Au\u00dfenheizungen. Gestalten Sie Ihren Raum jetzt!","robots":{"index":"index","follow":"follow","max-snippet":"max-snippet:-1","max-image-preview":"max-image-preview:large","max-video-preview":"max-video-preview:-1"},"canonical":"https:\/\/www-bromic-de.bromicpimstg.sites.hosting.454.agency\/de\/gestalten-sie-ihren-raum\/","og_locale":"de_DE","og_type":"article","og_title":"Anfrage f\u00fcr ein kostenloses Designlayout | Bromic Heating Deutschland","og_description":"Unsere Planungsexperten unterst\u00fctzen Sie mit technischen Zeichnungen und Spezifikationen f\u00fcr Ihre Au\u00dfenheizungen. Gestalten Sie Ihren Raum jetzt!","og_url":"https:\/\/www-bromic-de.bromicpimstg.sites.hosting.454.agency\/de\/gestalten-sie-ihren-raum\/","og_site_name":"Bromic Heating Deutschland","article_modified_time":"2025-01-20T17:33:50+00:00","og_image":[{"width":2560,"height":1810,"url":"https:\/\/www-bromic-de.bromicpimstg.sites.hosting.454.agency\/wp-content\/uploads\/sites\/9\/2021\/08\/Tungsten_Portable_HR-1.jpg","type":"image\/jpeg"}],"twitter_card":"summary_large_image","twitter_misc":{"Gesch\u00e4tzte Lesezeit":"1\u00a0Minute"},"schema":{"@context":"https:\/\/schema.org","@graph":[{"@type":"WebPage","@id":"https:\/\/www-bromic-de.bromicpimstg.sites.hosting.454.agency\/de\/gestalten-sie-ihren-raum\/","url":"https:\/\/www-bromic-de.bromicpimstg.sites.hosting.454.agency\/de\/gestalten-sie-ihren-raum\/","name":"Anfrage f\u00fcr ein kostenloses Designlayout | Bromic Heating Deutschland","isPartOf":{"@id":"https:\/\/www-bromic-de.bromicpimstg.sites.hosting.454.agency\/de\/#website"},"primaryImageOfPage":{"@id":"https:\/\/www-bromic-de.bromicpimstg.sites.hosting.454.agency\/de\/gestalten-sie-ihren-raum\/#primaryimage"},"image":{"@id":"https:\/\/www-bromic-de.bromicpimstg.sites.hosting.454.agency\/de\/gestalten-sie-ihren-raum\/#primaryimage"},"thumbnailUrl":"https:\/\/www-bromic-de.bromicpimstg.sites.hosting.454.agency\/wp-content\/uploads\/sites\/9\/2021\/08\/Tungsten_Portable_HR-1.jpg","datePublished":"2021-10-21T16:38:10+00:00","dateModified":"2025-01-20T17:33:50+00:00","description":"Unsere Planungsexperten unterst\u00fctzen Sie mit technischen Zeichnungen und Spezifikationen f\u00fcr Ihre Au\u00dfenheizungen. Gestalten Sie Ihren Raum jetzt!","breadcrumb":{"@id":"https:\/\/www-bromic-de.bromicpimstg.sites.hosting.454.agency\/de\/gestalten-sie-ihren-raum\/#breadcrumb"},"inLanguage":"de","potentialAction":[{"@type":"ReadAction","target":["https:\/\/www-bromic-de.bromicpimstg.sites.hosting.454.agency\/de\/gestalten-sie-ihren-raum\/"]}]},{"@type":"ImageObject","inLanguage":"de","@id":"https:\/\/www-bromic-de.bromicpimstg.sites.hosting.454.agency\/de\/gestalten-sie-ihren-raum\/#primaryimage","url":"https:\/\/www-bromic-de.bromicpimstg.sites.hosting.454.agency\/wp-content\/uploads\/sites\/9\/2021\/08\/Tungsten_Portable_HR-1.jpg","contentUrl":"https:\/\/www-bromic-de.bromicpimstg.sites.hosting.454.agency\/wp-content\/uploads\/sites\/9\/2021\/08\/Tungsten_Portable_HR-1.jpg","width":2560,"height":1810,"caption":"ProEXR File Description =Attributes= cameraAperture (float): 36 cameraFNumber (float): 3 cameraFarClip (float): 1e+030 cameraFarRange (float): 1e+018 cameraFocalLength (float): 34.9996 cameraFov (float): 54.2081 cameraNearClip (float): 0 cameraNearRange (float): 0 cameraProjection (int): 0 cameraTargetDistance (float): 726.95 cameraTransform (m44f): [{0.999961, -0.00879618, 0.000633452, -1.33663}, {-0.00881896, -0.997378, 0.0718256, -481.649}, {0, -0.0718284, -0.997417, 117.91}, {0, 0, 0, 1}] channels (chlist) compression (compression): Zip dataWindow (box2i): [0, 0, 4999, 3534] displayWindow (box2i): [0, 0, 4999, 3534] lineOrder (lineOrder): Increasing Y name (string): \"\" pixelAspectRatio (float): 1 screenWindowCenter (v2f): [0, 0] screenWindowWidth (float): 1 type (string): \"scanlineimage\" vrayChannelInfo (string): \"{\"VRayRenderID\":{\"alias\":114,\"index\":5,\"flags\":16389},\"worldPositions\":{\"alias\":143,\"index\":8,\"flags\":24676},\"refractionFilter\":{\"alias\":120,\"index\":12,\"flags\":24612},\"worldNormals\":{\"alias\":145,\"index\":9,\"flags\":16420},\"VRayDenoiser\":{\"alias\":144,\"index\":2,\"flags\":16389},\"noiseLevel\":{\"alias\":142,\"index\":6,\"flags\":16420},\"effectsResult\":{\"alias\":153,\"index\":13,\"flags\":16517},\"Alpha\":{\"alias\":125,\"index\":1,\"flags\":16389},\"RGB color\":{\"alias\":126,\"index\":0,\"flags\":16385},\"VRayReflection\":{\"alias\":102,\"index\":3,\"flags\":24584},\"diffuseFilter\":{\"alias\":101,\"index\":10,\"flags\":24612},\"defocusAmount\":{\"alias\":146,\"index\":7,\"flags\":16420},\"reflectionFilter\":{\"alias\":118,\"index\":11,\"flags\":24612},\"VRayRefraction\":{\"alias\":103,\"index\":4,\"flags\":24584}}\" vrayInfo\/vrayrevision (string): \"28403 Jul 20 2018 02:18:48\" =Channels= A (half) B (half) G (half) R (half) VRayDenoiser.B (half) VRayDenoiser.G (half) VRayDenoiser.R (half) VRayReflection.B (half) VRayReflection.G (half) VRayReflection.R (half) VRayRefraction.B (half) VRayRefraction.G (half) VRayRefraction.R (half) VRayRenderID (uint) defocusAmount (half) diffuseFilter.B (half) diffuseFilter.G (half) diffuseFi"},{"@type":"BreadcrumbList","@id":"https:\/\/www-bromic-de.bromicpimstg.sites.hosting.454.agency\/de\/gestalten-sie-ihren-raum\/#breadcrumb","itemListElement":[{"@type":"ListItem","position":1,"name":"Startseite","item":"https:\/\/www-bromic-de.bromicpimstg.sites.hosting.454.agency\/de\/"},{"@type":"ListItem","position":2,"name":"Gestalten Sie Ihren Raum"}]},{"@type":"WebSite","@id":"https:\/\/www-bromic-de.bromicpimstg.sites.hosting.454.agency\/de\/#website","url":"https:\/\/www-bromic-de.bromicpimstg.sites.hosting.454.agency\/de\/","name":"Bromic Heating Deutschland","description":"","publisher":{"@id":"https:\/\/www-bromic-de.bromicpimstg.sites.hosting.454.agency\/de\/#organization"},"potentialAction":[{"@type":"SearchAction","target":{"@type":"EntryPoint","urlTemplate":"https:\/\/www-bromic-de.bromicpimstg.sites.hosting.454.agency\/de\/?s={search_term_string}"},"query-input":{"@type":"PropertyValueSpecification","valueRequired":true,"valueName":"search_term_string"}}],"inLanguage":"de"},{"@type":"Organization","@id":"https:\/\/www-bromic-de.bromicpimstg.sites.hosting.454.agency\/de\/#organization","name":"Bromic Heating Deutschland","url":"https:\/\/www-bromic-de.bromicpimstg.sites.hosting.454.agency\/de\/","logo":{"@type":"ImageObject","inLanguage":"de","@id":"https:\/\/www-bromic-de.bromicpimstg.sites.hosting.454.agency\/de\/#\/schema\/logo\/image\/","url":"https:\/\/www-bromic-de.bromicpimstg.sites.hosting.454.agency\/wp-content\/uploads\/sites\/9\/2021\/09\/bromic-logo.png","contentUrl":"https:\/\/www-bromic-de.bromicpimstg.sites.hosting.454.agency\/wp-content\/uploads\/sites\/9\/2021\/09\/bromic-logo.png","width":1000,"height":342,"caption":"Bromic Heating Deutschland"},"image":{"@id":"https:\/\/www-bromic-de.bromicpimstg.sites.hosting.454.agency\/de\/#\/schema\/logo\/image\/"}}]}},"_links":{"self":[{"href":"https:\/\/www-bromic-de.bromicpimstg.sites.hosting.454.agency\/de\/wp-json\/wp\/v2\/pages\/7479","targetHints":{"allow":["GET"]}}],"collection":[{"href":"https:\/\/www-bromic-de.bromicpimstg.sites.hosting.454.agency\/de\/wp-json\/wp\/v2\/pages"}],"about":[{"href":"https:\/\/www-bromic-de.bromicpimstg.sites.hosting.454.agency\/de\/wp-json\/wp\/v2\/types\/page"}],"author":[{"embeddable":true,"href":"https:\/\/www-bromic-de.bromicpimstg.sites.hosting.454.agency\/de\/wp-json\/wp\/v2\/users\/8"}],"replies":[{"embeddable":true,"href":"https:\/\/www-bromic-de.bromicpimstg.sites.hosting.454.agency\/de\/wp-json\/wp\/v2\/comments?post=7479"}],"version-history":[{"count":0,"href":"https:\/\/www-bromic-de.bromicpimstg.sites.hosting.454.agency\/de\/wp-json\/wp\/v2\/pages\/7479\/revisions"}],"wp:featuredmedia":[{"embeddable":true,"href":"https:\/\/www-bromic-de.bromicpimstg.sites.hosting.454.agency\/de\/wp-json\/wp\/v2\/media\/3425"}],"wp:attachment":[{"href":"https:\/\/www-bromic-de.bromicpimstg.sites.hosting.454.agency\/de\/wp-json\/wp\/v2\/media?parent=7479"}],"curies":[{"name":"wp","href":"https:\/\/api.w.org\/{rel}","templated":true}]}}