{"id":7477,"date":"2021-10-21T09:37:15","date_gmt":"2021-10-21T16:37:15","guid":{"rendered":"https:\/\/www-bromic-de.bromicpimstg.sites.hosting.454.agency\/garantie-registrierung-na\/"},"modified":"2025-08-15T12:29:01","modified_gmt":"2025-08-15T19:29:01","slug":"garantie-registrierung","status":"publish","type":"page","link":"https:\/\/www-bromic-de.bromicpimstg.sites.hosting.454.agency\/de\/garantie-registrierung\/","title":{"rendered":"Garantie"},"content":{"rendered":"\n<div class=\"wp-block-group alignfull has-pearl-background-color has-background\"><div class=\"wp-block-group__inner-container is-layout-flow wp-block-group-is-layout-flow\">\n<div style=\"height:100px\" aria-hidden=\"true\" class=\"wp-block-spacer\"><\/div>\n\n\n\n<h2 class=\"wp-block-heading has-text-align-left\">Bromic-Heating-Garantie<\/h2>\n\n\n\n<p>DIESE GARANTIE GILT NUR F\u00dcR DEN URSPR\u00dcNGLICHEN EIGENT\u00dcMER in \u00dcbereinstimmung mit den unten aufgef\u00fchrten Garantiebedingungen.<\/p>\n\n\n\n<p>Bromic Heating oder sein Vertreter (der Garantiegeber) wird den URSPR\u00dcNGLICHEN EIGENT\u00dcMER benennen;<\/p>\n\n\n\n<ol class=\"wp-block-list\">\n<li>ein Ersatz-Bromic-Heizger\u00e4t oder<\/li>\n\n\n\n<li>ein Ersatzteil f\u00fcr ein defektes Bauteil.<\/li>\n<\/ol>\n\n\n\n<div style=\"height:50px\" aria-hidden=\"true\" class=\"wp-block-spacer\"><\/div>\n\n\n\n<figure class=\"wp-block-table\"><table><thead><tr><th><meta charset=\"utf-8\"><strong>Produkte<\/strong><\/th><th>Garantie<\/th><\/tr><\/thead><tbody><tr><td>Platinum Electric<\/td><td>3 Jahre Ersatzlieferung<\/td><\/tr><tr><td>Platinum Electric Marine<\/td><td>5 Jahre Ersatzteile (Die 5-Jahres-Garantie gilt nur f\u00fcr Anwendungen an Land und deckt keine Installationen auf Seeschiffen ab.)<\/td><\/tr><tr><td>Platinum Gas<\/td><td>3 Jahre (1 Jahr Ersatzteile und Wartung und 2 Jahre Ersatzteile)<\/td><\/tr><tr><td>Tungsten-Serie<\/td><td>1 Jahr Ersatzteile und Wartung<\/td><\/tr><tr><td>Tungsten Portable<\/td><td>1 Jahr Ersatzteile<\/td><\/tr><tr><td>Eclipse-Serie<\/td><td>3 Jahre Ersatzlieferung<\/td><\/tr><tr><td>Steuerung<\/td><td>1 Jahr Ersatzteile<\/td><\/tr><\/tbody><\/table><\/figure>\n\n\n\n<div style=\"height:30px\" aria-hidden=\"true\" class=\"wp-block-spacer\"><\/div>\n\n\n\n<div style=\"height:60px\" aria-hidden=\"true\" class=\"wp-block-spacer\"><\/div>\n<\/div><\/div>\n\n\n\n<div style=\"height:100px\" aria-hidden=\"true\" class=\"wp-block-spacer\"><\/div>\n\n\n\n<div class=\"wp-block-media-text alignwide is-stacked-on-mobile is-image-fill\"><figure class=\"wp-block-media-text__media\" style=\"background-image:url(https:\/\/bromicpimstg.sites.hosting.454.agency\/wp-content\/uploads\/2021\/08\/Commercial-Australia-Brisbane-Kedron-Wavell-1.jpg);background-position:50% 50%\"><img decoding=\"async\" src=\"https:\/\/bromicpimstg.sites.hosting.454.agency\/wp-content\/uploads\/2021\/08\/Commercial-Australia-Brisbane-Kedron-Wavell-1.jpg\" alt=\"An der Decke h\u00e4ngende Gasheizung\" class=\"wp-image-3684 size-full\"\/><\/figure><div class=\"wp-block-media-text__content\">\n<h3 class=\"wp-block-heading\">Verantwortung f\u00fcr Service und Arbeit<\/h3>\n\n\n\n<p>IM RAHMEN DIESER BESCHR\u00c4NKTEN GARANTIE LIEFERT DER GARANTIEGEBER NUR EIN ERSATZHEIZGER\u00c4T ODER EINEN TEIL DAVON. DER EIGENT\u00dcMER IST F\u00dcR ALLE ANDEREN KOSTEN VERANTWORTLICH.<\/p>\n\n\n\n<p>Solche Kosten k\u00f6nnen unter anderem sein:<\/p>\n\n\n\n<ol class=\"wp-block-list\">\n<li>Arbeitskosten f\u00fcr die Wartung, den Ausbau oder den Wiedereinbau des Heizger\u00e4ts oder eines Teils davon.<\/li>\n\n\n\n<li>Versand- und Lieferkosten f\u00fcr die Zusendung des neuen Heizger\u00e4ts oder Ersatzteils vom n\u00e4chstgelegenen H\u00e4ndler und die R\u00fccksendung des beanstandeten Heizger\u00e4ts oder Teils an diesen H\u00e4ndler.<\/li>\n\n\n\n<li>Alle notwendigen oder anfallenden Kosten f\u00fcr Bearbeitung und Verwaltungsgeb\u00fchren sowie f\u00fcr alle Materialien und\/oder Genehmigungen, die f\u00fcr den Einbau des Ersatzheizger\u00e4ts oder -teils erforderlich sind.<\/li>\n<\/ol>\n<\/div><\/div>\n\n\n\n<div style=\"height:100px\" aria-hidden=\"true\" class=\"wp-block-spacer\"><\/div>\n\n\n\n<div class=\"wp-block-cover alignfull wp-duotone-363937-a69f91-1\"><span aria-hidden=\"true\" class=\"wp-block-cover__background has-charcoal-background-color has-background-dim-70 has-background-dim\"><\/span><img decoding=\"async\" width=\"3095\" height=\"3024\" class=\"wp-block-cover__image-background wp-image-4256\" alt=\"\" src=\"https:\/\/bromicpimstg.sites.hosting.454.agency\/wp-content\/uploads\/2021\/09\/8.jpg\" data-object-fit=\"cover\" srcset=\"https:\/\/www-bromic-de.bromicpimstg.sites.hosting.454.agency\/wp-content\/uploads\/sites\/9\/2021\/09\/8.jpg 3095w, https:\/\/www-bromic-de.bromicpimstg.sites.hosting.454.agency\/wp-content\/uploads\/sites\/9\/2021\/09\/8-1024x1001.jpg 1024w, https:\/\/www-bromic-de.bromicpimstg.sites.hosting.454.agency\/wp-content\/uploads\/sites\/9\/2021\/09\/8-1600x1563.jpg 1600w, https:\/\/www-bromic-de.bromicpimstg.sites.hosting.454.agency\/wp-content\/uploads\/sites\/9\/2021\/09\/8-1280x1251.jpg 1280w, https:\/\/www-bromic-de.bromicpimstg.sites.hosting.454.agency\/wp-content\/uploads\/sites\/9\/2021\/09\/8-1536x1501.jpg 1536w, https:\/\/www-bromic-de.bromicpimstg.sites.hosting.454.agency\/wp-content\/uploads\/sites\/9\/2021\/09\/8-2048x2001.jpg 2048w, https:\/\/www-bromic-de.bromicpimstg.sites.hosting.454.agency\/wp-content\/uploads\/sites\/9\/2021\/09\/8-500x489.jpg 500w\" sizes=\"(max-width: 3095px) 100vw, 3095px\" \/><div class=\"wp-block-cover__inner-container is-layout-flow wp-block-cover-is-layout-flow\">\n<div style=\"height:100px\" aria-hidden=\"true\" class=\"wp-block-spacer\"><\/div>\n\n\n\n<div class=\"wp-block-group\"><div class=\"wp-block-group__inner-container is-layout-flow wp-block-group-is-layout-flow\">\n<div class=\"wp-block-columns alignwide is-layout-flex wp-container-core-columns-is-layout-9d6595d7 wp-block-columns-is-layout-flex\">\n<div class=\"wp-block-column is-layout-flow wp-block-column-is-layout-flow\" style=\"flex-basis:35%\">\n<h4 class=\"wp-block-heading\">Beschr\u00e4nkung der stillschweigenden Garantien<\/h4>\n\n\n\n<p style=\"font-size:18px\">Stillschweigende Garantien, einschlie\u00dflich jeglicher Garantie der Marktg\u00e4ngigkeit, die f\u00fcr den Verkauf dieses Heizger\u00e4ts nach staatlichem Recht gilt, sind auf ein Jahr f\u00fcr das Heizger\u00e4t oder eines seiner Teile beschr\u00e4nkt. In einigen Staaten ist eine Begrenzung der Dauer einer stillschweigenden Garantie nicht zul\u00e4ssig, so dass die oben genannten Einschr\u00e4nkungen m\u00f6glicherweise nicht auf Sie zutreffen.<\/p>\n\n\n\n<h4 class=\"wp-block-heading\">Klageverfahren<\/h4>\n\n\n\n<p style=\"font-size:18px\">Alle Anspr\u00fcche aus dieser Garantie sollten bei dem H\u00e4ndler\/Einzelh\u00e4ndler geltend gemacht werden, der das Heizger\u00e4t verkauft hat, oder bei einem anderen H\u00e4ndler, der die Produkte des Garantiegebers vertreibt.<\/p>\n<\/div>\n\n\n\n<div class=\"wp-block-column has-white-background-color has-background is-layout-flow wp-block-column-is-layout-flow\" style=\"padding-top:40px;padding-right:40px;padding-bottom:40px;padding-left:40px;flex-basis:65%\">\n<h3 class=\"wp-block-heading has-black-color has-text-color\">Kundensupport-Formular<\/h3>\n\n\n<script charset=\"utf-8\" type=\"text\/javascript\" src=\"\/\/js.hsforms.net\/forms\/embed\/v2.js\"><\/script>\r\n<script>\r\n  hbspt.forms.create({\r\n    portalId: \"21962787\",\r\n    formId: \"a05cd1c5-d30c-4457-8ea6-c816386cc42f\",\r\n    region: \"na1\"\r\n  });\r\n<\/script><\/div>\n<\/div>\n<\/div><\/div>\n\n\n\n<div style=\"height:100px\" aria-hidden=\"true\" class=\"wp-block-spacer\"><\/div>\n<\/div><\/div>\n","protected":false},"excerpt":{"rendered":"<p>Bromic-Heating-Garantie DIESE GARANTIE GILT NUR F\u00dcR DEN URSPR\u00dcNGLICHEN EIGENT\u00dcMER in \u00dcbereinstimmung mit den unten aufgef\u00fchrten Garantiebedingungen. Bromic Heating oder sein Vertreter (der Garantiegeber) wird den URSPR\u00dcNGLICHEN EIGENT\u00dcMER benennen; Produkte Garantie Platinum Electric 3 Jahre Ersatzlieferung Platinum Electric Marine 5 Jahre Ersatzteile (Die 5-Jahres-Garantie gilt nur f\u00fcr Anwendungen an Land und deckt keine Installationen auf Seeschiffen [&hellip;]<\/p>\n","protected":false},"author":8,"featured_media":40834,"parent":0,"menu_order":0,"comment_status":"closed","ping_status":"closed","template":"","meta":{"_acf_changed":false,"footnotes":""},"class_list":["post-7477","page","type-page","status-publish","has-post-thumbnail","hentry"],"acf":[],"yoast_head":"<!-- This site is optimized with the Yoast SEO plugin v26.1.1 - https:\/\/yoast.com\/wordpress\/plugins\/seo\/ -->\n<title>Garantie &amp; Registrierung | Bromic Heating Deutschland<\/title>\n<meta name=\"description\" content=\"Erfahren Sie mehr \u00fcber die Garantiebedingungen der Kollektionen Bromic Eclipse, Platinum Gas, Platinum Electric, Tungsten und Tungsten Portable.\" \/>\n<meta name=\"robots\" content=\"index, follow, max-snippet:-1, max-image-preview:large, max-video-preview:-1\" \/>\n<link rel=\"canonical\" href=\"https:\/\/www-bromic-de.bromicpimstg.sites.hosting.454.agency\/de\/garantie-registrierung\/\" \/>\n<meta property=\"og:locale\" content=\"de_DE\" \/>\n<meta property=\"og:type\" content=\"article\" \/>\n<meta property=\"og:title\" content=\"Garantie &amp; Registrierung | Bromic Heating Deutschland\" \/>\n<meta property=\"og:description\" content=\"Erfahren Sie mehr \u00fcber die Garantiebedingungen der Kollektionen Bromic Eclipse, Platinum Gas, Platinum Electric, Tungsten und Tungsten Portable.\" \/>\n<meta property=\"og:url\" content=\"https:\/\/www-bromic-de.bromicpimstg.sites.hosting.454.agency\/de\/garantie-registrierung\/\" \/>\n<meta property=\"og:site_name\" content=\"Bromic Heating Deutschland\" \/>\n<meta property=\"article:modified_time\" content=\"2025-08-15T19:29:01+00:00\" \/>\n<meta property=\"og:image\" content=\"https:\/\/www-bromic-de.bromicpimstg.sites.hosting.454.agency\/wp-content\/uploads\/sites\/9\/2023\/08\/eclipse_portable_residential-scene_web.jpg\" \/>\n\t<meta property=\"og:image:width\" content=\"2560\" \/>\n\t<meta property=\"og:image:height\" content=\"1706\" \/>\n\t<meta property=\"og:image:type\" content=\"image\/jpeg\" \/>\n<meta name=\"twitter:card\" content=\"summary_large_image\" \/>\n<meta name=\"twitter:label1\" content=\"Gesch\u00e4tzte Lesezeit\" \/>\n\t<meta name=\"twitter:data1\" content=\"2\u00a0Minuten\" \/>\n<script type=\"application\/ld+json\" class=\"yoast-schema-graph\">{\"@context\":\"https:\/\/schema.org\",\"@graph\":[{\"@type\":\"WebPage\",\"@id\":\"https:\/\/www-bromic-de.bromicpimstg.sites.hosting.454.agency\/de\/garantie-registrierung\/\",\"url\":\"https:\/\/www-bromic-de.bromicpimstg.sites.hosting.454.agency\/de\/garantie-registrierung\/\",\"name\":\"Garantie & Registrierung | Bromic Heating Deutschland\",\"isPartOf\":{\"@id\":\"https:\/\/www-bromic-de.bromicpimstg.sites.hosting.454.agency\/de\/#website\"},\"primaryImageOfPage\":{\"@id\":\"https:\/\/www-bromic-de.bromicpimstg.sites.hosting.454.agency\/de\/garantie-registrierung\/#primaryimage\"},\"image\":{\"@id\":\"https:\/\/www-bromic-de.bromicpimstg.sites.hosting.454.agency\/de\/garantie-registrierung\/#primaryimage\"},\"thumbnailUrl\":\"https:\/\/www-bromic-de.bromicpimstg.sites.hosting.454.agency\/wp-content\/uploads\/sites\/9\/2023\/08\/eclipse_portable_residential-scene_web.jpg\",\"datePublished\":\"2021-10-21T16:37:15+00:00\",\"dateModified\":\"2025-08-15T19:29:01+00:00\",\"description\":\"Erfahren Sie mehr \u00fcber die Garantiebedingungen der Kollektionen Bromic Eclipse, Platinum Gas, Platinum Electric, Tungsten und Tungsten Portable.\",\"breadcrumb\":{\"@id\":\"https:\/\/www-bromic-de.bromicpimstg.sites.hosting.454.agency\/de\/garantie-registrierung\/#breadcrumb\"},\"inLanguage\":\"de\",\"potentialAction\":[{\"@type\":\"ReadAction\",\"target\":[\"https:\/\/www-bromic-de.bromicpimstg.sites.hosting.454.agency\/de\/garantie-registrierung\/\"]}]},{\"@type\":\"ImageObject\",\"inLanguage\":\"de\",\"@id\":\"https:\/\/www-bromic-de.bromicpimstg.sites.hosting.454.agency\/de\/garantie-registrierung\/#primaryimage\",\"url\":\"https:\/\/www-bromic-de.bromicpimstg.sites.hosting.454.agency\/wp-content\/uploads\/sites\/9\/2023\/08\/eclipse_portable_residential-scene_web.jpg\",\"contentUrl\":\"https:\/\/www-bromic-de.bromicpimstg.sites.hosting.454.agency\/wp-content\/uploads\/sites\/9\/2023\/08\/eclipse_portable_residential-scene_web.jpg\",\"width\":2560,\"height\":1706,\"caption\":\"Residential Portable Outside Heaters - Bromic Eclipse Portable\"},{\"@type\":\"BreadcrumbList\",\"@id\":\"https:\/\/www-bromic-de.bromicpimstg.sites.hosting.454.agency\/de\/garantie-registrierung\/#breadcrumb\",\"itemListElement\":[{\"@type\":\"ListItem\",\"position\":1,\"name\":\"Startseite\",\"item\":\"https:\/\/www-bromic-de.bromicpimstg.sites.hosting.454.agency\/de\/\"},{\"@type\":\"ListItem\",\"position\":2,\"name\":\"Garantie\"}]},{\"@type\":\"WebSite\",\"@id\":\"https:\/\/www-bromic-de.bromicpimstg.sites.hosting.454.agency\/de\/#website\",\"url\":\"https:\/\/www-bromic-de.bromicpimstg.sites.hosting.454.agency\/de\/\",\"name\":\"Bromic Heating Deutschland\",\"description\":\"\",\"publisher\":{\"@id\":\"https:\/\/www-bromic-de.bromicpimstg.sites.hosting.454.agency\/de\/#organization\"},\"potentialAction\":[{\"@type\":\"SearchAction\",\"target\":{\"@type\":\"EntryPoint\",\"urlTemplate\":\"https:\/\/www-bromic-de.bromicpimstg.sites.hosting.454.agency\/de\/?s={search_term_string}\"},\"query-input\":{\"@type\":\"PropertyValueSpecification\",\"valueRequired\":true,\"valueName\":\"search_term_string\"}}],\"inLanguage\":\"de\"},{\"@type\":\"Organization\",\"@id\":\"https:\/\/www-bromic-de.bromicpimstg.sites.hosting.454.agency\/de\/#organization\",\"name\":\"Bromic Heating Deutschland\",\"url\":\"https:\/\/www-bromic-de.bromicpimstg.sites.hosting.454.agency\/de\/\",\"logo\":{\"@type\":\"ImageObject\",\"inLanguage\":\"de\",\"@id\":\"https:\/\/www-bromic-de.bromicpimstg.sites.hosting.454.agency\/de\/#\/schema\/logo\/image\/\",\"url\":\"https:\/\/www-bromic-de.bromicpimstg.sites.hosting.454.agency\/wp-content\/uploads\/sites\/9\/2021\/09\/bromic-logo.png\",\"contentUrl\":\"https:\/\/www-bromic-de.bromicpimstg.sites.hosting.454.agency\/wp-content\/uploads\/sites\/9\/2021\/09\/bromic-logo.png\",\"width\":1000,\"height\":342,\"caption\":\"Bromic Heating Deutschland\"},\"image\":{\"@id\":\"https:\/\/www-bromic-de.bromicpimstg.sites.hosting.454.agency\/de\/#\/schema\/logo\/image\/\"}}]}<\/script>\n<!-- \/ Yoast SEO plugin. -->","yoast_head_json":{"title":"Garantie & Registrierung | Bromic Heating Deutschland","description":"Erfahren Sie mehr \u00fcber die Garantiebedingungen der Kollektionen Bromic Eclipse, Platinum Gas, Platinum Electric, Tungsten und Tungsten Portable.","robots":{"index":"index","follow":"follow","max-snippet":"max-snippet:-1","max-image-preview":"max-image-preview:large","max-video-preview":"max-video-preview:-1"},"canonical":"https:\/\/www-bromic-de.bromicpimstg.sites.hosting.454.agency\/de\/garantie-registrierung\/","og_locale":"de_DE","og_type":"article","og_title":"Garantie & Registrierung | Bromic Heating Deutschland","og_description":"Erfahren Sie mehr \u00fcber die Garantiebedingungen der Kollektionen Bromic Eclipse, Platinum Gas, Platinum Electric, Tungsten und Tungsten Portable.","og_url":"https:\/\/www-bromic-de.bromicpimstg.sites.hosting.454.agency\/de\/garantie-registrierung\/","og_site_name":"Bromic Heating Deutschland","article_modified_time":"2025-08-15T19:29:01+00:00","og_image":[{"width":2560,"height":1706,"url":"https:\/\/www-bromic-de.bromicpimstg.sites.hosting.454.agency\/wp-content\/uploads\/sites\/9\/2023\/08\/eclipse_portable_residential-scene_web.jpg","type":"image\/jpeg"}],"twitter_card":"summary_large_image","twitter_misc":{"Gesch\u00e4tzte Lesezeit":"2\u00a0Minuten"},"schema":{"@context":"https:\/\/schema.org","@graph":[{"@type":"WebPage","@id":"https:\/\/www-bromic-de.bromicpimstg.sites.hosting.454.agency\/de\/garantie-registrierung\/","url":"https:\/\/www-bromic-de.bromicpimstg.sites.hosting.454.agency\/de\/garantie-registrierung\/","name":"Garantie & Registrierung | Bromic Heating Deutschland","isPartOf":{"@id":"https:\/\/www-bromic-de.bromicpimstg.sites.hosting.454.agency\/de\/#website"},"primaryImageOfPage":{"@id":"https:\/\/www-bromic-de.bromicpimstg.sites.hosting.454.agency\/de\/garantie-registrierung\/#primaryimage"},"image":{"@id":"https:\/\/www-bromic-de.bromicpimstg.sites.hosting.454.agency\/de\/garantie-registrierung\/#primaryimage"},"thumbnailUrl":"https:\/\/www-bromic-de.bromicpimstg.sites.hosting.454.agency\/wp-content\/uploads\/sites\/9\/2023\/08\/eclipse_portable_residential-scene_web.jpg","datePublished":"2021-10-21T16:37:15+00:00","dateModified":"2025-08-15T19:29:01+00:00","description":"Erfahren Sie mehr \u00fcber die Garantiebedingungen der Kollektionen Bromic Eclipse, Platinum Gas, Platinum Electric, Tungsten und Tungsten Portable.","breadcrumb":{"@id":"https:\/\/www-bromic-de.bromicpimstg.sites.hosting.454.agency\/de\/garantie-registrierung\/#breadcrumb"},"inLanguage":"de","potentialAction":[{"@type":"ReadAction","target":["https:\/\/www-bromic-de.bromicpimstg.sites.hosting.454.agency\/de\/garantie-registrierung\/"]}]},{"@type":"ImageObject","inLanguage":"de","@id":"https:\/\/www-bromic-de.bromicpimstg.sites.hosting.454.agency\/de\/garantie-registrierung\/#primaryimage","url":"https:\/\/www-bromic-de.bromicpimstg.sites.hosting.454.agency\/wp-content\/uploads\/sites\/9\/2023\/08\/eclipse_portable_residential-scene_web.jpg","contentUrl":"https:\/\/www-bromic-de.bromicpimstg.sites.hosting.454.agency\/wp-content\/uploads\/sites\/9\/2023\/08\/eclipse_portable_residential-scene_web.jpg","width":2560,"height":1706,"caption":"Residential Portable Outside Heaters - Bromic Eclipse Portable"},{"@type":"BreadcrumbList","@id":"https:\/\/www-bromic-de.bromicpimstg.sites.hosting.454.agency\/de\/garantie-registrierung\/#breadcrumb","itemListElement":[{"@type":"ListItem","position":1,"name":"Startseite","item":"https:\/\/www-bromic-de.bromicpimstg.sites.hosting.454.agency\/de\/"},{"@type":"ListItem","position":2,"name":"Garantie"}]},{"@type":"WebSite","@id":"https:\/\/www-bromic-de.bromicpimstg.sites.hosting.454.agency\/de\/#website","url":"https:\/\/www-bromic-de.bromicpimstg.sites.hosting.454.agency\/de\/","name":"Bromic Heating Deutschland","description":"","publisher":{"@id":"https:\/\/www-bromic-de.bromicpimstg.sites.hosting.454.agency\/de\/#organization"},"potentialAction":[{"@type":"SearchAction","target":{"@type":"EntryPoint","urlTemplate":"https:\/\/www-bromic-de.bromicpimstg.sites.hosting.454.agency\/de\/?s={search_term_string}"},"query-input":{"@type":"PropertyValueSpecification","valueRequired":true,"valueName":"search_term_string"}}],"inLanguage":"de"},{"@type":"Organization","@id":"https:\/\/www-bromic-de.bromicpimstg.sites.hosting.454.agency\/de\/#organization","name":"Bromic Heating Deutschland","url":"https:\/\/www-bromic-de.bromicpimstg.sites.hosting.454.agency\/de\/","logo":{"@type":"ImageObject","inLanguage":"de","@id":"https:\/\/www-bromic-de.bromicpimstg.sites.hosting.454.agency\/de\/#\/schema\/logo\/image\/","url":"https:\/\/www-bromic-de.bromicpimstg.sites.hosting.454.agency\/wp-content\/uploads\/sites\/9\/2021\/09\/bromic-logo.png","contentUrl":"https:\/\/www-bromic-de.bromicpimstg.sites.hosting.454.agency\/wp-content\/uploads\/sites\/9\/2021\/09\/bromic-logo.png","width":1000,"height":342,"caption":"Bromic Heating Deutschland"},"image":{"@id":"https:\/\/www-bromic-de.bromicpimstg.sites.hosting.454.agency\/de\/#\/schema\/logo\/image\/"}}]}},"_links":{"self":[{"href":"https:\/\/www-bromic-de.bromicpimstg.sites.hosting.454.agency\/de\/wp-json\/wp\/v2\/pages\/7477","targetHints":{"allow":["GET"]}}],"collection":[{"href":"https:\/\/www-bromic-de.bromicpimstg.sites.hosting.454.agency\/de\/wp-json\/wp\/v2\/pages"}],"about":[{"href":"https:\/\/www-bromic-de.bromicpimstg.sites.hosting.454.agency\/de\/wp-json\/wp\/v2\/types\/page"}],"author":[{"embeddable":true,"href":"https:\/\/www-bromic-de.bromicpimstg.sites.hosting.454.agency\/de\/wp-json\/wp\/v2\/users\/8"}],"replies":[{"embeddable":true,"href":"https:\/\/www-bromic-de.bromicpimstg.sites.hosting.454.agency\/de\/wp-json\/wp\/v2\/comments?post=7477"}],"version-history":[{"count":0,"href":"https:\/\/www-bromic-de.bromicpimstg.sites.hosting.454.agency\/de\/wp-json\/wp\/v2\/pages\/7477\/revisions"}],"wp:featuredmedia":[{"embeddable":true,"href":"https:\/\/www-bromic-de.bromicpimstg.sites.hosting.454.agency\/de\/wp-json\/wp\/v2\/media\/40834"}],"wp:attachment":[{"href":"https:\/\/www-bromic-de.bromicpimstg.sites.hosting.454.agency\/de\/wp-json\/wp\/v2\/media?parent=7477"}],"curies":[{"name":"wp","href":"https:\/\/api.w.org\/{rel}","templated":true}]}}