{"id":7472,"date":"2021-10-21T09:37:51","date_gmt":"2021-10-21T16:37:51","guid":{"rendered":"https:\/\/www-bromic-de.bromicpimstg.sites.hosting.454.agency\/architekten-und-designer-eu\/"},"modified":"2024-03-26T15:19:53","modified_gmt":"2024-03-26T22:19:53","slug":"architekten-und-designer-eu","status":"publish","type":"page","link":"https:\/\/www-bromic-de.bromicpimstg.sites.hosting.454.agency\/de\/architekten-und-designer-eu\/","title":{"rendered":"Architekten und Designer"},"content":{"rendered":"\n<div class=\"wp-block-cover alignfull\" style=\"padding-top:30%;padding-right:30px;padding-bottom:200px;padding-left:30px\"><span aria-hidden=\"true\" class=\"wp-block-cover__background has-background-dim-60 has-background-dim\"><\/span><img decoding=\"async\" width=\"2560\" height=\"1707\" class=\"wp-block-cover__image-background wp-image-3253\" alt=\"\" src=\"https:\/\/bromicpimstg.sites.hosting.454.agency\/wp-content\/uploads\/2021\/08\/residential-belgium-brussels-medows-resid-3.jpg\" style=\"object-position:52% 38%\" data-object-fit=\"cover\" data-object-position=\"52% 38%\" srcset=\"https:\/\/www-bromic-de.bromicpimstg.sites.hosting.454.agency\/wp-content\/uploads\/sites\/9\/2021\/08\/residential-belgium-brussels-medows-resid-3.jpg 2560w, https:\/\/www-bromic-de.bromicpimstg.sites.hosting.454.agency\/wp-content\/uploads\/sites\/9\/2021\/08\/residential-belgium-brussels-medows-resid-3-1024x683.jpg 1024w, https:\/\/www-bromic-de.bromicpimstg.sites.hosting.454.agency\/wp-content\/uploads\/sites\/9\/2021\/08\/Residential-Belgium-Brussels-Medows-Resid-3-1600x1067.jpg 1600w, https:\/\/www-bromic-de.bromicpimstg.sites.hosting.454.agency\/wp-content\/uploads\/sites\/9\/2021\/08\/Residential-Belgium-Brussels-Medows-Resid-3-1280x853.jpg 1280w, https:\/\/www-bromic-de.bromicpimstg.sites.hosting.454.agency\/wp-content\/uploads\/sites\/9\/2021\/08\/Residential-Belgium-Brussels-Medows-Resid-3-1536x1024.jpg 1536w, https:\/\/www-bromic-de.bromicpimstg.sites.hosting.454.agency\/wp-content\/uploads\/sites\/9\/2021\/08\/Residential-Belgium-Brussels-Medows-Resid-3-2048x1365.jpg 2048w, https:\/\/www-bromic-de.bromicpimstg.sites.hosting.454.agency\/wp-content\/uploads\/sites\/9\/2021\/08\/Residential-Belgium-Brussels-Medows-Resid-3-500x333.jpg 500w\" sizes=\"(max-width: 2560px) 100vw, 2560px\" \/><div class=\"wp-block-cover__inner-container is-layout-flow wp-block-cover-is-layout-flow\">\n<p class=\"has-text-align-center h6 has-orange-color has-text-color\">Architekten und Designer<\/p>\n\n\n\n<h1 class=\"wp-block-heading has-text-align-center alignmedium\">Erfahren Sie, warum f\u00fchrende Designer Bromic-Heizstrahler f\u00fcr den Au\u00dfenbereich w\u00e4hlen.<\/h1>\n<\/div><\/div>\n\n\n\n<div class=\"wp-block-group alignfull has-background\" style=\"background:linear-gradient(180deg,rgb(238,242,244) 0%,rgb(255,255,255) 100%)\"><div class=\"wp-block-group__inner-container is-layout-flow wp-block-group-is-layout-flow\"><section class=\"blocks block-logos has-container  has-color-logos  alignwide\" id=\"block_38e3bb955a39993131c1d72e31662a3b\" style=\"margin-top: -50px; margin-bottom: px;\">\n    <div class=\"container\">\n                    <h3>Verwendet von<\/h3>\n                            <ul class=\"vendors\">\n                                                    <li data-aos=\"zoom-in\" data-aos-delay=\"100\">\n                        <img decoding=\"async\" src=\"https:\/\/www-bromic-de.bromicpimstg.sites.hosting.454.agency\/wp-content\/uploads\/sites\/9\/2021\/09\/5ede951ff70255e187e9ff58_5e2f6666cb2e5e4cfde115e0_perkins-and-will-vector-logo.png\" alt=\"Bromic Architetcs and Designers Client - Perkins&#038;Will Logo\" \/>\n                    <\/li>\n                                    <li data-aos=\"zoom-in\" data-aos-delay=\"200\">\n                        <img decoding=\"async\" src=\"https:\/\/www-bromic-de.bromicpimstg.sites.hosting.454.agency\/wp-content\/uploads\/sites\/9\/2021\/09\/woods-bagot-logo.png\" alt=\"Bromic Heating Superyacht and Cruise Ships Client - Woods Bagot Logo\" \/>\n                    <\/li>\n                                    <li data-aos=\"zoom-in\" data-aos-delay=\"300\">\n                        <img decoding=\"async\" src=\"https:\/\/www-bromic-de.bromicpimstg.sites.hosting.454.agency\/wp-content\/uploads\/sites\/9\/2021\/09\/1280px-Gensler_logo.svg-1024x234.png\" alt=\"BBromic Heating Architect Clients - Gensler Logo\" \/>\n                    <\/li>\n                                    <li data-aos=\"zoom-in\" data-aos-delay=\"400\">\n                        <img decoding=\"async\" src=\"https:\/\/www-bromic-de.bromicpimstg.sites.hosting.454.agency\/wp-content\/uploads\/sites\/9\/2021\/09\/Kpflogo.jpg\" alt=\"Bromic Architects and Designers Client - KPF Logo\" \/>\n                    <\/li>\n                                    <li data-aos=\"zoom-in\" data-aos-delay=\"500\">\n                        <img decoding=\"async\" src=\"https:\/\/www-bromic-de.bromicpimstg.sites.hosting.454.agency\/wp-content\/uploads\/sites\/9\/2021\/09\/7484.jpg\" alt=\"Bromic Architects and Designers Client - Rockwell Group Logo\" \/>\n                    <\/li>\n                                    <li data-aos=\"zoom-in\" data-aos-delay=\"600\">\n                        <img decoding=\"async\" src=\"https:\/\/www-bromic-de.bromicpimstg.sites.hosting.454.agency\/wp-content\/uploads\/sites\/9\/2021\/09\/download.jpg\" alt=\"Bromic Heating Architects and Designers Clients - Foster + Partners Logo\" \/>\n                    <\/li>\n                                    <li data-aos=\"zoom-in\" data-aos-delay=\"700\">\n                        <img decoding=\"async\" src=\"https:\/\/www-bromic-de.bromicpimstg.sites.hosting.454.agency\/wp-content\/uploads\/sites\/9\/2021\/09\/download.png\" alt=\"Bromic Heating Architects and Designers Clients - Foster + Partners Logo\" \/>\n                    <\/li>\n                                    <li data-aos=\"zoom-in\" data-aos-delay=\"800\">\n                        <img decoding=\"async\" src=\"https:\/\/www-bromic-de.bromicpimstg.sites.hosting.454.agency\/wp-content\/uploads\/sites\/9\/2021\/09\/kengo.jpg\" alt=\"Bromic Architects and Designers Client - Kengo Kuma &#038; Associates Logo\" \/>\n                    <\/li>\n                                    <li data-aos=\"zoom-in\" data-aos-delay=\"900\">\n                        <img decoding=\"async\" src=\"https:\/\/www-bromic-de.bromicpimstg.sites.hosting.454.agency\/wp-content\/uploads\/sites\/9\/2021\/09\/cosentini-associates.jpg\" alt=\"Bromic Architetcs and Designers Client - Cosentini Logo\" \/>\n                    <\/li>\n                                    <li data-aos=\"zoom-in\" data-aos-delay=\"1000\">\n                        <img decoding=\"async\" src=\"https:\/\/www-bromic-de.bromicpimstg.sites.hosting.454.agency\/wp-content\/uploads\/sites\/9\/2021\/09\/robert-am-stern-architects.jpg\" alt=\"Bromic Heating Architects and Designers Clients -Robert A.M. Stern Architects Logo\" \/>\n                    <\/li>\n                            <\/ul>\n            <\/div>\n<\/section>\n\n\n\n<div style=\"height:130px\" aria-hidden=\"true\" class=\"wp-block-spacer\"><\/div>\n\n\n\n<div class=\"wp-block-columns alignwide is-layout-flex wp-container-core-columns-is-layout-9d6595d7 wp-block-columns-is-layout-flex\">\n<div class=\"wp-block-column is-layout-flow wp-block-column-is-layout-flow\" style=\"flex-basis:33.33%\">\n<h2 class=\"wp-block-heading\">Unser unerm\u00fcdlicher Fokus auf Design<\/h2>\n<\/div>\n\n\n\n<div class=\"wp-block-column is-layout-flow wp-block-column-is-layout-flow\" style=\"flex-basis:66.66%\">\n<p style=\"font-size:18px\">Bromic hat sich stets darauf konzentriert, ein Unternehmen mit Fokus auf Design zu sein \u2013 von Designern f\u00fcr Designer geschaffen. Im Laufe der Jahre hat Bromic enge Partnerschaften mit einigen der weltweit f\u00fchrenden Architekturb\u00fcros und Designagenturen aufgebaut, mit dem klaren Ziel, die \u00c4sthetik, Integration und Leistung unserer Au\u00dfenheizungskollektionen kontinuierlich zu perfektionieren.<\/p>\n\n\n\n<p style=\"font-size:18px\">Unser Design-Mantra lautet &#8222;Herausragendes Design. Herausragende Funktion&#8220;. F\u00fcr uns reicht es nicht aus, ein Produkt mit der besten \u00c4sthetik oder der h\u00f6chsten Leistung zu bauen, wie es bei einigen unserer Mitbewerber der Fall ist. Unser Anspruch besteht stets darin, beides in einem einzigartigen Gesamtpaket zu vereinen<\/p>\n<\/div>\n<\/div>\n<\/div><\/div>\n\n\n\n<div style=\"height:150px\" aria-hidden=\"true\" class=\"wp-block-spacer\"><\/div>\n\n\n<section class=\"blocks block-outdoor-planner alignfull \" id=\"block_fcb646121d29b195c02572ad5786f0f1\">\n    <div class=\"container\">\n        \n        <div class=\"wrapper\">\n            \n                            <div class=\"heater-wrapper\">\n                    <img decoding=\"async\" src=\"https:\/\/www-bromic-de.bromicpimstg.sites.hosting.454.agency\/wp-content\/themes\/bromic\/images\/bromic-eclipse-portable.png\" alt=\"Architekten und Designer\">\n                <\/div>\n                        \n            <div class=\"slider\">\n                            <\/div>\n        <\/div>\n        \n                    <div class=\"content\">\n                <h6>Kostenloser Planungsservice f\u00fcr Au\u00dfenheizungen<\/h6>                <h2>Sie sind sich nicht sicher, welche Heizstrahler f\u00fcr Ihren Au\u00dfenbereich geeignet sind? <\/h2>                <p>Wir helfen Ihnen gerne mit unserem kostenlosen technischen Design-Service. Unser Team von Designern kann Sie beraten, welcher Heizstrahler f\u00fcr Ihren Bereich geeignet ist, und Ihnen ein ma\u00dfgeschneidertes Designlayout anfertigen.<\/p>\n<p>&nbsp;<\/p>\n                                    <a class=\"button\" href=\"\/de\/gestalten-sie-ihren-raum\/\" target=\"_self\">Gestalten Sie Ihren Raum<\/a>\n                            <\/div>\n        \n\n        <div class=\"call-to-action\">\n            <h3>Ben\u00f6tigen Sie weitere Hilfe? <\/h3>            <p>Kontaktieren Sie unser Team, um mit einem Bromic Heating Designer zu sprechen.<\/p>                            <a class=\"button\" href=\"\/kontakt\" target=\"_self\">Kontaktieren Sie unser Team<\/a>\n                    <\/div>\n    <\/div>\n\n    <script>\n        jQuery(document).ready(function($){\n            $('#block_fcb646121d29b195c02572ad5786f0f1 .slider').slick({\n                arrows: false,\n                autoplay: true,\n                autoplaySpeed: 4000,\n                dots: false,\n                infinite: true,\n                fade: true,\n                mobileFirst: true,\n                slidesToShow: 1,\n                slidesToScroll: 1,\n                speed: 1000,\n                swipe: true,\n                swipeToSlide: true,\n                touchMove: true,\n                pauseOnFocus: false,\n                pauseOnHover: false,\n            });\n        });\n    <\/script>\n<\/section>\n\n\n\n<div style=\"height:100px\" aria-hidden=\"true\" class=\"wp-block-spacer\"><\/div>\n\n\n\n<div class=\"wp-block-group alignfull has-pearl-background-color has-background\"><div class=\"wp-block-group__inner-container is-layout-flow wp-block-group-is-layout-flow\">\n<div style=\"height:100px\" aria-hidden=\"true\" class=\"wp-block-spacer\"><\/div>\n\n\n\n<div class=\"wp-block-columns alignwide is-layout-flex wp-container-core-columns-is-layout-9d6595d7 wp-block-columns-is-layout-flex\">\n<div class=\"wp-block-column is-layout-flow wp-block-column-is-layout-flow\" style=\"flex-basis:33.33%\">\n<h3 class=\"wp-block-heading\">Links<\/h3>\n\n\n\n<div style=\"height:20px\" aria-hidden=\"true\" class=\"wp-block-spacer\"><\/div>\n\n\n<section class=\"blocks block-quick-links \" id=\"block_4b0eb1c1ee904e0025ad7f8499c355fe\">\n\n            <ul class=\"links-list\">\n                                                <li><a href=\"\/de\/planungsleitfaden-fuer-aussenraeume\/\" target=\"_self\">Leitfaden f\u00fcr die Planung von Au\u00dfenr\u00e4umen<\/a><\/li>\n                                                    <li><a href=\"\/de\/zugriff-auf-bim-dateien\/\" target=\"_self\">Revit BIM-Dateien<\/a><\/li>\n                                                    <li><a href=\"\/de\/technische-ressourcen\/\" target=\"_self\">Technische Ressourcen<\/a><\/li>\n                                                    <li><a href=\"\/de\/produktkatalog\/\" target=\"_self\">Produktkatalog<\/a><\/li>\n                                                    <li><a href=\"\/de\/kontakt-zum-technischen-support\/\" target=\"_self\">Anruf beim technischen Support vereinbaren<\/a><\/li>\n                        <\/ul>\n        <\/section>\n<\/div>\n\n\n\n<div class=\"wp-block-column is-layout-flow wp-block-column-is-layout-flow\" style=\"flex-basis:66.66%\">\n<h3 class=\"wp-block-heading\">Artikel<\/h3>\n\n\n\n<div style=\"height:20px\" aria-hidden=\"true\" class=\"wp-block-spacer\"><\/div>\n\n\n<section class=\"blocks block-quick-links \" id=\"block_36fc476b65ccade04861480e4e057275\">\n\n            \n    <\/section>\n<\/div>\n<\/div>\n\n\n\n<div style=\"height:100px\" aria-hidden=\"true\" class=\"wp-block-spacer\"><\/div>\n<\/div><\/div>\n\n\n\n<div style=\"height:100px\" aria-hidden=\"true\" class=\"wp-block-spacer\"><\/div>\n\n\n\n<h3 class=\"wp-block-heading has-text-align-center\">Ausgew\u00e4hlte Projekte<\/h3>\n\n\n\n<div style=\"height:20px\" aria-hidden=\"true\" class=\"wp-block-spacer\"><\/div>\n\n\n<section class=\"blocks block-case-studies alignwide \" id=\"block_45e4a443116e981b6693871d706918e2\">\n\n        \n<\/section>\n","protected":false},"excerpt":{"rendered":"<p>Unser unerm\u00fcdlicher Fokus auf Design Bromic hat sich stets darauf konzentriert, ein Unternehmen mit Fokus auf Design zu sein \u2013 von Designern f\u00fcr Designer geschaffen. Im Laufe der Jahre hat Bromic enge Partnerschaften mit einigen der weltweit f\u00fchrenden Architekturb\u00fcros und Designagenturen aufgebaut, mit dem klaren Ziel, die \u00c4sthetik, Integration und Leistung unserer Au\u00dfenheizungskollektionen kontinuierlich zu [&hellip;]<\/p>\n","protected":false},"author":8,"featured_media":40834,"parent":0,"menu_order":0,"comment_status":"closed","ping_status":"closed","template":"","meta":{"_acf_changed":false,"footnotes":""},"class_list":["post-7472","page","type-page","status-publish","has-post-thumbnail","hentry"],"acf":[],"yoast_head":"<!-- This site is optimized with the Yoast SEO plugin v26.1.1 - https:\/\/yoast.com\/wordpress\/plugins\/seo\/ -->\n<title>Premium-Au\u00dfenheizstrahler f\u00fcr Architekten und Designer<\/title>\n<meta name=\"description\" content=\"Bromic-Heizger\u00e4te werden von f\u00fchrenden Designern und Architekturb\u00fcros eingesetzt. Hervorragende Leistung \u2713 Erstklassiges Design \u2713 Hohe Zuverl\u00e4ssigkeit \u2713\" \/>\n<meta name=\"robots\" content=\"index, follow, max-snippet:-1, max-image-preview:large, max-video-preview:-1\" \/>\n<link rel=\"canonical\" href=\"https:\/\/www-bromic-de.bromicpimstg.sites.hosting.454.agency\/de\/architekten-und-designer-eu\/\" \/>\n<meta property=\"og:locale\" content=\"de_DE\" \/>\n<meta property=\"og:type\" content=\"article\" \/>\n<meta property=\"og:title\" content=\"Premium-Au\u00dfenheizstrahler f\u00fcr Architekten und Designer\" \/>\n<meta property=\"og:description\" content=\"Bromic-Heizger\u00e4te werden von f\u00fchrenden Designern und Architekturb\u00fcros eingesetzt. Hervorragende Leistung \u2713 Erstklassiges Design \u2713 Hohe Zuverl\u00e4ssigkeit \u2713\" \/>\n<meta property=\"og:url\" content=\"https:\/\/www-bromic-de.bromicpimstg.sites.hosting.454.agency\/de\/architekten-und-designer-eu\/\" \/>\n<meta property=\"og:site_name\" content=\"Bromic Heating Deutschland\" \/>\n<meta property=\"article:modified_time\" content=\"2024-03-26T22:19:53+00:00\" \/>\n<meta property=\"og:image\" content=\"https:\/\/www-bromic-de.bromicpimstg.sites.hosting.454.agency\/wp-content\/uploads\/sites\/9\/2023\/08\/eclipse_portable_residential-scene_web.jpg\" \/>\n\t<meta property=\"og:image:width\" content=\"2560\" \/>\n\t<meta property=\"og:image:height\" content=\"1706\" \/>\n\t<meta property=\"og:image:type\" content=\"image\/jpeg\" \/>\n<meta name=\"twitter:card\" content=\"summary_large_image\" \/>\n<meta name=\"twitter:label1\" content=\"Gesch\u00e4tzte Lesezeit\" \/>\n\t<meta name=\"twitter:data1\" content=\"1\u00a0Minute\" \/>\n<script type=\"application\/ld+json\" class=\"yoast-schema-graph\">{\"@context\":\"https:\/\/schema.org\",\"@graph\":[{\"@type\":\"WebPage\",\"@id\":\"https:\/\/www-bromic-de.bromicpimstg.sites.hosting.454.agency\/de\/architekten-und-designer-eu\/\",\"url\":\"https:\/\/www-bromic-de.bromicpimstg.sites.hosting.454.agency\/de\/architekten-und-designer-eu\/\",\"name\":\"Premium-Au\u00dfenheizstrahler f\u00fcr Architekten und Designer\",\"isPartOf\":{\"@id\":\"https:\/\/www-bromic-de.bromicpimstg.sites.hosting.454.agency\/de\/#website\"},\"primaryImageOfPage\":{\"@id\":\"https:\/\/www-bromic-de.bromicpimstg.sites.hosting.454.agency\/de\/architekten-und-designer-eu\/#primaryimage\"},\"image\":{\"@id\":\"https:\/\/www-bromic-de.bromicpimstg.sites.hosting.454.agency\/de\/architekten-und-designer-eu\/#primaryimage\"},\"thumbnailUrl\":\"https:\/\/www-bromic-de.bromicpimstg.sites.hosting.454.agency\/wp-content\/uploads\/sites\/9\/2023\/08\/eclipse_portable_residential-scene_web.jpg\",\"datePublished\":\"2021-10-21T16:37:51+00:00\",\"dateModified\":\"2024-03-26T22:19:53+00:00\",\"description\":\"Bromic-Heizger\u00e4te werden von f\u00fchrenden Designern und Architekturb\u00fcros eingesetzt. Hervorragende Leistung \u2713 Erstklassiges Design \u2713 Hohe Zuverl\u00e4ssigkeit \u2713\",\"breadcrumb\":{\"@id\":\"https:\/\/www-bromic-de.bromicpimstg.sites.hosting.454.agency\/de\/architekten-und-designer-eu\/#breadcrumb\"},\"inLanguage\":\"de\",\"potentialAction\":[{\"@type\":\"ReadAction\",\"target\":[\"https:\/\/www-bromic-de.bromicpimstg.sites.hosting.454.agency\/de\/architekten-und-designer-eu\/\"]}]},{\"@type\":\"ImageObject\",\"inLanguage\":\"de\",\"@id\":\"https:\/\/www-bromic-de.bromicpimstg.sites.hosting.454.agency\/de\/architekten-und-designer-eu\/#primaryimage\",\"url\":\"https:\/\/www-bromic-de.bromicpimstg.sites.hosting.454.agency\/wp-content\/uploads\/sites\/9\/2023\/08\/eclipse_portable_residential-scene_web.jpg\",\"contentUrl\":\"https:\/\/www-bromic-de.bromicpimstg.sites.hosting.454.agency\/wp-content\/uploads\/sites\/9\/2023\/08\/eclipse_portable_residential-scene_web.jpg\",\"width\":2560,\"height\":1706,\"caption\":\"Residential Portable Outside Heaters - Bromic Eclipse Portable\"},{\"@type\":\"BreadcrumbList\",\"@id\":\"https:\/\/www-bromic-de.bromicpimstg.sites.hosting.454.agency\/de\/architekten-und-designer-eu\/#breadcrumb\",\"itemListElement\":[{\"@type\":\"ListItem\",\"position\":1,\"name\":\"Startseite\",\"item\":\"https:\/\/www-bromic-de.bromicpimstg.sites.hosting.454.agency\/de\/\"},{\"@type\":\"ListItem\",\"position\":2,\"name\":\"Architekten und Designer\"}]},{\"@type\":\"WebSite\",\"@id\":\"https:\/\/www-bromic-de.bromicpimstg.sites.hosting.454.agency\/de\/#website\",\"url\":\"https:\/\/www-bromic-de.bromicpimstg.sites.hosting.454.agency\/de\/\",\"name\":\"Bromic Heating Deutschland\",\"description\":\"\",\"publisher\":{\"@id\":\"https:\/\/www-bromic-de.bromicpimstg.sites.hosting.454.agency\/de\/#organization\"},\"potentialAction\":[{\"@type\":\"SearchAction\",\"target\":{\"@type\":\"EntryPoint\",\"urlTemplate\":\"https:\/\/www-bromic-de.bromicpimstg.sites.hosting.454.agency\/de\/?s={search_term_string}\"},\"query-input\":{\"@type\":\"PropertyValueSpecification\",\"valueRequired\":true,\"valueName\":\"search_term_string\"}}],\"inLanguage\":\"de\"},{\"@type\":\"Organization\",\"@id\":\"https:\/\/www-bromic-de.bromicpimstg.sites.hosting.454.agency\/de\/#organization\",\"name\":\"Bromic Heating Deutschland\",\"url\":\"https:\/\/www-bromic-de.bromicpimstg.sites.hosting.454.agency\/de\/\",\"logo\":{\"@type\":\"ImageObject\",\"inLanguage\":\"de\",\"@id\":\"https:\/\/www-bromic-de.bromicpimstg.sites.hosting.454.agency\/de\/#\/schema\/logo\/image\/\",\"url\":\"https:\/\/www-bromic-de.bromicpimstg.sites.hosting.454.agency\/wp-content\/uploads\/sites\/9\/2021\/09\/bromic-logo.png\",\"contentUrl\":\"https:\/\/www-bromic-de.bromicpimstg.sites.hosting.454.agency\/wp-content\/uploads\/sites\/9\/2021\/09\/bromic-logo.png\",\"width\":1000,\"height\":342,\"caption\":\"Bromic Heating Deutschland\"},\"image\":{\"@id\":\"https:\/\/www-bromic-de.bromicpimstg.sites.hosting.454.agency\/de\/#\/schema\/logo\/image\/\"}}]}<\/script>\n<!-- \/ Yoast SEO plugin. -->","yoast_head_json":{"title":"Premium-Au\u00dfenheizstrahler f\u00fcr Architekten und Designer","description":"Bromic-Heizger\u00e4te werden von f\u00fchrenden Designern und Architekturb\u00fcros eingesetzt. Hervorragende Leistung \u2713 Erstklassiges Design \u2713 Hohe Zuverl\u00e4ssigkeit \u2713","robots":{"index":"index","follow":"follow","max-snippet":"max-snippet:-1","max-image-preview":"max-image-preview:large","max-video-preview":"max-video-preview:-1"},"canonical":"https:\/\/www-bromic-de.bromicpimstg.sites.hosting.454.agency\/de\/architekten-und-designer-eu\/","og_locale":"de_DE","og_type":"article","og_title":"Premium-Au\u00dfenheizstrahler f\u00fcr Architekten und Designer","og_description":"Bromic-Heizger\u00e4te werden von f\u00fchrenden Designern und Architekturb\u00fcros eingesetzt. Hervorragende Leistung \u2713 Erstklassiges Design \u2713 Hohe Zuverl\u00e4ssigkeit \u2713","og_url":"https:\/\/www-bromic-de.bromicpimstg.sites.hosting.454.agency\/de\/architekten-und-designer-eu\/","og_site_name":"Bromic Heating Deutschland","article_modified_time":"2024-03-26T22:19:53+00:00","og_image":[{"width":2560,"height":1706,"url":"https:\/\/www-bromic-de.bromicpimstg.sites.hosting.454.agency\/wp-content\/uploads\/sites\/9\/2023\/08\/eclipse_portable_residential-scene_web.jpg","type":"image\/jpeg"}],"twitter_card":"summary_large_image","twitter_misc":{"Gesch\u00e4tzte Lesezeit":"1\u00a0Minute"},"schema":{"@context":"https:\/\/schema.org","@graph":[{"@type":"WebPage","@id":"https:\/\/www-bromic-de.bromicpimstg.sites.hosting.454.agency\/de\/architekten-und-designer-eu\/","url":"https:\/\/www-bromic-de.bromicpimstg.sites.hosting.454.agency\/de\/architekten-und-designer-eu\/","name":"Premium-Au\u00dfenheizstrahler f\u00fcr Architekten und Designer","isPartOf":{"@id":"https:\/\/www-bromic-de.bromicpimstg.sites.hosting.454.agency\/de\/#website"},"primaryImageOfPage":{"@id":"https:\/\/www-bromic-de.bromicpimstg.sites.hosting.454.agency\/de\/architekten-und-designer-eu\/#primaryimage"},"image":{"@id":"https:\/\/www-bromic-de.bromicpimstg.sites.hosting.454.agency\/de\/architekten-und-designer-eu\/#primaryimage"},"thumbnailUrl":"https:\/\/www-bromic-de.bromicpimstg.sites.hosting.454.agency\/wp-content\/uploads\/sites\/9\/2023\/08\/eclipse_portable_residential-scene_web.jpg","datePublished":"2021-10-21T16:37:51+00:00","dateModified":"2024-03-26T22:19:53+00:00","description":"Bromic-Heizger\u00e4te werden von f\u00fchrenden Designern und Architekturb\u00fcros eingesetzt. Hervorragende Leistung \u2713 Erstklassiges Design \u2713 Hohe Zuverl\u00e4ssigkeit \u2713","breadcrumb":{"@id":"https:\/\/www-bromic-de.bromicpimstg.sites.hosting.454.agency\/de\/architekten-und-designer-eu\/#breadcrumb"},"inLanguage":"de","potentialAction":[{"@type":"ReadAction","target":["https:\/\/www-bromic-de.bromicpimstg.sites.hosting.454.agency\/de\/architekten-und-designer-eu\/"]}]},{"@type":"ImageObject","inLanguage":"de","@id":"https:\/\/www-bromic-de.bromicpimstg.sites.hosting.454.agency\/de\/architekten-und-designer-eu\/#primaryimage","url":"https:\/\/www-bromic-de.bromicpimstg.sites.hosting.454.agency\/wp-content\/uploads\/sites\/9\/2023\/08\/eclipse_portable_residential-scene_web.jpg","contentUrl":"https:\/\/www-bromic-de.bromicpimstg.sites.hosting.454.agency\/wp-content\/uploads\/sites\/9\/2023\/08\/eclipse_portable_residential-scene_web.jpg","width":2560,"height":1706,"caption":"Residential Portable Outside Heaters - Bromic Eclipse Portable"},{"@type":"BreadcrumbList","@id":"https:\/\/www-bromic-de.bromicpimstg.sites.hosting.454.agency\/de\/architekten-und-designer-eu\/#breadcrumb","itemListElement":[{"@type":"ListItem","position":1,"name":"Startseite","item":"https:\/\/www-bromic-de.bromicpimstg.sites.hosting.454.agency\/de\/"},{"@type":"ListItem","position":2,"name":"Architekten und Designer"}]},{"@type":"WebSite","@id":"https:\/\/www-bromic-de.bromicpimstg.sites.hosting.454.agency\/de\/#website","url":"https:\/\/www-bromic-de.bromicpimstg.sites.hosting.454.agency\/de\/","name":"Bromic Heating Deutschland","description":"","publisher":{"@id":"https:\/\/www-bromic-de.bromicpimstg.sites.hosting.454.agency\/de\/#organization"},"potentialAction":[{"@type":"SearchAction","target":{"@type":"EntryPoint","urlTemplate":"https:\/\/www-bromic-de.bromicpimstg.sites.hosting.454.agency\/de\/?s={search_term_string}"},"query-input":{"@type":"PropertyValueSpecification","valueRequired":true,"valueName":"search_term_string"}}],"inLanguage":"de"},{"@type":"Organization","@id":"https:\/\/www-bromic-de.bromicpimstg.sites.hosting.454.agency\/de\/#organization","name":"Bromic Heating Deutschland","url":"https:\/\/www-bromic-de.bromicpimstg.sites.hosting.454.agency\/de\/","logo":{"@type":"ImageObject","inLanguage":"de","@id":"https:\/\/www-bromic-de.bromicpimstg.sites.hosting.454.agency\/de\/#\/schema\/logo\/image\/","url":"https:\/\/www-bromic-de.bromicpimstg.sites.hosting.454.agency\/wp-content\/uploads\/sites\/9\/2021\/09\/bromic-logo.png","contentUrl":"https:\/\/www-bromic-de.bromicpimstg.sites.hosting.454.agency\/wp-content\/uploads\/sites\/9\/2021\/09\/bromic-logo.png","width":1000,"height":342,"caption":"Bromic Heating Deutschland"},"image":{"@id":"https:\/\/www-bromic-de.bromicpimstg.sites.hosting.454.agency\/de\/#\/schema\/logo\/image\/"}}]}},"_links":{"self":[{"href":"https:\/\/www-bromic-de.bromicpimstg.sites.hosting.454.agency\/de\/wp-json\/wp\/v2\/pages\/7472","targetHints":{"allow":["GET"]}}],"collection":[{"href":"https:\/\/www-bromic-de.bromicpimstg.sites.hosting.454.agency\/de\/wp-json\/wp\/v2\/pages"}],"about":[{"href":"https:\/\/www-bromic-de.bromicpimstg.sites.hosting.454.agency\/de\/wp-json\/wp\/v2\/types\/page"}],"author":[{"embeddable":true,"href":"https:\/\/www-bromic-de.bromicpimstg.sites.hosting.454.agency\/de\/wp-json\/wp\/v2\/users\/8"}],"replies":[{"embeddable":true,"href":"https:\/\/www-bromic-de.bromicpimstg.sites.hosting.454.agency\/de\/wp-json\/wp\/v2\/comments?post=7472"}],"version-history":[{"count":0,"href":"https:\/\/www-bromic-de.bromicpimstg.sites.hosting.454.agency\/de\/wp-json\/wp\/v2\/pages\/7472\/revisions"}],"wp:featuredmedia":[{"embeddable":true,"href":"https:\/\/www-bromic-de.bromicpimstg.sites.hosting.454.agency\/de\/wp-json\/wp\/v2\/media\/40834"}],"wp:attachment":[{"href":"https:\/\/www-bromic-de.bromicpimstg.sites.hosting.454.agency\/de\/wp-json\/wp\/v2\/media?parent=7472"}],"curies":[{"name":"wp","href":"https:\/\/api.w.org\/{rel}","templated":true}]}}