{"id":7253,"date":"2021-10-21T09:37:47","date_gmt":"2021-10-21T16:37:47","guid":{"rendered":"https:\/\/www-bromic-de.bromicpimstg.sites.hosting.454.agency\/fachleute\/"},"modified":"2024-03-21T09:49:18","modified_gmt":"2024-03-21T16:49:18","slug":"fachleute","status":"publish","type":"page","link":"https:\/\/www-bromic-de.bromicpimstg.sites.hosting.454.agency\/de\/fachleute\/","title":{"rendered":"Fachleute"},"content":{"rendered":"\n<div class=\"wp-block-columns alignwide is-layout-flex wp-container-core-columns-is-layout-9d6595d7 wp-block-columns-is-layout-flex\">\n<div class=\"wp-block-column is-layout-flow wp-block-column-is-layout-flow\" style=\"flex-basis:60%\">\n<h1 class=\"wp-block-heading h6\">Fachleute<\/h1>\n\n\n\n<h2 class=\"wp-block-heading\">Die Smart-Heat Reihe der Bromic-Heizstrahler wird von verschiedenen Fachleuten in unterschiedlichen Umgebungen eingesetzt.<\/h2>\n<\/div>\n\n\n\n<div class=\"wp-block-column is-layout-flow wp-block-column-is-layout-flow\" style=\"flex-basis:40%\"><\/div>\n<\/div>\n\n\n\n<div style=\"height:20px\" aria-hidden=\"true\" class=\"wp-block-spacer\"><\/div>\n\n\n<section class=\"blocks block-tilt-grid alignfull \" id=\"block_927f5f75b55e2cbd1e1c2900feb25fca\">\n    <div class=\"container\">\n                        <a class=\"grid\" href=\"\/de\/architekten-und-designer-eu\/\" target=\"_self\">\n                                        <h3>Architekten und Designer <i><svg xmlns=\"http:\/\/www.w3.org\/2000\/svg\" aria-hidden=\"true\" focusable=\"false\" data-prefix=\"far\" data-icon=\"long-arrow-right\" role=\"img\" viewBox=\"0 0 448 512\" class=\"svg-inline--fa fa-long-arrow-right fa-w-14 fa-2x\"><path fill=\"currentColor\" d=\"M295.515 115.716l-19.626 19.626c-4.753 4.753-4.675 12.484.173 17.14L356.78 230H12c-6.627 0-12 5.373-12 12v28c0 6.627 5.373 12 12 12h344.78l-80.717 77.518c-4.849 4.656-4.927 12.387-.173 17.14l19.626 19.626c4.686 4.686 12.284 4.686 16.971 0l131.799-131.799c4.686-4.686 4.686-12.284 0-16.971L312.485 115.716c-4.686-4.686-12.284-4.686-16.97 0z\" class=\"\"><\/path><\/svg>\n<\/i><\/h3>\n                <\/a>\n                                    <a class=\"grid\" href=\"\/de\/restaurants\" target=\"_self\">\n                                        <h3>Restaurants <i><svg xmlns=\"http:\/\/www.w3.org\/2000\/svg\" aria-hidden=\"true\" focusable=\"false\" data-prefix=\"far\" data-icon=\"long-arrow-right\" role=\"img\" viewBox=\"0 0 448 512\" class=\"svg-inline--fa fa-long-arrow-right fa-w-14 fa-2x\"><path fill=\"currentColor\" d=\"M295.515 115.716l-19.626 19.626c-4.753 4.753-4.675 12.484.173 17.14L356.78 230H12c-6.627 0-12 5.373-12 12v28c0 6.627 5.373 12 12 12h344.78l-80.717 77.518c-4.849 4.656-4.927 12.387-.173 17.14l19.626 19.626c4.686 4.686 12.284 4.686 16.971 0l131.799-131.799c4.686-4.686 4.686-12.284 0-16.971L312.485 115.716c-4.686-4.686-12.284-4.686-16.97 0z\" class=\"\"><\/path><\/svg>\n<\/i><\/h3>\n                <\/a>\n                                    <a class=\"grid\" href=\"\/de\/Hotels\" target=\"_self\">\n                                        <h3>Hotels <i><svg xmlns=\"http:\/\/www.w3.org\/2000\/svg\" aria-hidden=\"true\" focusable=\"false\" data-prefix=\"far\" data-icon=\"long-arrow-right\" role=\"img\" viewBox=\"0 0 448 512\" class=\"svg-inline--fa fa-long-arrow-right fa-w-14 fa-2x\"><path fill=\"currentColor\" d=\"M295.515 115.716l-19.626 19.626c-4.753 4.753-4.675 12.484.173 17.14L356.78 230H12c-6.627 0-12 5.373-12 12v28c0 6.627 5.373 12 12 12h344.78l-80.717 77.518c-4.849 4.656-4.927 12.387-.173 17.14l19.626 19.626c4.686 4.686 12.284 4.686 16.971 0l131.799-131.799c4.686-4.686 4.686-12.284 0-16.971L312.485 115.716c-4.686-4.686-12.284-4.686-16.97 0z\" class=\"\"><\/path><\/svg>\n<\/i><\/h3>\n                <\/a>\n                                    <a class=\"grid\" href=\"\/de\/superyacht-kreuzfahrtschiffe\/\" target=\"_self\">\n                                        <h3>Superyacht &#038; Kreuzfahrtschiffe <i><svg xmlns=\"http:\/\/www.w3.org\/2000\/svg\" aria-hidden=\"true\" focusable=\"false\" data-prefix=\"far\" data-icon=\"long-arrow-right\" role=\"img\" viewBox=\"0 0 448 512\" class=\"svg-inline--fa fa-long-arrow-right fa-w-14 fa-2x\"><path fill=\"currentColor\" d=\"M295.515 115.716l-19.626 19.626c-4.753 4.753-4.675 12.484.173 17.14L356.78 230H12c-6.627 0-12 5.373-12 12v28c0 6.627 5.373 12 12 12h344.78l-80.717 77.518c-4.849 4.656-4.927 12.387-.173 17.14l19.626 19.626c4.686 4.686 12.284 4.686 16.971 0l131.799-131.799c4.686-4.686 4.686-12.284 0-16.971L312.485 115.716c-4.686-4.686-12.284-4.686-16.97 0z\" class=\"\"><\/path><\/svg>\n<\/i><\/h3>\n                <\/a>\n                        <\/div>\n    <script>\n    jQuery(document).ready(function($){\n        const tilt = $('#block_927f5f75b55e2cbd1e1c2900feb25fca .grid').tilt({\n            maxTilt:        13,\n            perspective:    1000,   \/\/ Transform perspective, the lower the more extreme the tilt gets.\n            easing:         \"cubic-bezier(.03,.98,.52,.99)\",    \/\/ Easing on enter\/exit.\n            speed:          800,    \/\/ Speed of the enter\/exit transition.\n            transition:     true,   \/\/ Set a transition on enter\/exit.\n            reset:          true,   \/\/ If the tilt effect has to be reset on exit.\n            glare:          false,  \/\/ Enables glare effect\n            maxGlare:       .25       \/\/ From 0 - 1.\n        });\n    });\n    <\/script>\n<\/section>\n","protected":false},"excerpt":{"rendered":"<p>Fachleute Die Smart-Heat Reihe der Bromic-Heizstrahler wird von verschiedenen Fachleuten in unterschiedlichen Umgebungen eingesetzt.<\/p>\n","protected":false},"author":8,"featured_media":40834,"parent":0,"menu_order":0,"comment_status":"closed","ping_status":"closed","template":"","meta":{"_acf_changed":false,"footnotes":""},"class_list":["post-7253","page","type-page","status-publish","has-post-thumbnail","hentry"],"acf":[],"yoast_head":"<!-- This site is optimized with the Yoast SEO plugin v26.1.1 - https:\/\/yoast.com\/wordpress\/plugins\/seo\/ -->\n<title>Design-Heizstrahler f\u00fcr Fachleute | Bromic Heating Deutschland<\/title>\n<meta name=\"description\" content=\"Die exklusiven Heizstrahler f\u00fcr den Au\u00dfenbereich von Bromic werden von f\u00fchrenden Designern und Architekten in einer Vielzahl von Umgebungen eingesetzt.\" \/>\n<meta name=\"robots\" content=\"index, follow, max-snippet:-1, max-image-preview:large, max-video-preview:-1\" \/>\n<link rel=\"canonical\" href=\"https:\/\/www-bromic-de.bromicpimstg.sites.hosting.454.agency\/de\/fachleute\/\" \/>\n<meta property=\"og:locale\" content=\"de_DE\" \/>\n<meta property=\"og:type\" content=\"article\" \/>\n<meta property=\"og:title\" content=\"Design-Heizstrahler f\u00fcr Fachleute | Bromic Heating Deutschland\" \/>\n<meta property=\"og:description\" content=\"Die exklusiven Heizstrahler f\u00fcr den Au\u00dfenbereich von Bromic werden von f\u00fchrenden Designern und Architekten in einer Vielzahl von Umgebungen eingesetzt.\" \/>\n<meta property=\"og:url\" content=\"https:\/\/www-bromic-de.bromicpimstg.sites.hosting.454.agency\/de\/fachleute\/\" \/>\n<meta property=\"og:site_name\" content=\"Bromic Heating Deutschland\" \/>\n<meta property=\"article:modified_time\" content=\"2024-03-21T16:49:18+00:00\" \/>\n<meta property=\"og:image\" content=\"https:\/\/www-bromic-de.bromicpimstg.sites.hosting.454.agency\/wp-content\/uploads\/sites\/9\/2023\/08\/eclipse_portable_residential-scene_web.jpg\" \/>\n\t<meta property=\"og:image:width\" content=\"2560\" \/>\n\t<meta property=\"og:image:height\" content=\"1706\" \/>\n\t<meta property=\"og:image:type\" content=\"image\/jpeg\" \/>\n<meta name=\"twitter:card\" content=\"summary_large_image\" \/>\n<meta name=\"twitter:label1\" content=\"Gesch\u00e4tzte Lesezeit\" \/>\n\t<meta name=\"twitter:data1\" content=\"1\u00a0Minute\" \/>\n<script type=\"application\/ld+json\" class=\"yoast-schema-graph\">{\"@context\":\"https:\/\/schema.org\",\"@graph\":[{\"@type\":\"WebPage\",\"@id\":\"https:\/\/www-bromic-de.bromicpimstg.sites.hosting.454.agency\/de\/fachleute\/\",\"url\":\"https:\/\/www-bromic-de.bromicpimstg.sites.hosting.454.agency\/de\/fachleute\/\",\"name\":\"Design-Heizstrahler f\u00fcr Fachleute | Bromic Heating Deutschland\",\"isPartOf\":{\"@id\":\"https:\/\/www-bromic-de.bromicpimstg.sites.hosting.454.agency\/de\/#website\"},\"primaryImageOfPage\":{\"@id\":\"https:\/\/www-bromic-de.bromicpimstg.sites.hosting.454.agency\/de\/fachleute\/#primaryimage\"},\"image\":{\"@id\":\"https:\/\/www-bromic-de.bromicpimstg.sites.hosting.454.agency\/de\/fachleute\/#primaryimage\"},\"thumbnailUrl\":\"https:\/\/www-bromic-de.bromicpimstg.sites.hosting.454.agency\/wp-content\/uploads\/sites\/9\/2023\/08\/eclipse_portable_residential-scene_web.jpg\",\"datePublished\":\"2021-10-21T16:37:47+00:00\",\"dateModified\":\"2024-03-21T16:49:18+00:00\",\"description\":\"Die exklusiven Heizstrahler f\u00fcr den Au\u00dfenbereich von Bromic werden von f\u00fchrenden Designern und Architekten in einer Vielzahl von Umgebungen eingesetzt.\",\"breadcrumb\":{\"@id\":\"https:\/\/www-bromic-de.bromicpimstg.sites.hosting.454.agency\/de\/fachleute\/#breadcrumb\"},\"inLanguage\":\"de\",\"potentialAction\":[{\"@type\":\"ReadAction\",\"target\":[\"https:\/\/www-bromic-de.bromicpimstg.sites.hosting.454.agency\/de\/fachleute\/\"]}]},{\"@type\":\"ImageObject\",\"inLanguage\":\"de\",\"@id\":\"https:\/\/www-bromic-de.bromicpimstg.sites.hosting.454.agency\/de\/fachleute\/#primaryimage\",\"url\":\"https:\/\/www-bromic-de.bromicpimstg.sites.hosting.454.agency\/wp-content\/uploads\/sites\/9\/2023\/08\/eclipse_portable_residential-scene_web.jpg\",\"contentUrl\":\"https:\/\/www-bromic-de.bromicpimstg.sites.hosting.454.agency\/wp-content\/uploads\/sites\/9\/2023\/08\/eclipse_portable_residential-scene_web.jpg\",\"width\":2560,\"height\":1706,\"caption\":\"Residential Portable Outside Heaters - Bromic Eclipse Portable\"},{\"@type\":\"BreadcrumbList\",\"@id\":\"https:\/\/www-bromic-de.bromicpimstg.sites.hosting.454.agency\/de\/fachleute\/#breadcrumb\",\"itemListElement\":[{\"@type\":\"ListItem\",\"position\":1,\"name\":\"Startseite\",\"item\":\"https:\/\/www-bromic-de.bromicpimstg.sites.hosting.454.agency\/de\/\"},{\"@type\":\"ListItem\",\"position\":2,\"name\":\"Fachleute\"}]},{\"@type\":\"WebSite\",\"@id\":\"https:\/\/www-bromic-de.bromicpimstg.sites.hosting.454.agency\/de\/#website\",\"url\":\"https:\/\/www-bromic-de.bromicpimstg.sites.hosting.454.agency\/de\/\",\"name\":\"Bromic Heating Deutschland\",\"description\":\"\",\"publisher\":{\"@id\":\"https:\/\/www-bromic-de.bromicpimstg.sites.hosting.454.agency\/de\/#organization\"},\"potentialAction\":[{\"@type\":\"SearchAction\",\"target\":{\"@type\":\"EntryPoint\",\"urlTemplate\":\"https:\/\/www-bromic-de.bromicpimstg.sites.hosting.454.agency\/de\/?s={search_term_string}\"},\"query-input\":{\"@type\":\"PropertyValueSpecification\",\"valueRequired\":true,\"valueName\":\"search_term_string\"}}],\"inLanguage\":\"de\"},{\"@type\":\"Organization\",\"@id\":\"https:\/\/www-bromic-de.bromicpimstg.sites.hosting.454.agency\/de\/#organization\",\"name\":\"Bromic Heating Deutschland\",\"url\":\"https:\/\/www-bromic-de.bromicpimstg.sites.hosting.454.agency\/de\/\",\"logo\":{\"@type\":\"ImageObject\",\"inLanguage\":\"de\",\"@id\":\"https:\/\/www-bromic-de.bromicpimstg.sites.hosting.454.agency\/de\/#\/schema\/logo\/image\/\",\"url\":\"https:\/\/www-bromic-de.bromicpimstg.sites.hosting.454.agency\/wp-content\/uploads\/sites\/9\/2021\/09\/bromic-logo.png\",\"contentUrl\":\"https:\/\/www-bromic-de.bromicpimstg.sites.hosting.454.agency\/wp-content\/uploads\/sites\/9\/2021\/09\/bromic-logo.png\",\"width\":1000,\"height\":342,\"caption\":\"Bromic Heating Deutschland\"},\"image\":{\"@id\":\"https:\/\/www-bromic-de.bromicpimstg.sites.hosting.454.agency\/de\/#\/schema\/logo\/image\/\"}}]}<\/script>\n<!-- \/ Yoast SEO plugin. -->","yoast_head_json":{"title":"Design-Heizstrahler f\u00fcr Fachleute | Bromic Heating Deutschland","description":"Die exklusiven Heizstrahler f\u00fcr den Au\u00dfenbereich von Bromic werden von f\u00fchrenden Designern und Architekten in einer Vielzahl von Umgebungen eingesetzt.","robots":{"index":"index","follow":"follow","max-snippet":"max-snippet:-1","max-image-preview":"max-image-preview:large","max-video-preview":"max-video-preview:-1"},"canonical":"https:\/\/www-bromic-de.bromicpimstg.sites.hosting.454.agency\/de\/fachleute\/","og_locale":"de_DE","og_type":"article","og_title":"Design-Heizstrahler f\u00fcr Fachleute | Bromic Heating Deutschland","og_description":"Die exklusiven Heizstrahler f\u00fcr den Au\u00dfenbereich von Bromic werden von f\u00fchrenden Designern und Architekten in einer Vielzahl von Umgebungen eingesetzt.","og_url":"https:\/\/www-bromic-de.bromicpimstg.sites.hosting.454.agency\/de\/fachleute\/","og_site_name":"Bromic Heating Deutschland","article_modified_time":"2024-03-21T16:49:18+00:00","og_image":[{"width":2560,"height":1706,"url":"https:\/\/www-bromic-de.bromicpimstg.sites.hosting.454.agency\/wp-content\/uploads\/sites\/9\/2023\/08\/eclipse_portable_residential-scene_web.jpg","type":"image\/jpeg"}],"twitter_card":"summary_large_image","twitter_misc":{"Gesch\u00e4tzte Lesezeit":"1\u00a0Minute"},"schema":{"@context":"https:\/\/schema.org","@graph":[{"@type":"WebPage","@id":"https:\/\/www-bromic-de.bromicpimstg.sites.hosting.454.agency\/de\/fachleute\/","url":"https:\/\/www-bromic-de.bromicpimstg.sites.hosting.454.agency\/de\/fachleute\/","name":"Design-Heizstrahler f\u00fcr Fachleute | Bromic Heating Deutschland","isPartOf":{"@id":"https:\/\/www-bromic-de.bromicpimstg.sites.hosting.454.agency\/de\/#website"},"primaryImageOfPage":{"@id":"https:\/\/www-bromic-de.bromicpimstg.sites.hosting.454.agency\/de\/fachleute\/#primaryimage"},"image":{"@id":"https:\/\/www-bromic-de.bromicpimstg.sites.hosting.454.agency\/de\/fachleute\/#primaryimage"},"thumbnailUrl":"https:\/\/www-bromic-de.bromicpimstg.sites.hosting.454.agency\/wp-content\/uploads\/sites\/9\/2023\/08\/eclipse_portable_residential-scene_web.jpg","datePublished":"2021-10-21T16:37:47+00:00","dateModified":"2024-03-21T16:49:18+00:00","description":"Die exklusiven Heizstrahler f\u00fcr den Au\u00dfenbereich von Bromic werden von f\u00fchrenden Designern und Architekten in einer Vielzahl von Umgebungen eingesetzt.","breadcrumb":{"@id":"https:\/\/www-bromic-de.bromicpimstg.sites.hosting.454.agency\/de\/fachleute\/#breadcrumb"},"inLanguage":"de","potentialAction":[{"@type":"ReadAction","target":["https:\/\/www-bromic-de.bromicpimstg.sites.hosting.454.agency\/de\/fachleute\/"]}]},{"@type":"ImageObject","inLanguage":"de","@id":"https:\/\/www-bromic-de.bromicpimstg.sites.hosting.454.agency\/de\/fachleute\/#primaryimage","url":"https:\/\/www-bromic-de.bromicpimstg.sites.hosting.454.agency\/wp-content\/uploads\/sites\/9\/2023\/08\/eclipse_portable_residential-scene_web.jpg","contentUrl":"https:\/\/www-bromic-de.bromicpimstg.sites.hosting.454.agency\/wp-content\/uploads\/sites\/9\/2023\/08\/eclipse_portable_residential-scene_web.jpg","width":2560,"height":1706,"caption":"Residential Portable Outside Heaters - Bromic Eclipse Portable"},{"@type":"BreadcrumbList","@id":"https:\/\/www-bromic-de.bromicpimstg.sites.hosting.454.agency\/de\/fachleute\/#breadcrumb","itemListElement":[{"@type":"ListItem","position":1,"name":"Startseite","item":"https:\/\/www-bromic-de.bromicpimstg.sites.hosting.454.agency\/de\/"},{"@type":"ListItem","position":2,"name":"Fachleute"}]},{"@type":"WebSite","@id":"https:\/\/www-bromic-de.bromicpimstg.sites.hosting.454.agency\/de\/#website","url":"https:\/\/www-bromic-de.bromicpimstg.sites.hosting.454.agency\/de\/","name":"Bromic Heating Deutschland","description":"","publisher":{"@id":"https:\/\/www-bromic-de.bromicpimstg.sites.hosting.454.agency\/de\/#organization"},"potentialAction":[{"@type":"SearchAction","target":{"@type":"EntryPoint","urlTemplate":"https:\/\/www-bromic-de.bromicpimstg.sites.hosting.454.agency\/de\/?s={search_term_string}"},"query-input":{"@type":"PropertyValueSpecification","valueRequired":true,"valueName":"search_term_string"}}],"inLanguage":"de"},{"@type":"Organization","@id":"https:\/\/www-bromic-de.bromicpimstg.sites.hosting.454.agency\/de\/#organization","name":"Bromic Heating Deutschland","url":"https:\/\/www-bromic-de.bromicpimstg.sites.hosting.454.agency\/de\/","logo":{"@type":"ImageObject","inLanguage":"de","@id":"https:\/\/www-bromic-de.bromicpimstg.sites.hosting.454.agency\/de\/#\/schema\/logo\/image\/","url":"https:\/\/www-bromic-de.bromicpimstg.sites.hosting.454.agency\/wp-content\/uploads\/sites\/9\/2021\/09\/bromic-logo.png","contentUrl":"https:\/\/www-bromic-de.bromicpimstg.sites.hosting.454.agency\/wp-content\/uploads\/sites\/9\/2021\/09\/bromic-logo.png","width":1000,"height":342,"caption":"Bromic Heating Deutschland"},"image":{"@id":"https:\/\/www-bromic-de.bromicpimstg.sites.hosting.454.agency\/de\/#\/schema\/logo\/image\/"}}]}},"_links":{"self":[{"href":"https:\/\/www-bromic-de.bromicpimstg.sites.hosting.454.agency\/de\/wp-json\/wp\/v2\/pages\/7253","targetHints":{"allow":["GET"]}}],"collection":[{"href":"https:\/\/www-bromic-de.bromicpimstg.sites.hosting.454.agency\/de\/wp-json\/wp\/v2\/pages"}],"about":[{"href":"https:\/\/www-bromic-de.bromicpimstg.sites.hosting.454.agency\/de\/wp-json\/wp\/v2\/types\/page"}],"author":[{"embeddable":true,"href":"https:\/\/www-bromic-de.bromicpimstg.sites.hosting.454.agency\/de\/wp-json\/wp\/v2\/users\/8"}],"replies":[{"embeddable":true,"href":"https:\/\/www-bromic-de.bromicpimstg.sites.hosting.454.agency\/de\/wp-json\/wp\/v2\/comments?post=7253"}],"version-history":[{"count":0,"href":"https:\/\/www-bromic-de.bromicpimstg.sites.hosting.454.agency\/de\/wp-json\/wp\/v2\/pages\/7253\/revisions"}],"wp:featuredmedia":[{"embeddable":true,"href":"https:\/\/www-bromic-de.bromicpimstg.sites.hosting.454.agency\/de\/wp-json\/wp\/v2\/media\/40834"}],"wp:attachment":[{"href":"https:\/\/www-bromic-de.bromicpimstg.sites.hosting.454.agency\/de\/wp-json\/wp\/v2\/media?parent=7253"}],"curies":[{"name":"wp","href":"https:\/\/api.w.org\/{rel}","templated":true}]}}