{"id":54513,"date":"2023-12-27T09:20:30","date_gmt":"2023-12-27T17:20:30","guid":{"rendered":"https:\/\/www-bromic-de.bromicpimstg.sites.hosting.454.agency\/heizstrahler\/gas\/"},"modified":"2024-02-22T18:02:27","modified_gmt":"2024-02-23T02:02:27","slug":"erdgas","status":"publish","type":"page","link":"https:\/\/www-bromic-de.bromicpimstg.sites.hosting.454.agency\/de\/heizstrahler\/erdgas\/","title":{"rendered":"Erdgas-Heizstrahler f\u00fcr den Au\u00dfenbereich"},"content":{"rendered":"<section class=\"blocks block-hero alignfull \" id=\"block_80e1efd7560b50550ea782abd0b6e0f6\">\n        \n    <div class=\"overlay\" style=\"opacity:0.3\"><\/div>\n    \n    <div class=\"container\">\n        \n\n<div style=\"height:60px\" aria-hidden=\"true\" class=\"wp-block-spacer\"><\/div>\n\n\n\n<h1 class=\"wp-block-heading has-text-align-center lh-1\">Erdgas-Heizstrahler f\u00fcr den Au\u00dfenbereich<\/h1>\n\n\n\n<div style=\"height:60px\" aria-hidden=\"true\" class=\"wp-block-spacer\"><\/div>\n\n    <\/div>\n<\/section>\n\n\n\n<div class=\"wp-block-group alignfull has-pearl-background-color has-background\" style=\"padding-top:70px;padding-bottom:70px\"><div class=\"wp-block-group__inner-container is-layout-flow wp-block-group-is-layout-flow\">\n<p class=\"has-text-align-left\" style=\"font-size:24px\">Bromic Erdgas-Heizstrahler repr\u00e4sentieren eine raffinierte L\u00f6sung, um den Au\u00dfenbereich auch in der k\u00fchleren Jahreszeit nutzen zu k\u00f6nnen. Sie vereinen stilvolles Design mit herausragender Funktionalit\u00e4t. Kommen Sie in den Genuss von erstklassigen Outdoor-Komfort mit den Erdgas-Heizstrahler Modellen von Bromic!<\/p>\n<\/div><\/div>\n\n\n\n<div class=\"wp-block-group alignwide\" style=\"padding-top:30px;padding-bottom:30px\"><div class=\"wp-block-group__inner-container is-layout-constrained wp-block-group-is-layout-constrained\">\n<div style=\"height:40px\" aria-hidden=\"true\" class=\"wp-block-spacer\"><\/div>\n\n\n<\/div><\/div>\n\n\n\n<div class=\"wp-block-group alignfull has-pearl-background-color has-background\" style=\"padding-top:70px;padding-bottom:70px\"><div class=\"wp-block-group__inner-container is-layout-flow wp-block-group-is-layout-flow\">\n<div class=\"wp-block-group alignwide\"><div class=\"wp-block-group__inner-container is-layout-constrained wp-block-group-is-layout-constrained\">\n<h6 class=\"wp-block-heading has-orange-color has-text-color\">PRODUKT\u00dcBERSICHT<\/h6>\n\n\n\n<h2 class=\"wp-block-heading\">Unsere Kollektion von Erdgas-Terrassenheizungen<\/h2>\n\n\n\n<p style=\"font-size:24px\">Entdecken Sie unsere Kollektion an Erdgas-Heizstrahlern. Sie haben die Wahl zwischen drei exklusiven Modellen, die sich durch H\u00f6chstleistung, Effizienz und Stil auszeichnen.<\/p>\n<\/div><\/div>\n<\/div><\/div>\n\n\n\n<div class=\"wp-block-group alignwide\" style=\"padding-top:70px;padding-bottom:70px\"><div class=\"wp-block-group__inner-container is-layout-constrained wp-block-group-is-layout-constrained\">\n<div class=\"wp-block-columns alignwide is-layout-flex wp-container-core-columns-is-layout-9d6595d7 wp-block-columns-is-layout-flex\">\n<div class=\"wp-block-column is-layout-flow wp-block-column-is-layout-flow\">\n<figure class=\"wp-block-image size-full\"><a href=\"\/de\/produkt\/platinum-smart-heat-gas\/\"><img decoding=\"async\" src=\"https:\/\/bromicpimstg.sites.hosting.454.agency\/wp-content\/uploads\/2023\/09\/Platinum-Gas-500-Series.png\" alt=\"\" class=\"wp-image-24075\"\/><\/a><\/figure>\n<\/div>\n\n\n\n<div class=\"wp-block-column is-layout-flow wp-block-column-is-layout-flow\">\n<h3 class=\"wp-block-heading\">Platinum Smart-Heat Gas<\/h3>\n\n\n\n<p>Die Platinum Smart-Heat\u2122 Erdgas-Heizstrahler-Serie kombiniert elegantes Design mit leistungsstarker Technologie. Der Keramikglas-Bildschirm sorgt f\u00fcr effiziente W\u00e4rmeverteilung \u00fcber gro\u00dfe Fl\u00e4chen. Mit Erdgas oder Propan, zwei Leistungsstufen und vielf\u00e4ltigen Montagem\u00f6glichkeiten ist das Modell die ideale Wahl. Verleihen Sie Ihrem Au\u00dfenbereich mit dem Platinum Smart-Heat\u2122 behagliche W\u00e4rme und Komfort, selbst bei Windgeschwindigkeiten von bis zu 12 mph.<\/p>\n\n\n\n<div style=\"height:20px\" aria-hidden=\"true\" class=\"wp-block-spacer\"><\/div>\n\n\n\n<div class=\"wp-block-buttons is-content-justification-right is-layout-flex wp-container-core-buttons-is-layout-765c4724 wp-block-buttons-is-layout-flex\">\n<div class=\"wp-block-button\"><a class=\"wp-block-button__link has-orange-background-color has-background wp-element-button\" href=\"\/de\/produkt\/platinum-smart-heat-gas\/\">Platinum Gas<\/a><\/div>\n<\/div>\n<\/div>\n<\/div>\n\n\n\n<div style=\"height:40px\" aria-hidden=\"true\" class=\"wp-block-spacer\"><\/div>\n\n\n\n<hr class=\"wp-block-separator aligncenter has-text-color has-beige-1-color has-alpha-channel-opacity has-beige-1-background-color has-background is-style-wide\"\/>\n\n\n\n<div style=\"height:40px\" aria-hidden=\"true\" class=\"wp-block-spacer\"><\/div>\n\n\n\n<div class=\"wp-block-columns alignwide is-layout-flex wp-container-core-columns-is-layout-9d6595d7 wp-block-columns-is-layout-flex\">\n<div class=\"wp-block-column is-layout-flow wp-block-column-is-layout-flow\">\n<figure class=\"wp-block-image size-large\"><a href=\"\/de\/produkt\/tungsten-smart-heat-gas\/\"><img decoding=\"async\" src=\"https:\/\/bromicpimstg.sites.hosting.454.agency\/wp-content\/uploads\/2021\/07\/the-chiswick-sydney-tungsten-gas-300-1600x1067.jpg\" alt=\"Outdoor Gas Heater At Chiswick Restaurant Sydney\" class=\"wp-image-1978\"\/><\/a><\/figure>\n<\/div>\n\n\n\n<div class=\"wp-block-column is-layout-flow wp-block-column-is-layout-flow\">\n<h3 class=\"wp-block-heading\">Tungsten Smart-Heat Gas<\/h3>\n\n\n\n<p>Die Tungsten Smart-Heat\u2122 Erdgas-Heizstrahler-Serie vereint hochwertige Edelstahlkonstruktion mit leistungsstarker Heiztechnologie. In mattem Schwarz erh\u00e4ltlich, sowohl f\u00fcr Erdgas als auch Propan, bietet sie zwei Leistungsstufen und verschiedene Montageoptionen. F\u00fcr Bereiche mit geringer Deckenh\u00f6he empfehlen wir die Verwendung eines Hitzereflektors, der die Montagefl\u00e4che sch\u00fctzt und die Widerstandsf\u00e4higkeit gegen\u00fcber Witterungseinfl\u00fcssen erh\u00f6ht. Sorgen Sie mit dem Tungsten Smart-Heat\u2122 f\u00fcr angenehme W\u00e4rme im Freien!<\/p>\n\n\n\n<div style=\"height:20px\" aria-hidden=\"true\" class=\"wp-block-spacer\"><\/div>\n\n\n\n<div class=\"wp-block-buttons is-content-justification-right is-layout-flex wp-container-core-buttons-is-layout-765c4724 wp-block-buttons-is-layout-flex\">\n<div class=\"wp-block-button\"><a class=\"wp-block-button__link has-orange-background-color has-background wp-element-button\" href=\"\/de\/produkt\/tungsten-smart-heat-gas\/\">TUNGSTEN GAS<\/a><\/div>\n<\/div>\n<\/div>\n<\/div>\n\n\n\n<div style=\"height:40px\" aria-hidden=\"true\" class=\"wp-block-spacer\"><\/div>\n\n\n\n<hr class=\"wp-block-separator aligncenter has-text-color has-beige-1-color has-alpha-channel-opacity has-beige-1-background-color has-background is-style-wide\"\/>\n\n\n\n<div style=\"height:40px\" aria-hidden=\"true\" class=\"wp-block-spacer\"><\/div>\n\n\n\n<div class=\"wp-block-columns alignwide is-layout-flex wp-container-core-columns-is-layout-9d6595d7 wp-block-columns-is-layout-flex\">\n<div class=\"wp-block-column is-layout-flow wp-block-column-is-layout-flow\">\n<figure class=\"wp-block-image size-large\"><a href=\"\/de\/produkt\/tungsten-smart-heat-portable\/\"><img decoding=\"async\" src=\"https:\/\/bromicpimstg.sites.hosting.454.agency\/wp-content\/uploads\/2022\/12\/Tungsten-Portable-Studio-City-3-1600x1067.jpeg\" alt=\"Tungsten Portable at Private Residence\" class=\"wp-image-16933\"\/><\/a><\/figure>\n<\/div>\n\n\n\n<div class=\"wp-block-column is-layout-flow wp-block-column-is-layout-flow\">\n<h3 class=\"wp-block-heading\">Tungsten Smart-Heat Portable<\/h3>\n\n\n\n<p>Der Tungsten Smart-Heat Portable ist nicht nur ein Heizstrahler \u2013 mit ihm setzen Sie ein Design-Statement in Ihrem Outdoor-Bereich. Er ist die ideale L\u00f6sung f\u00fcr flexible W\u00e4rme, denn er l\u00e4sst sich unkompliziert von A nach B bewegen. Mit seiner tragbaren Konstruktion bietet der Tungsten Smart-Heat Portable eine bequeme M\u00f6glichkeit, W\u00e4rme genau dort zu platzieren, wo sie ben\u00f6tigt wird. Und das Beste: Das Modell verf\u00fcgt auch \u00fcber einen integrierten Dimmer Controller, der f\u00fcr eine einzigartige Atmosph\u00e4re sorgt.<\/p>\n\n\n\n<div style=\"height:20px\" aria-hidden=\"true\" class=\"wp-block-spacer\"><\/div>\n\n\n\n<div class=\"wp-block-buttons is-content-justification-right is-layout-flex wp-container-core-buttons-is-layout-765c4724 wp-block-buttons-is-layout-flex\">\n<div class=\"wp-block-button\"><a class=\"wp-block-button__link has-orange-background-color has-background wp-element-button\" href=\"\/de\/produkt\/tungsten-smart-heat-portable\/\">TUNGSTEN PORTABLE<\/a><\/div>\n<\/div>\n<\/div>\n<\/div>\n<\/div><\/div>\n\n\n\n<div style=\"height:30px\" aria-hidden=\"true\" class=\"wp-block-spacer\"><\/div>\n\n\n\n<div class=\"wp-block-group alignfull\"><div class=\"wp-block-group__inner-container is-layout-constrained wp-block-group-is-layout-constrained\">\n<div class=\"wp-block-media-text alignwide has-media-on-the-right is-stacked-on-mobile\"><div class=\"wp-block-media-text__content\">\n<h2 class=\"wp-block-heading\">Vorteile von Erdgas-Heizstrahler<\/h2>\n\n\n\n<p class=\"has-medium-font-size\">Sie fragen sich, welche Vorteile Erdgas-Heizstrahler bieten? Sie bieten eine effiziente und sofortige W\u00e4rmequelle. Mit Erdgas als Brennstoff sind sie nicht nur umweltfreundlich, sondern erm\u00f6glichen auch eine kosteng\u00fcnstige und zuverl\u00e4ssige Beheizung von Au\u00dfenbereichen.<\/p>\n\n\n\n<p class=\"has-medium-font-size\">Erdgas-Heizstrahler bieten nicht nur effiziente W\u00e4rme, sondern punkten auch damit, dass sie umweltfreundlich sind. Die Nutzung von Erdgas als Brennstoff sorgt f\u00fcr eine nachhaltige Energiequelle und macht sie zu einer wirtschaftlichen L\u00f6sung f\u00fcr Heizbed\u00fcrfnisse im Freien.<\/p>\n<\/div><figure class=\"wp-block-media-text__media\"><img decoding=\"async\" src=\"https:\/\/bromicpimstg.sites.hosting.454.agency\/wp-content\/uploads\/2022\/12\/California-LaProvenance-PlatinumGas-01-1-edited-1600x1000.jpg\" alt=\"\" class=\"wp-image-16409 size-full\"\/><\/figure><\/div>\n<\/div><\/div>\n\n\n\n<div class=\"wp-block-group alignwide\" style=\"padding-top:70px;padding-bottom:70px\"><div class=\"wp-block-group__inner-container is-layout-constrained wp-block-group-is-layout-constrained\">\n<h2 class=\"wp-block-heading\">Die wichtigsten Merkmale unserer Heizger\u00e4te<\/h2>\n\n\n\n<p class=\"has-medium-font-size\">Unsere Auswahl an Erdgas-Terrassenheizern vereint fortschrittliche Technologie mit h\u00f6chster Effizienz und Design\u00e4sthetik. Diese Heizger\u00e4te sind mit erstklassigen Brennern ausgestattet, die eine gleichm\u00e4\u00dfige und kraftvolle W\u00e4rmeverteilung garantieren, ideal f\u00fcr die anspruchsvollen Witterungsbedingungen im Freien. Der robuste Bau dieser Heizger\u00e4te gew\u00e4hrleistet eine au\u00dfergew\u00f6hnliche Langlebigkeit und Zuverl\u00e4ssigkeit, sodass sie jahrelang ein fester Bestandteil Ihrer Au\u00dfenbereiche sein werden.<\/p>\n\n\n\n<p class=\"has-medium-font-size\">Dank der intuitiven Bedienelemente lassen sich die Heizstrahler einfach an Ihre individuellen Bed\u00fcrfnisse anpassen. Mit ihrer stilvollen Erscheinung f\u00fcgen sie sich nahtlos in jede Au\u00dfenumgebung ein, sei es eine private Terrasse oder ein gesch\u00e4ftlicher Au\u00dfenbereich. Die Heizger\u00e4te sind nicht nur funktional, sondern auch umweltfreundlich, da Erdgas eine sauberere Verbrennung als andere Brennstoffe bietet. Dies reduziert den \u00f6kologischen Fu\u00dfabdruck und macht sie zu einer verantwortungsbewussten Wahl f\u00fcr umweltbewusste Nutzer.<\/p>\n\n\n\n<p class=\"has-medium-font-size\">Mit unserer Auswahl an Erdgas-Heizger\u00e4ten k\u00f6nnen Sie sich darauf verlassen, dass Ihr Au\u00dfenbereich auch an k\u00fchleren Tagen eine warme und einladende Atmosph\u00e4re bietet.<\/p>\n<\/div><\/div>\n\n\n\n<div style=\"height:40px\" aria-hidden=\"true\" class=\"wp-block-spacer\"><\/div>\n\n\n<section class=\"blocks block-media-overlap alignwide \" id=\"block_2ac9b943a2877d084b3f7b3304b83ae7\">\n    <div class=\"heading\">\n                <h2><\/h2>\n    <\/div>\n    <div class=\"wrapper\">\n        <div class=\"media\"\n        data-rellax-speed=\"-2\"\n        data-rellax-xs-speed=\"0\"\n        data-rellax-mobile-speed=\"0\"\n        data-rellax-tablet-speed=\"0\"\n        data-rellax-desktop-speed=\"-2\"\n        data-rellax-percentage=\"0.5\">\n                    <\/div>\n        <div class=\"content\">\n                        \n\n<h6 class=\"wp-block-heading has-orange-color has-text-color\" style=\"font-size:18px\"><small>JETZT INDIVIDUELLEN OUTDOOR-HEIZTRAHL DESIGNEN<\/small><\/h6>\n\n\n\n<h2 class=\"wp-block-heading has-white-color has-text-color\"><strong>Welche Erdgas-Heizstrahler ist die richtige f\u00fcr Ihre Situation?<\/strong><\/h2>\n\n\n\n<p class=\"has-medium-font-size\">Sie wollen das passende Heizstrahler-Modell f\u00fcr Ihre Bed\u00fcrfnisse finden? Dann lassen Sie sich von uns umfassend beraten. Ob f\u00fcr den privaten oder gewerblichen Gebrauch \u2013 in einer individuellen Beratung treffen wir gemeinsam die optimale Wahl f\u00fcr Ihren Au\u00dfenbereich.<\/p>\n\n\n\n<div class=\"wp-block-buttons is-content-justification-left is-layout-flex wp-container-core-buttons-is-layout-fdcfc74e wp-block-buttons-is-layout-flex\">\n<div class=\"wp-block-button\"><a class=\"wp-block-button__link has-orange-background-color has-background wp-element-button\" href=\"\/de\/gestalten-sie-ihren-raum\/\">MIT DEM VERTRIEB SPRECHEN<\/a><\/div>\n<\/div>\n\n        <\/div>\n    <\/div>\n    <script>\n    jQuery(document).ready(function($){\n        var rellax = new Rellax('#block_2ac9b943a2877d084b3f7b3304b83ae7 .media', {\n            breakpoints:[480, 576, 1024]\n        });\n    });\n    <\/script>\n<\/section>\n\n\n\n<div style=\"height:100px\" aria-hidden=\"true\" class=\"wp-block-spacer\"><\/div>\n","protected":false},"excerpt":{"rendered":"<p>Bromic Erdgas-Heizstrahler repr\u00e4sentieren eine raffinierte L\u00f6sung, um den Au\u00dfenbereich auch in der k\u00fchleren Jahreszeit nutzen zu k\u00f6nnen. Sie vereinen stilvolles Design mit herausragender Funktionalit\u00e4t. Kommen Sie in den Genuss von erstklassigen Outdoor-Komfort mit den Erdgas-Heizstrahler Modellen von Bromic! PRODUKT\u00dcBERSICHT Unsere Kollektion von Erdgas-Terrassenheizungen Entdecken Sie unsere Kollektion an Erdgas-Heizstrahlern. Sie haben die Wahl zwischen drei [&hellip;]<\/p>\n","protected":false},"author":11,"featured_media":40834,"parent":54510,"menu_order":0,"comment_status":"closed","ping_status":"closed","template":"","meta":{"_acf_changed":false,"footnotes":""},"class_list":["post-54513","page","type-page","status-publish","has-post-thumbnail","hentry"],"acf":[],"yoast_head":"<!-- This site is optimized with the Yoast SEO plugin v26.1.1 - https:\/\/yoast.com\/wordpress\/plugins\/seo\/ -->\n<title>Erdgas-Heizstrahler f\u00fcr Au\u00dfen: Effizienz und Design - Bromic Heating Deutschland<\/title>\n<meta name=\"description\" content=\"Erleben Sie W\u00e4rme im Freien mit unseren hochwertigen Erdgas-Heizstrahlern f\u00fcr jeden Anlass. Steigern Sie den Komfort Ihres Gartens.\" \/>\n<meta name=\"robots\" content=\"index, follow, max-snippet:-1, max-image-preview:large, max-video-preview:-1\" \/>\n<link rel=\"canonical\" href=\"https:\/\/www-bromic-de.bromicpimstg.sites.hosting.454.agency\/de\/heizstrahler\/erdgas\/\" \/>\n<meta property=\"og:locale\" content=\"de_DE\" \/>\n<meta property=\"og:type\" content=\"article\" \/>\n<meta property=\"og:title\" content=\"Erdgas-Heizstrahler f\u00fcr Au\u00dfen: Effizienz und Design - Bromic Heating Deutschland\" \/>\n<meta property=\"og:description\" content=\"Erleben Sie W\u00e4rme im Freien mit unseren hochwertigen Erdgas-Heizstrahlern f\u00fcr jeden Anlass. Steigern Sie den Komfort Ihres Gartens.\" \/>\n<meta property=\"og:url\" content=\"https:\/\/www-bromic-de.bromicpimstg.sites.hosting.454.agency\/de\/heizstrahler\/erdgas\/\" \/>\n<meta property=\"og:site_name\" content=\"Bromic Heating Deutschland\" \/>\n<meta property=\"article:modified_time\" content=\"2024-02-23T02:02:27+00:00\" \/>\n<meta property=\"og:image\" content=\"https:\/\/www-bromic-de.bromicpimstg.sites.hosting.454.agency\/wp-content\/uploads\/sites\/9\/2023\/08\/eclipse_portable_residential-scene_web.jpg\" \/>\n\t<meta property=\"og:image:width\" content=\"2560\" \/>\n\t<meta property=\"og:image:height\" content=\"1706\" \/>\n\t<meta property=\"og:image:type\" content=\"image\/jpeg\" \/>\n<meta name=\"twitter:card\" content=\"summary_large_image\" \/>\n<meta name=\"twitter:label1\" content=\"Gesch\u00e4tzte Lesezeit\" \/>\n\t<meta name=\"twitter:data1\" content=\"4\u00a0Minuten\" \/>\n<script type=\"application\/ld+json\" class=\"yoast-schema-graph\">{\"@context\":\"https:\/\/schema.org\",\"@graph\":[{\"@type\":\"WebPage\",\"@id\":\"https:\/\/www-bromic-de.bromicpimstg.sites.hosting.454.agency\/de\/heizstrahler\/erdgas\/\",\"url\":\"https:\/\/www-bromic-de.bromicpimstg.sites.hosting.454.agency\/de\/heizstrahler\/erdgas\/\",\"name\":\"Erdgas-Heizstrahler f\u00fcr Au\u00dfen: Effizienz und Design - Bromic Heating Deutschland\",\"isPartOf\":{\"@id\":\"https:\/\/www-bromic-de.bromicpimstg.sites.hosting.454.agency\/de\/#website\"},\"primaryImageOfPage\":{\"@id\":\"https:\/\/www-bromic-de.bromicpimstg.sites.hosting.454.agency\/de\/heizstrahler\/erdgas\/#primaryimage\"},\"image\":{\"@id\":\"https:\/\/www-bromic-de.bromicpimstg.sites.hosting.454.agency\/de\/heizstrahler\/erdgas\/#primaryimage\"},\"thumbnailUrl\":\"https:\/\/www-bromic-de.bromicpimstg.sites.hosting.454.agency\/wp-content\/uploads\/sites\/9\/2023\/08\/eclipse_portable_residential-scene_web.jpg\",\"datePublished\":\"2023-12-27T17:20:30+00:00\",\"dateModified\":\"2024-02-23T02:02:27+00:00\",\"description\":\"Erleben Sie W\u00e4rme im Freien mit unseren hochwertigen Erdgas-Heizstrahlern f\u00fcr jeden Anlass. Steigern Sie den Komfort Ihres Gartens.\",\"breadcrumb\":{\"@id\":\"https:\/\/www-bromic-de.bromicpimstg.sites.hosting.454.agency\/de\/heizstrahler\/erdgas\/#breadcrumb\"},\"inLanguage\":\"de\",\"potentialAction\":[{\"@type\":\"ReadAction\",\"target\":[\"https:\/\/www-bromic-de.bromicpimstg.sites.hosting.454.agency\/de\/heizstrahler\/erdgas\/\"]}]},{\"@type\":\"ImageObject\",\"inLanguage\":\"de\",\"@id\":\"https:\/\/www-bromic-de.bromicpimstg.sites.hosting.454.agency\/de\/heizstrahler\/erdgas\/#primaryimage\",\"url\":\"https:\/\/www-bromic-de.bromicpimstg.sites.hosting.454.agency\/wp-content\/uploads\/sites\/9\/2023\/08\/eclipse_portable_residential-scene_web.jpg\",\"contentUrl\":\"https:\/\/www-bromic-de.bromicpimstg.sites.hosting.454.agency\/wp-content\/uploads\/sites\/9\/2023\/08\/eclipse_portable_residential-scene_web.jpg\",\"width\":2560,\"height\":1706,\"caption\":\"Residential Portable Outside Heaters - Bromic Eclipse Portable\"},{\"@type\":\"BreadcrumbList\",\"@id\":\"https:\/\/www-bromic-de.bromicpimstg.sites.hosting.454.agency\/de\/heizstrahler\/erdgas\/#breadcrumb\",\"itemListElement\":[{\"@type\":\"ListItem\",\"position\":1,\"name\":\"Startseite\",\"item\":\"https:\/\/www-bromic-de.bromicpimstg.sites.hosting.454.agency\/de\/\"},{\"@type\":\"ListItem\",\"position\":2,\"name\":\"Erdgas-Heizstrahler f\u00fcr den Au\u00dfenbereich\"}]},{\"@type\":\"WebSite\",\"@id\":\"https:\/\/www-bromic-de.bromicpimstg.sites.hosting.454.agency\/de\/#website\",\"url\":\"https:\/\/www-bromic-de.bromicpimstg.sites.hosting.454.agency\/de\/\",\"name\":\"Bromic Heating Deutschland\",\"description\":\"\",\"publisher\":{\"@id\":\"https:\/\/www-bromic-de.bromicpimstg.sites.hosting.454.agency\/de\/#organization\"},\"potentialAction\":[{\"@type\":\"SearchAction\",\"target\":{\"@type\":\"EntryPoint\",\"urlTemplate\":\"https:\/\/www-bromic-de.bromicpimstg.sites.hosting.454.agency\/de\/?s={search_term_string}\"},\"query-input\":{\"@type\":\"PropertyValueSpecification\",\"valueRequired\":true,\"valueName\":\"search_term_string\"}}],\"inLanguage\":\"de\"},{\"@type\":\"Organization\",\"@id\":\"https:\/\/www-bromic-de.bromicpimstg.sites.hosting.454.agency\/de\/#organization\",\"name\":\"Bromic Heating Deutschland\",\"url\":\"https:\/\/www-bromic-de.bromicpimstg.sites.hosting.454.agency\/de\/\",\"logo\":{\"@type\":\"ImageObject\",\"inLanguage\":\"de\",\"@id\":\"https:\/\/www-bromic-de.bromicpimstg.sites.hosting.454.agency\/de\/#\/schema\/logo\/image\/\",\"url\":\"https:\/\/www-bromic-de.bromicpimstg.sites.hosting.454.agency\/wp-content\/uploads\/sites\/9\/2021\/09\/bromic-logo.png\",\"contentUrl\":\"https:\/\/www-bromic-de.bromicpimstg.sites.hosting.454.agency\/wp-content\/uploads\/sites\/9\/2021\/09\/bromic-logo.png\",\"width\":1000,\"height\":342,\"caption\":\"Bromic Heating Deutschland\"},\"image\":{\"@id\":\"https:\/\/www-bromic-de.bromicpimstg.sites.hosting.454.agency\/de\/#\/schema\/logo\/image\/\"}}]}<\/script>\n<!-- \/ Yoast SEO plugin. -->","yoast_head_json":{"title":"Erdgas-Heizstrahler f\u00fcr Au\u00dfen: Effizienz und Design - Bromic Heating Deutschland","description":"Erleben Sie W\u00e4rme im Freien mit unseren hochwertigen Erdgas-Heizstrahlern f\u00fcr jeden Anlass. Steigern Sie den Komfort Ihres Gartens.","robots":{"index":"index","follow":"follow","max-snippet":"max-snippet:-1","max-image-preview":"max-image-preview:large","max-video-preview":"max-video-preview:-1"},"canonical":"https:\/\/www-bromic-de.bromicpimstg.sites.hosting.454.agency\/de\/heizstrahler\/erdgas\/","og_locale":"de_DE","og_type":"article","og_title":"Erdgas-Heizstrahler f\u00fcr Au\u00dfen: Effizienz und Design - Bromic Heating Deutschland","og_description":"Erleben Sie W\u00e4rme im Freien mit unseren hochwertigen Erdgas-Heizstrahlern f\u00fcr jeden Anlass. Steigern Sie den Komfort Ihres Gartens.","og_url":"https:\/\/www-bromic-de.bromicpimstg.sites.hosting.454.agency\/de\/heizstrahler\/erdgas\/","og_site_name":"Bromic Heating Deutschland","article_modified_time":"2024-02-23T02:02:27+00:00","og_image":[{"width":2560,"height":1706,"url":"https:\/\/www-bromic-de.bromicpimstg.sites.hosting.454.agency\/wp-content\/uploads\/sites\/9\/2023\/08\/eclipse_portable_residential-scene_web.jpg","type":"image\/jpeg"}],"twitter_card":"summary_large_image","twitter_misc":{"Gesch\u00e4tzte Lesezeit":"4\u00a0Minuten"},"schema":{"@context":"https:\/\/schema.org","@graph":[{"@type":"WebPage","@id":"https:\/\/www-bromic-de.bromicpimstg.sites.hosting.454.agency\/de\/heizstrahler\/erdgas\/","url":"https:\/\/www-bromic-de.bromicpimstg.sites.hosting.454.agency\/de\/heizstrahler\/erdgas\/","name":"Erdgas-Heizstrahler f\u00fcr Au\u00dfen: Effizienz und Design - Bromic Heating Deutschland","isPartOf":{"@id":"https:\/\/www-bromic-de.bromicpimstg.sites.hosting.454.agency\/de\/#website"},"primaryImageOfPage":{"@id":"https:\/\/www-bromic-de.bromicpimstg.sites.hosting.454.agency\/de\/heizstrahler\/erdgas\/#primaryimage"},"image":{"@id":"https:\/\/www-bromic-de.bromicpimstg.sites.hosting.454.agency\/de\/heizstrahler\/erdgas\/#primaryimage"},"thumbnailUrl":"https:\/\/www-bromic-de.bromicpimstg.sites.hosting.454.agency\/wp-content\/uploads\/sites\/9\/2023\/08\/eclipse_portable_residential-scene_web.jpg","datePublished":"2023-12-27T17:20:30+00:00","dateModified":"2024-02-23T02:02:27+00:00","description":"Erleben Sie W\u00e4rme im Freien mit unseren hochwertigen Erdgas-Heizstrahlern f\u00fcr jeden Anlass. Steigern Sie den Komfort Ihres Gartens.","breadcrumb":{"@id":"https:\/\/www-bromic-de.bromicpimstg.sites.hosting.454.agency\/de\/heizstrahler\/erdgas\/#breadcrumb"},"inLanguage":"de","potentialAction":[{"@type":"ReadAction","target":["https:\/\/www-bromic-de.bromicpimstg.sites.hosting.454.agency\/de\/heizstrahler\/erdgas\/"]}]},{"@type":"ImageObject","inLanguage":"de","@id":"https:\/\/www-bromic-de.bromicpimstg.sites.hosting.454.agency\/de\/heizstrahler\/erdgas\/#primaryimage","url":"https:\/\/www-bromic-de.bromicpimstg.sites.hosting.454.agency\/wp-content\/uploads\/sites\/9\/2023\/08\/eclipse_portable_residential-scene_web.jpg","contentUrl":"https:\/\/www-bromic-de.bromicpimstg.sites.hosting.454.agency\/wp-content\/uploads\/sites\/9\/2023\/08\/eclipse_portable_residential-scene_web.jpg","width":2560,"height":1706,"caption":"Residential Portable Outside Heaters - Bromic Eclipse Portable"},{"@type":"BreadcrumbList","@id":"https:\/\/www-bromic-de.bromicpimstg.sites.hosting.454.agency\/de\/heizstrahler\/erdgas\/#breadcrumb","itemListElement":[{"@type":"ListItem","position":1,"name":"Startseite","item":"https:\/\/www-bromic-de.bromicpimstg.sites.hosting.454.agency\/de\/"},{"@type":"ListItem","position":2,"name":"Erdgas-Heizstrahler f\u00fcr den Au\u00dfenbereich"}]},{"@type":"WebSite","@id":"https:\/\/www-bromic-de.bromicpimstg.sites.hosting.454.agency\/de\/#website","url":"https:\/\/www-bromic-de.bromicpimstg.sites.hosting.454.agency\/de\/","name":"Bromic Heating Deutschland","description":"","publisher":{"@id":"https:\/\/www-bromic-de.bromicpimstg.sites.hosting.454.agency\/de\/#organization"},"potentialAction":[{"@type":"SearchAction","target":{"@type":"EntryPoint","urlTemplate":"https:\/\/www-bromic-de.bromicpimstg.sites.hosting.454.agency\/de\/?s={search_term_string}"},"query-input":{"@type":"PropertyValueSpecification","valueRequired":true,"valueName":"search_term_string"}}],"inLanguage":"de"},{"@type":"Organization","@id":"https:\/\/www-bromic-de.bromicpimstg.sites.hosting.454.agency\/de\/#organization","name":"Bromic Heating Deutschland","url":"https:\/\/www-bromic-de.bromicpimstg.sites.hosting.454.agency\/de\/","logo":{"@type":"ImageObject","inLanguage":"de","@id":"https:\/\/www-bromic-de.bromicpimstg.sites.hosting.454.agency\/de\/#\/schema\/logo\/image\/","url":"https:\/\/www-bromic-de.bromicpimstg.sites.hosting.454.agency\/wp-content\/uploads\/sites\/9\/2021\/09\/bromic-logo.png","contentUrl":"https:\/\/www-bromic-de.bromicpimstg.sites.hosting.454.agency\/wp-content\/uploads\/sites\/9\/2021\/09\/bromic-logo.png","width":1000,"height":342,"caption":"Bromic Heating Deutschland"},"image":{"@id":"https:\/\/www-bromic-de.bromicpimstg.sites.hosting.454.agency\/de\/#\/schema\/logo\/image\/"}}]}},"_links":{"self":[{"href":"https:\/\/www-bromic-de.bromicpimstg.sites.hosting.454.agency\/de\/wp-json\/wp\/v2\/pages\/54513","targetHints":{"allow":["GET"]}}],"collection":[{"href":"https:\/\/www-bromic-de.bromicpimstg.sites.hosting.454.agency\/de\/wp-json\/wp\/v2\/pages"}],"about":[{"href":"https:\/\/www-bromic-de.bromicpimstg.sites.hosting.454.agency\/de\/wp-json\/wp\/v2\/types\/page"}],"author":[{"embeddable":true,"href":"https:\/\/www-bromic-de.bromicpimstg.sites.hosting.454.agency\/de\/wp-json\/wp\/v2\/users\/11"}],"replies":[{"embeddable":true,"href":"https:\/\/www-bromic-de.bromicpimstg.sites.hosting.454.agency\/de\/wp-json\/wp\/v2\/comments?post=54513"}],"version-history":[{"count":0,"href":"https:\/\/www-bromic-de.bromicpimstg.sites.hosting.454.agency\/de\/wp-json\/wp\/v2\/pages\/54513\/revisions"}],"up":[{"embeddable":true,"href":"https:\/\/www-bromic-de.bromicpimstg.sites.hosting.454.agency\/de\/wp-json\/wp\/v2\/pages\/54510"}],"wp:featuredmedia":[{"embeddable":true,"href":"https:\/\/www-bromic-de.bromicpimstg.sites.hosting.454.agency\/de\/wp-json\/wp\/v2\/media\/40834"}],"wp:attachment":[{"href":"https:\/\/www-bromic-de.bromicpimstg.sites.hosting.454.agency\/de\/wp-json\/wp\/v2\/media?parent=54513"}],"curies":[{"name":"wp","href":"https:\/\/api.w.org\/{rel}","templated":true}]}}